{"id":153,"date":"2024-03-14T14:35:13","date_gmt":"2024-03-14T14:35:13","guid":{"rendered":"https:\/\/denlillegarnfabrikken.no\/?post_type=product&#038;p=153"},"modified":"2024-03-14T14:35:13","modified_gmt":"2024-03-14T14:35:13","slug":"tydalsgenseren-dlg-24-001","status":"publish","type":"product","link":"http:\/\/denlillegarnfabrikken.no\/?product=tydalsgenseren-dlg-24-001","title":{"rendered":"Tydalsgenseren DLG 24-001"},"content":{"rendered":"<p><strong>St\u00f8rrelser<\/strong><br \/>\nXXS (XS) S (M) L (XL) 2XL (3XL)<\/p>\n<p><strong>Plaggets m\u00e5l<\/strong><br \/>\nOvervidde: ca 76 (87) 98 (109) 120 (131) 142 (152) cm.<br \/>\nHel lengde, m\u00e5lt til uk halskant midt p\u00e5: ca 61 (61)) 61 (61) 64 (64) 64 (64) cm.<br \/>\nErmelengde: ca 48 (48) 48 (48) 51 (51) 51 (51) cm, tilpasset lus p\u00e5 bolen<\/p>\n<p><strong>Strikkefasthet<\/strong><br \/>\n22 m glattstrikk p\u00e5 pinne nr. 4 = 10 cm.<\/p>\n<p><strong>Anbefalte pinner<\/strong><br \/>\nRundpinne 80 cm nr 3,5 og 4<br \/>\nStr\u00f8mpepinner nr 3,5 og 4<\/p>\n<p><strong>Garn<\/strong><br \/>\nSportsull fra Den lille Garnfabrikken, 100% ren ny superwash ull; 50 g = ca 100 m.<\/p>\n<p><strong>Garnmengde<\/strong><br \/>\n3400 Hvit &#8211; 8 (9) 10 (11) 12 (13) 14 (15) n\u00f8ster<br \/>\n3401 Sort &#8211; 2 (3) 3 (4) 4 (5) 5 (5) n\u00f8ster<\/p>\n","protected":false},"excerpt":{"rendered":"<p>St\u00f8rrelser XXS (XS) S (M) L (XL) 2XL (3XL) Plaggets m\u00e5l Overvidde: ca 76 (87) 98 (109) 120 (131) 142 (152) cm. Hel lengde, m\u00e5lt til uk halskant midt p\u00e5: [&hellip;]<\/p>\n","protected":false},"featured_media":154,"comment_status":"open","ping_status":"closed","template":"","meta":[],"product_cat":[17],"product_tag":[27,69],"class_list":{"0":"post-153","1":"product","2":"type-product","3":"status-publish","4":"has-post-thumbnail","6":"product_cat-gensere","7":"product_tag-genser","8":"product_tag-tydal","10":"first","11":"instock","12":"shipping-taxable","13":"product-type-external"},"yoast_head":"<!-- This site is optimized with the Yoast SEO plugin v21.3 - https:\/\/yoast.com\/wordpress\/plugins\/seo\/ -->\n<title>Tydalsgenseren DLG 24-001 - Den lille garnfabrikken<\/title>\n<meta name=\"robots\" content=\"index, follow, max-snippet:-1, max-image-preview:large, max-video-preview:-1\" \/>\n<link rel=\"canonical\" href=\"https:\/\/denlillegarnfabrikken.no\/?product=tydalsgenseren-dlg-24-001\" \/>\n<meta property=\"og:locale\" content=\"nb_NO\" \/>\n<meta property=\"og:type\" content=\"article\" \/>\n<meta property=\"og:title\" content=\"Tydalsgenseren DLG 24-001 - Den lille garnfabrikken\" \/>\n<meta property=\"og:description\" content=\"St\u00f8rrelser XXS (XS) S (M) L (XL) 2XL (3XL) Plaggets m\u00e5l Overvidde: ca 76 (87) 98 (109) 120 (131) 142 (152) cm. Hel lengde, m\u00e5lt til uk halskant midt p\u00e5: [&hellip;]\" \/>\n<meta property=\"og:url\" content=\"https:\/\/denlillegarnfabrikken.no\/?product=tydalsgenseren-dlg-24-001\" \/>\n<meta property=\"og:site_name\" content=\"Den lille garnfabrikken\" \/>\n<meta property=\"og:image\" content=\"https:\/\/denlillegarnfabrikken.no\/wp-content\/uploads\/2024\/03\/DLG-24-001-3400-Tydalsgenseren-102.jpg\" \/>\n\t<meta property=\"og:image:width\" content=\"1000\" \/>\n\t<meta property=\"og:image:height\" content=\"1000\" \/>\n\t<meta property=\"og:image:type\" content=\"image\/jpeg\" \/>\n<meta name=\"twitter:card\" content=\"summary_large_image\" \/>\n<meta name=\"twitter:label1\" content=\"Ansl. lesetid\" \/>\n\t<meta name=\"twitter:data1\" content=\"1 minutt\" \/>\n<script type=\"application\/ld+json\" class=\"yoast-schema-graph\">{\"@context\":\"https:\/\/schema.org\",\"@graph\":[{\"@type\":\"WebPage\",\"@id\":\"https:\/\/denlillegarnfabrikken.no\/?product=tydalsgenseren-dlg-24-001\",\"url\":\"https:\/\/denlillegarnfabrikken.no\/?product=tydalsgenseren-dlg-24-001\",\"name\":\"Tydalsgenseren DLG 24-001 - Den lille garnfabrikken\",\"isPartOf\":{\"@id\":\"http:\/\/denlillegarnfabrikken.no\/#website\"},\"datePublished\":\"2024-03-14T14:35:13+00:00\",\"dateModified\":\"2024-03-14T14:35:13+00:00\",\"breadcrumb\":{\"@id\":\"https:\/\/denlillegarnfabrikken.no\/?product=tydalsgenseren-dlg-24-001#breadcrumb\"},\"inLanguage\":\"nb-NO\",\"potentialAction\":[{\"@type\":\"ReadAction\",\"target\":[\"https:\/\/denlillegarnfabrikken.no\/?product=tydalsgenseren-dlg-24-001\"]}]},{\"@type\":\"BreadcrumbList\",\"@id\":\"https:\/\/denlillegarnfabrikken.no\/?product=tydalsgenseren-dlg-24-001#breadcrumb\",\"itemListElement\":[{\"@type\":\"ListItem\",\"position\":1,\"name\":\"Home\",\"item\":\"http:\/\/denlillegarnfabrikken.no\/\"},{\"@type\":\"ListItem\",\"position\":2,\"name\":\"Butikk\",\"item\":\"http:\/\/denlillegarnfabrikken.no\/?page_id=7\"},{\"@type\":\"ListItem\",\"position\":3,\"name\":\"Tydalsgenseren DLG 24-001\"}]},{\"@type\":\"WebSite\",\"@id\":\"http:\/\/denlillegarnfabrikken.no\/#website\",\"url\":\"http:\/\/denlillegarnfabrikken.no\/\",\"name\":\"Den lille garnfabrikken\",\"description\":\"\",\"publisher\":{\"@id\":\"http:\/\/denlillegarnfabrikken.no\/#organization\"},\"potentialAction\":[{\"@type\":\"SearchAction\",\"target\":{\"@type\":\"EntryPoint\",\"urlTemplate\":\"http:\/\/denlillegarnfabrikken.no\/?s={search_term_string}\"},\"query-input\":\"required name=search_term_string\"}],\"inLanguage\":\"nb-NO\"},{\"@type\":\"Organization\",\"@id\":\"http:\/\/denlillegarnfabrikken.no\/#organization\",\"name\":\"Den lille garnfabrikken\",\"url\":\"http:\/\/denlillegarnfabrikken.no\/\",\"logo\":{\"@type\":\"ImageObject\",\"inLanguage\":\"nb-NO\",\"@id\":\"http:\/\/denlillegarnfabrikken.no\/#\/schema\/logo\/image\/\",\"url\":\"http:\/\/denlillegarnfabrikken.no\/wp-content\/uploads\/2023\/10\/cropped-logotest.jpg\",\"contentUrl\":\"http:\/\/denlillegarnfabrikken.no\/wp-content\/uploads\/2023\/10\/cropped-logotest.jpg\",\"width\":500,\"height\":500,\"caption\":\"Den lille garnfabrikken\"},\"image\":{\"@id\":\"http:\/\/denlillegarnfabrikken.no\/#\/schema\/logo\/image\/\"}}]}<\/script>\n<!-- \/ Yoast SEO plugin. -->","yoast_head_json":{"title":"Tydalsgenseren DLG 24-001 - Den lille garnfabrikken","robots":{"index":"index","follow":"follow","max-snippet":"max-snippet:-1","max-image-preview":"max-image-preview:large","max-video-preview":"max-video-preview:-1"},"canonical":"https:\/\/denlillegarnfabrikken.no\/?product=tydalsgenseren-dlg-24-001","og_locale":"nb_NO","og_type":"article","og_title":"Tydalsgenseren DLG 24-001 - Den lille garnfabrikken","og_description":"St\u00f8rrelser XXS (XS) S (M) L (XL) 2XL (3XL) Plaggets m\u00e5l Overvidde: ca 76 (87) 98 (109) 120 (131) 142 (152) cm. Hel lengde, m\u00e5lt til uk halskant midt p\u00e5: [&hellip;]","og_url":"https:\/\/denlillegarnfabrikken.no\/?product=tydalsgenseren-dlg-24-001","og_site_name":"Den lille garnfabrikken","og_image":[{"width":1000,"height":1000,"url":"https:\/\/denlillegarnfabrikken.no\/wp-content\/uploads\/2024\/03\/DLG-24-001-3400-Tydalsgenseren-102.jpg","type":"image\/jpeg"}],"twitter_card":"summary_large_image","twitter_misc":{"Ansl. lesetid":"1 minutt"},"schema":{"@context":"https:\/\/schema.org","@graph":[{"@type":"WebPage","@id":"https:\/\/denlillegarnfabrikken.no\/?product=tydalsgenseren-dlg-24-001","url":"https:\/\/denlillegarnfabrikken.no\/?product=tydalsgenseren-dlg-24-001","name":"Tydalsgenseren DLG 24-001 - Den lille garnfabrikken","isPartOf":{"@id":"http:\/\/denlillegarnfabrikken.no\/#website"},"datePublished":"2024-03-14T14:35:13+00:00","dateModified":"2024-03-14T14:35:13+00:00","breadcrumb":{"@id":"https:\/\/denlillegarnfabrikken.no\/?product=tydalsgenseren-dlg-24-001#breadcrumb"},"inLanguage":"nb-NO","potentialAction":[{"@type":"ReadAction","target":["https:\/\/denlillegarnfabrikken.no\/?product=tydalsgenseren-dlg-24-001"]}]},{"@type":"BreadcrumbList","@id":"https:\/\/denlillegarnfabrikken.no\/?product=tydalsgenseren-dlg-24-001#breadcrumb","itemListElement":[{"@type":"ListItem","position":1,"name":"Home","item":"http:\/\/denlillegarnfabrikken.no\/"},{"@type":"ListItem","position":2,"name":"Butikk","item":"http:\/\/denlillegarnfabrikken.no\/?page_id=7"},{"@type":"ListItem","position":3,"name":"Tydalsgenseren DLG 24-001"}]},{"@type":"WebSite","@id":"http:\/\/denlillegarnfabrikken.no\/#website","url":"http:\/\/denlillegarnfabrikken.no\/","name":"Den lille garnfabrikken","description":"","publisher":{"@id":"http:\/\/denlillegarnfabrikken.no\/#organization"},"potentialAction":[{"@type":"SearchAction","target":{"@type":"EntryPoint","urlTemplate":"http:\/\/denlillegarnfabrikken.no\/?s={search_term_string}"},"query-input":"required name=search_term_string"}],"inLanguage":"nb-NO"},{"@type":"Organization","@id":"http:\/\/denlillegarnfabrikken.no\/#organization","name":"Den lille garnfabrikken","url":"http:\/\/denlillegarnfabrikken.no\/","logo":{"@type":"ImageObject","inLanguage":"nb-NO","@id":"http:\/\/denlillegarnfabrikken.no\/#\/schema\/logo\/image\/","url":"http:\/\/denlillegarnfabrikken.no\/wp-content\/uploads\/2023\/10\/cropped-logotest.jpg","contentUrl":"http:\/\/denlillegarnfabrikken.no\/wp-content\/uploads\/2023\/10\/cropped-logotest.jpg","width":500,"height":500,"caption":"Den lille garnfabrikken"},"image":{"@id":"http:\/\/denlillegarnfabrikken.no\/#\/schema\/logo\/image\/"}}]}},"_links":{"self":[{"href":"http:\/\/denlillegarnfabrikken.no\/index.php?rest_route=\/wp\/v2\/product\/153","targetHints":{"allow":["GET"]}}],"collection":[{"href":"http:\/\/denlillegarnfabrikken.no\/index.php?rest_route=\/wp\/v2\/product"}],"about":[{"href":"http:\/\/denlillegarnfabrikken.no\/index.php?rest_route=\/wp\/v2\/types\/product"}],"replies":[{"embeddable":true,"href":"http:\/\/denlillegarnfabrikken.no\/index.php?rest_route=%2Fwp%2Fv2%2Fcomments&post=153"}],"wp:featuredmedia":[{"embeddable":true,"href":"http:\/\/denlillegarnfabrikken.no\/index.php?rest_route=\/wp\/v2\/media\/154"}],"wp:attachment":[{"href":"http:\/\/denlillegarnfabrikken.no\/index.php?rest_route=%2Fwp%2Fv2%2Fmedia&parent=153"}],"wp:term":[{"taxonomy":"product_cat","embeddable":true,"href":"http:\/\/denlillegarnfabrikken.no\/index.php?rest_route=%2Fwp%2Fv2%2Fproduct_cat&post=153"},{"taxonomy":"product_tag","embeddable":true,"href":"http:\/\/denlillegarnfabrikken.no\/index.php?rest_route=%2Fwp%2Fv2%2Fproduct_tag&post=153"}],"curies":[{"name":"wp","href":"https:\/\/api.w.org\/{rel}","templated":true}]}}