{"id":97,"date":"2023-11-24T14:49:42","date_gmt":"2023-11-24T14:49:42","guid":{"rendered":"https:\/\/denlillegarnfabrikken.no\/?post_type=product&#038;p=97"},"modified":"2023-11-24T14:49:43","modified_gmt":"2023-11-24T14:49:43","slug":"grantregenseren-dlg-23-023","status":"publish","type":"product","link":"http:\/\/denlillegarnfabrikken.no\/?product=grantregenseren-dlg-23-023","title":{"rendered":"Grantregenseren DLG 23-023"},"content":{"rendered":"<p><strong>St\u00f8rrelse:<\/strong>\u00a0S (M) L (XL) XXL (XXXL)<br \/>\n<strong>Overvidde<\/strong>\u00a0ca: 99 (109) 115 (125) 132 (142) cm<br \/>\n<strong>Hel lengde ca:\u00a0<\/strong>66 (68) 70 (72) 74 (76) cm<br \/>\n<strong>Ermelengde\u00a0<\/strong>ca: 48 (50) 51 (52) 52 (53) cm NB! Tilpasses b\u00e5de m\u00f8nsterrapport og \u00f8nsket lengde!<\/p>\n<p>Sportsull fra Den Lille Garnfabrikken<br \/>\nFarge 3489 \u2013 Army gr\u00f8nn \u2013 8 (9) 10 (11) 12 (13) n\u00f8ster<br \/>\nFarge 3462 \u2013 V\u00e5rgr\u00f8nn \u2013 5 (6) 7 (8) 9 (10) n\u00f8ster<\/p>\n<p><strong>Strikkefashet:<\/strong><br \/>\n22 m = 10 cm p\u00e5 pinne 4<br \/>\nNB! Sjekk strikkefasthet i forhold til m\u00f8nster for vellykket resultat!<\/p>\n<p><strong>Pinner:<\/strong><br \/>\nRundpinne nr 3,5 og 4 \u2013 80 cm<br \/>\nStr\u00f8mpepinner 3,5 og 4<\/p>\n","protected":false},"excerpt":{"rendered":"<p>St\u00f8rrelse:\u00a0S (M) L (XL) XXL (XXXL) Overvidde\u00a0ca: 99 (109) 115 (125) 132 (142) cm Hel lengde ca:\u00a066 (68) 70 (72) 74 (76) cm Ermelengde\u00a0ca: 48 (50) 51 (52) 52 (53) [&hellip;]<\/p>\n","protected":false},"featured_media":98,"comment_status":"open","ping_status":"closed","template":"","meta":[],"product_cat":[17],"product_tag":[53],"class_list":{"0":"post-97","1":"product","2":"type-product","3":"status-publish","4":"has-post-thumbnail","6":"product_cat-gensere","7":"product_tag-grantre","9":"first","10":"instock","11":"shipping-taxable","12":"product-type-external"},"yoast_head":"<!-- This site is optimized with the Yoast SEO plugin v21.3 - https:\/\/yoast.com\/wordpress\/plugins\/seo\/ -->\n<title>Grantregenseren DLG 23-023 - Den lille garnfabrikken<\/title>\n<meta name=\"robots\" content=\"index, follow, max-snippet:-1, max-image-preview:large, max-video-preview:-1\" \/>\n<link rel=\"canonical\" href=\"http:\/\/denlillegarnfabrikken.no\/?product=grantregenseren-dlg-23-023\" \/>\n<meta property=\"og:locale\" content=\"nb_NO\" \/>\n<meta property=\"og:type\" content=\"article\" \/>\n<meta property=\"og:title\" content=\"Grantregenseren DLG 23-023 - Den lille garnfabrikken\" \/>\n<meta property=\"og:description\" content=\"St\u00f8rrelse:\u00a0S (M) L (XL) XXL (XXXL) Overvidde\u00a0ca: 99 (109) 115 (125) 132 (142) cm Hel lengde ca:\u00a066 (68) 70 (72) 74 (76) cm Ermelengde\u00a0ca: 48 (50) 51 (52) 52 (53) [&hellip;]\" \/>\n<meta property=\"og:url\" content=\"http:\/\/denlillegarnfabrikken.no\/?product=grantregenseren-dlg-23-023\" \/>\n<meta property=\"og:site_name\" content=\"Den lille garnfabrikken\" \/>\n<meta property=\"article:modified_time\" content=\"2023-11-24T14:49:43+00:00\" \/>\n<meta property=\"og:image\" content=\"http:\/\/denlillegarnfabrikken.no\/wp-content\/uploads\/2023\/11\/DLG-23-023-Grantregenseren-101.jpg\" \/>\n\t<meta property=\"og:image:width\" content=\"1000\" \/>\n\t<meta property=\"og:image:height\" content=\"1000\" \/>\n\t<meta property=\"og:image:type\" content=\"image\/jpeg\" \/>\n<meta name=\"twitter:card\" content=\"summary_large_image\" \/>\n<meta name=\"twitter:label1\" content=\"Ansl. lesetid\" \/>\n\t<meta name=\"twitter:data1\" content=\"1 minutt\" \/>\n<script type=\"application\/ld+json\" class=\"yoast-schema-graph\">{\"@context\":\"https:\/\/schema.org\",\"@graph\":[{\"@type\":\"WebPage\",\"@id\":\"http:\/\/denlillegarnfabrikken.no\/?product=grantregenseren-dlg-23-023\",\"url\":\"http:\/\/denlillegarnfabrikken.no\/?product=grantregenseren-dlg-23-023\",\"name\":\"Grantregenseren DLG 23-023 - Den lille garnfabrikken\",\"isPartOf\":{\"@id\":\"http:\/\/denlillegarnfabrikken.no\/#website\"},\"datePublished\":\"2023-11-24T14:49:42+00:00\",\"dateModified\":\"2023-11-24T14:49:43+00:00\",\"breadcrumb\":{\"@id\":\"http:\/\/denlillegarnfabrikken.no\/?product=grantregenseren-dlg-23-023#breadcrumb\"},\"inLanguage\":\"nb-NO\",\"potentialAction\":[{\"@type\":\"ReadAction\",\"target\":[\"http:\/\/denlillegarnfabrikken.no\/?product=grantregenseren-dlg-23-023\"]}]},{\"@type\":\"BreadcrumbList\",\"@id\":\"http:\/\/denlillegarnfabrikken.no\/?product=grantregenseren-dlg-23-023#breadcrumb\",\"itemListElement\":[{\"@type\":\"ListItem\",\"position\":1,\"name\":\"Home\",\"item\":\"http:\/\/denlillegarnfabrikken.no\/\"},{\"@type\":\"ListItem\",\"position\":2,\"name\":\"Butikk\",\"item\":\"http:\/\/denlillegarnfabrikken.no\/?page_id=7\"},{\"@type\":\"ListItem\",\"position\":3,\"name\":\"Grantregenseren DLG 23-023\"}]},{\"@type\":\"WebSite\",\"@id\":\"http:\/\/denlillegarnfabrikken.no\/#website\",\"url\":\"http:\/\/denlillegarnfabrikken.no\/\",\"name\":\"Den lille garnfabrikken\",\"description\":\"\",\"publisher\":{\"@id\":\"http:\/\/denlillegarnfabrikken.no\/#organization\"},\"potentialAction\":[{\"@type\":\"SearchAction\",\"target\":{\"@type\":\"EntryPoint\",\"urlTemplate\":\"http:\/\/denlillegarnfabrikken.no\/?s={search_term_string}\"},\"query-input\":\"required name=search_term_string\"}],\"inLanguage\":\"nb-NO\"},{\"@type\":\"Organization\",\"@id\":\"http:\/\/denlillegarnfabrikken.no\/#organization\",\"name\":\"Den lille garnfabrikken\",\"url\":\"http:\/\/denlillegarnfabrikken.no\/\",\"logo\":{\"@type\":\"ImageObject\",\"inLanguage\":\"nb-NO\",\"@id\":\"http:\/\/denlillegarnfabrikken.no\/#\/schema\/logo\/image\/\",\"url\":\"http:\/\/denlillegarnfabrikken.no\/wp-content\/uploads\/2023\/10\/cropped-logotest.jpg\",\"contentUrl\":\"http:\/\/denlillegarnfabrikken.no\/wp-content\/uploads\/2023\/10\/cropped-logotest.jpg\",\"width\":500,\"height\":500,\"caption\":\"Den lille garnfabrikken\"},\"image\":{\"@id\":\"http:\/\/denlillegarnfabrikken.no\/#\/schema\/logo\/image\/\"}}]}<\/script>\n<!-- \/ Yoast SEO plugin. -->","yoast_head_json":{"title":"Grantregenseren DLG 23-023 - Den lille garnfabrikken","robots":{"index":"index","follow":"follow","max-snippet":"max-snippet:-1","max-image-preview":"max-image-preview:large","max-video-preview":"max-video-preview:-1"},"canonical":"http:\/\/denlillegarnfabrikken.no\/?product=grantregenseren-dlg-23-023","og_locale":"nb_NO","og_type":"article","og_title":"Grantregenseren DLG 23-023 - Den lille garnfabrikken","og_description":"St\u00f8rrelse:\u00a0S (M) L (XL) XXL (XXXL) Overvidde\u00a0ca: 99 (109) 115 (125) 132 (142) cm Hel lengde ca:\u00a066 (68) 70 (72) 74 (76) cm Ermelengde\u00a0ca: 48 (50) 51 (52) 52 (53) [&hellip;]","og_url":"http:\/\/denlillegarnfabrikken.no\/?product=grantregenseren-dlg-23-023","og_site_name":"Den lille garnfabrikken","article_modified_time":"2023-11-24T14:49:43+00:00","og_image":[{"width":1000,"height":1000,"url":"http:\/\/denlillegarnfabrikken.no\/wp-content\/uploads\/2023\/11\/DLG-23-023-Grantregenseren-101.jpg","type":"image\/jpeg"}],"twitter_card":"summary_large_image","twitter_misc":{"Ansl. lesetid":"1 minutt"},"schema":{"@context":"https:\/\/schema.org","@graph":[{"@type":"WebPage","@id":"http:\/\/denlillegarnfabrikken.no\/?product=grantregenseren-dlg-23-023","url":"http:\/\/denlillegarnfabrikken.no\/?product=grantregenseren-dlg-23-023","name":"Grantregenseren DLG 23-023 - Den lille garnfabrikken","isPartOf":{"@id":"http:\/\/denlillegarnfabrikken.no\/#website"},"datePublished":"2023-11-24T14:49:42+00:00","dateModified":"2023-11-24T14:49:43+00:00","breadcrumb":{"@id":"http:\/\/denlillegarnfabrikken.no\/?product=grantregenseren-dlg-23-023#breadcrumb"},"inLanguage":"nb-NO","potentialAction":[{"@type":"ReadAction","target":["http:\/\/denlillegarnfabrikken.no\/?product=grantregenseren-dlg-23-023"]}]},{"@type":"BreadcrumbList","@id":"http:\/\/denlillegarnfabrikken.no\/?product=grantregenseren-dlg-23-023#breadcrumb","itemListElement":[{"@type":"ListItem","position":1,"name":"Home","item":"http:\/\/denlillegarnfabrikken.no\/"},{"@type":"ListItem","position":2,"name":"Butikk","item":"http:\/\/denlillegarnfabrikken.no\/?page_id=7"},{"@type":"ListItem","position":3,"name":"Grantregenseren DLG 23-023"}]},{"@type":"WebSite","@id":"http:\/\/denlillegarnfabrikken.no\/#website","url":"http:\/\/denlillegarnfabrikken.no\/","name":"Den lille garnfabrikken","description":"","publisher":{"@id":"http:\/\/denlillegarnfabrikken.no\/#organization"},"potentialAction":[{"@type":"SearchAction","target":{"@type":"EntryPoint","urlTemplate":"http:\/\/denlillegarnfabrikken.no\/?s={search_term_string}"},"query-input":"required name=search_term_string"}],"inLanguage":"nb-NO"},{"@type":"Organization","@id":"http:\/\/denlillegarnfabrikken.no\/#organization","name":"Den lille garnfabrikken","url":"http:\/\/denlillegarnfabrikken.no\/","logo":{"@type":"ImageObject","inLanguage":"nb-NO","@id":"http:\/\/denlillegarnfabrikken.no\/#\/schema\/logo\/image\/","url":"http:\/\/denlillegarnfabrikken.no\/wp-content\/uploads\/2023\/10\/cropped-logotest.jpg","contentUrl":"http:\/\/denlillegarnfabrikken.no\/wp-content\/uploads\/2023\/10\/cropped-logotest.jpg","width":500,"height":500,"caption":"Den lille garnfabrikken"},"image":{"@id":"http:\/\/denlillegarnfabrikken.no\/#\/schema\/logo\/image\/"}}]}},"_links":{"self":[{"href":"http:\/\/denlillegarnfabrikken.no\/index.php?rest_route=\/wp\/v2\/product\/97","targetHints":{"allow":["GET"]}}],"collection":[{"href":"http:\/\/denlillegarnfabrikken.no\/index.php?rest_route=\/wp\/v2\/product"}],"about":[{"href":"http:\/\/denlillegarnfabrikken.no\/index.php?rest_route=\/wp\/v2\/types\/product"}],"replies":[{"embeddable":true,"href":"http:\/\/denlillegarnfabrikken.no\/index.php?rest_route=%2Fwp%2Fv2%2Fcomments&post=97"}],"wp:featuredmedia":[{"embeddable":true,"href":"http:\/\/denlillegarnfabrikken.no\/index.php?rest_route=\/wp\/v2\/media\/98"}],"wp:attachment":[{"href":"http:\/\/denlillegarnfabrikken.no\/index.php?rest_route=%2Fwp%2Fv2%2Fmedia&parent=97"}],"wp:term":[{"taxonomy":"product_cat","embeddable":true,"href":"http:\/\/denlillegarnfabrikken.no\/index.php?rest_route=%2Fwp%2Fv2%2Fproduct_cat&post=97"},{"taxonomy":"product_tag","embeddable":true,"href":"http:\/\/denlillegarnfabrikken.no\/index.php?rest_route=%2Fwp%2Fv2%2Fproduct_tag&post=97"}],"curies":[{"name":"wp","href":"https:\/\/api.w.org\/{rel}","templated":true}]}}