{"id":116,"date":"2024-03-14T13:45:42","date_gmt":"2024-03-14T13:45:42","guid":{"rendered":"https:\/\/denlillegarnfabrikken.no\/?post_type=product&#038;p=116"},"modified":"2024-03-14T13:47:01","modified_gmt":"2024-03-14T13:47:01","slug":"aase-tunika-dlg-23-036","status":"publish","type":"product","link":"https:\/\/denlillegarnfabrikken.no\/?product=aase-tunika-dlg-23-036","title":{"rendered":"Aase tunika DLG 23-036"},"content":{"rendered":"<p><strong>GARN<\/strong><br \/>\nSportsull fra Den Lille Garnfabrikken, 100% superwashbehandlet ull.<br \/>\n50 gram = ca 100 meter<br \/>\n<strong>ST\u00d8RRELSER<\/strong><br \/>\nXS (S) M (L) XL (XXL)<br \/>\nNB! Se PLAGGETS M\u00c5L og finn riktig st\u00f8rrelse<br \/>\n<strong>PLAGGETS M\u00c5L<\/strong><br \/>\nOvervidde ca 93 (98) 104 (109) 115 (125) cm<br \/>\nHel lengde ca 76 (78) 80 (82) 84 (86) cm<br \/>\nErmelengde ca 48 cm alle st\u00f8rrelser<br \/>\n<strong>GARNFORBRUK<\/strong><br \/>\nFarge 1: 11 (12) 13 (14) 15 (16) n\u00f8ster<br \/>\nFarge 2: 2 (3) 3 (3) 3 (3) n\u00f8ster<br \/>\nFarge 3: 1 n\u00f8ste alle st\u00f8rrelser<br \/>\n<strong>FARGER<\/strong><br \/>\nFarge 1 \u00a0M\u00f8rk r\u00f8d 3409<br \/>\nFarge 2 Natur 3400<br \/>\nFarge 3 Gul 3458<br \/>\n<strong>PINNEFORSLAG<\/strong><br \/>\nStor og liten rundp og str\u00f8mpep nr 3,5 og 4<br \/>\n<strong>STRIKKEFASTHET<\/strong><br \/>\n22 m x 26 omganger glattstrikk p\u00e5 p nr 4 = 10 x 10 cm<br \/>\nSjekk strikkefastheten ved \u00e5 strikke en pr\u00f8velapp.<br \/>\nTell antall m pr 10 cm, har du flere m enn oppgitt,<br \/>\nskift til tykkere p. Har du f\u00e6rre m, skift til tynnere p<\/p>\n","protected":false},"excerpt":{"rendered":"<p>GARN Sportsull fra Den Lille Garnfabrikken, 100% superwashbehandlet ull. 50 gram = ca 100 meter ST\u00d8RRELSER XS (S) M (L) XL (XXL) NB! Se PLAGGETS M\u00c5L og finn riktig st\u00f8rrelse [&hellip;]<\/p>\n","protected":false},"featured_media":117,"comment_status":"open","ping_status":"closed","template":"","meta":[],"product_cat":[17],"product_tag":[55,57,59],"class_list":{"0":"post-116","1":"product","2":"type-product","3":"status-publish","4":"has-post-thumbnail","6":"product_cat-gensere","7":"product_tag-jul","8":"product_tag-julegenser","9":"product_tag-tunika","11":"first","12":"instock","13":"shipping-taxable","14":"product-type-external"},"yoast_head":"<!-- This site is optimized with the Yoast SEO plugin v21.3 - https:\/\/yoast.com\/wordpress\/plugins\/seo\/ -->\n<title>Aase tunika DLG 23-036 - Den lille garnfabrikken<\/title>\n<meta name=\"robots\" content=\"index, follow, max-snippet:-1, max-image-preview:large, max-video-preview:-1\" \/>\n<link rel=\"canonical\" href=\"https:\/\/denlillegarnfabrikken.no\/?product=aase-tunika-dlg-23-036\" \/>\n<meta property=\"og:locale\" content=\"nb_NO\" \/>\n<meta property=\"og:type\" content=\"article\" \/>\n<meta property=\"og:title\" content=\"Aase tunika DLG 23-036 - Den lille garnfabrikken\" \/>\n<meta property=\"og:description\" content=\"GARN Sportsull fra Den Lille Garnfabrikken, 100% superwashbehandlet ull. 50 gram = ca 100 meter ST\u00d8RRELSER XS (S) M (L) XL (XXL) NB! Se PLAGGETS M\u00c5L og finn riktig st\u00f8rrelse [&hellip;]\" \/>\n<meta property=\"og:url\" content=\"https:\/\/denlillegarnfabrikken.no\/?product=aase-tunika-dlg-23-036\" \/>\n<meta property=\"og:site_name\" content=\"Den lille garnfabrikken\" \/>\n<meta property=\"article:modified_time\" content=\"2024-03-14T13:47:01+00:00\" \/>\n<meta property=\"og:image\" content=\"https:\/\/denlillegarnfabrikken.no\/wp-content\/uploads\/2024\/03\/DLG-23-036-Aase-tunika-101.jpg\" \/>\n\t<meta property=\"og:image:width\" content=\"1000\" \/>\n\t<meta property=\"og:image:height\" content=\"1000\" \/>\n\t<meta property=\"og:image:type\" content=\"image\/jpeg\" \/>\n<meta name=\"twitter:card\" content=\"summary_large_image\" \/>\n<meta name=\"twitter:label1\" content=\"Ansl. lesetid\" \/>\n\t<meta name=\"twitter:data1\" content=\"1 minutt\" \/>\n<script type=\"application\/ld+json\" class=\"yoast-schema-graph\">{\"@context\":\"https:\/\/schema.org\",\"@graph\":[{\"@type\":\"WebPage\",\"@id\":\"https:\/\/denlillegarnfabrikken.no\/?product=aase-tunika-dlg-23-036\",\"url\":\"https:\/\/denlillegarnfabrikken.no\/?product=aase-tunika-dlg-23-036\",\"name\":\"Aase tunika DLG 23-036 - Den lille garnfabrikken\",\"isPartOf\":{\"@id\":\"https:\/\/denlillegarnfabrikken.no\/#website\"},\"datePublished\":\"2024-03-14T13:45:42+00:00\",\"dateModified\":\"2024-03-14T13:47:01+00:00\",\"breadcrumb\":{\"@id\":\"https:\/\/denlillegarnfabrikken.no\/?product=aase-tunika-dlg-23-036#breadcrumb\"},\"inLanguage\":\"nb-NO\",\"potentialAction\":[{\"@type\":\"ReadAction\",\"target\":[\"https:\/\/denlillegarnfabrikken.no\/?product=aase-tunika-dlg-23-036\"]}]},{\"@type\":\"BreadcrumbList\",\"@id\":\"https:\/\/denlillegarnfabrikken.no\/?product=aase-tunika-dlg-23-036#breadcrumb\",\"itemListElement\":[{\"@type\":\"ListItem\",\"position\":1,\"name\":\"Home\",\"item\":\"https:\/\/denlillegarnfabrikken.no\/\"},{\"@type\":\"ListItem\",\"position\":2,\"name\":\"Butikk\",\"item\":\"https:\/\/denlillegarnfabrikken.no\/?page_id=7\"},{\"@type\":\"ListItem\",\"position\":3,\"name\":\"Aase tunika DLG 23-036\"}]},{\"@type\":\"WebSite\",\"@id\":\"https:\/\/denlillegarnfabrikken.no\/#website\",\"url\":\"https:\/\/denlillegarnfabrikken.no\/\",\"name\":\"Den lille garnfabrikken\",\"description\":\"\",\"publisher\":{\"@id\":\"https:\/\/denlillegarnfabrikken.no\/#organization\"},\"potentialAction\":[{\"@type\":\"SearchAction\",\"target\":{\"@type\":\"EntryPoint\",\"urlTemplate\":\"https:\/\/denlillegarnfabrikken.no\/?s={search_term_string}\"},\"query-input\":\"required name=search_term_string\"}],\"inLanguage\":\"nb-NO\"},{\"@type\":\"Organization\",\"@id\":\"https:\/\/denlillegarnfabrikken.no\/#organization\",\"name\":\"Den lille garnfabrikken\",\"url\":\"https:\/\/denlillegarnfabrikken.no\/\",\"logo\":{\"@type\":\"ImageObject\",\"inLanguage\":\"nb-NO\",\"@id\":\"https:\/\/denlillegarnfabrikken.no\/#\/schema\/logo\/image\/\",\"url\":\"https:\/\/denlillegarnfabrikken.no\/wp-content\/uploads\/2023\/10\/cropped-logotest.jpg\",\"contentUrl\":\"https:\/\/denlillegarnfabrikken.no\/wp-content\/uploads\/2023\/10\/cropped-logotest.jpg\",\"width\":500,\"height\":500,\"caption\":\"Den lille garnfabrikken\"},\"image\":{\"@id\":\"https:\/\/denlillegarnfabrikken.no\/#\/schema\/logo\/image\/\"}}]}<\/script>\n<!-- \/ Yoast SEO plugin. -->","yoast_head_json":{"title":"Aase tunika DLG 23-036 - Den lille garnfabrikken","robots":{"index":"index","follow":"follow","max-snippet":"max-snippet:-1","max-image-preview":"max-image-preview:large","max-video-preview":"max-video-preview:-1"},"canonical":"https:\/\/denlillegarnfabrikken.no\/?product=aase-tunika-dlg-23-036","og_locale":"nb_NO","og_type":"article","og_title":"Aase tunika DLG 23-036 - Den lille garnfabrikken","og_description":"GARN Sportsull fra Den Lille Garnfabrikken, 100% superwashbehandlet ull. 50 gram = ca 100 meter ST\u00d8RRELSER XS (S) M (L) XL (XXL) NB! Se PLAGGETS M\u00c5L og finn riktig st\u00f8rrelse [&hellip;]","og_url":"https:\/\/denlillegarnfabrikken.no\/?product=aase-tunika-dlg-23-036","og_site_name":"Den lille garnfabrikken","article_modified_time":"2024-03-14T13:47:01+00:00","og_image":[{"width":1000,"height":1000,"url":"https:\/\/denlillegarnfabrikken.no\/wp-content\/uploads\/2024\/03\/DLG-23-036-Aase-tunika-101.jpg","type":"image\/jpeg"}],"twitter_card":"summary_large_image","twitter_misc":{"Ansl. lesetid":"1 minutt"},"schema":{"@context":"https:\/\/schema.org","@graph":[{"@type":"WebPage","@id":"https:\/\/denlillegarnfabrikken.no\/?product=aase-tunika-dlg-23-036","url":"https:\/\/denlillegarnfabrikken.no\/?product=aase-tunika-dlg-23-036","name":"Aase tunika DLG 23-036 - Den lille garnfabrikken","isPartOf":{"@id":"https:\/\/denlillegarnfabrikken.no\/#website"},"datePublished":"2024-03-14T13:45:42+00:00","dateModified":"2024-03-14T13:47:01+00:00","breadcrumb":{"@id":"https:\/\/denlillegarnfabrikken.no\/?product=aase-tunika-dlg-23-036#breadcrumb"},"inLanguage":"nb-NO","potentialAction":[{"@type":"ReadAction","target":["https:\/\/denlillegarnfabrikken.no\/?product=aase-tunika-dlg-23-036"]}]},{"@type":"BreadcrumbList","@id":"https:\/\/denlillegarnfabrikken.no\/?product=aase-tunika-dlg-23-036#breadcrumb","itemListElement":[{"@type":"ListItem","position":1,"name":"Home","item":"https:\/\/denlillegarnfabrikken.no\/"},{"@type":"ListItem","position":2,"name":"Butikk","item":"https:\/\/denlillegarnfabrikken.no\/?page_id=7"},{"@type":"ListItem","position":3,"name":"Aase tunika DLG 23-036"}]},{"@type":"WebSite","@id":"https:\/\/denlillegarnfabrikken.no\/#website","url":"https:\/\/denlillegarnfabrikken.no\/","name":"Den lille garnfabrikken","description":"","publisher":{"@id":"https:\/\/denlillegarnfabrikken.no\/#organization"},"potentialAction":[{"@type":"SearchAction","target":{"@type":"EntryPoint","urlTemplate":"https:\/\/denlillegarnfabrikken.no\/?s={search_term_string}"},"query-input":"required name=search_term_string"}],"inLanguage":"nb-NO"},{"@type":"Organization","@id":"https:\/\/denlillegarnfabrikken.no\/#organization","name":"Den lille garnfabrikken","url":"https:\/\/denlillegarnfabrikken.no\/","logo":{"@type":"ImageObject","inLanguage":"nb-NO","@id":"https:\/\/denlillegarnfabrikken.no\/#\/schema\/logo\/image\/","url":"https:\/\/denlillegarnfabrikken.no\/wp-content\/uploads\/2023\/10\/cropped-logotest.jpg","contentUrl":"https:\/\/denlillegarnfabrikken.no\/wp-content\/uploads\/2023\/10\/cropped-logotest.jpg","width":500,"height":500,"caption":"Den lille garnfabrikken"},"image":{"@id":"https:\/\/denlillegarnfabrikken.no\/#\/schema\/logo\/image\/"}}]}},"_links":{"self":[{"href":"https:\/\/denlillegarnfabrikken.no\/index.php?rest_route=\/wp\/v2\/product\/116","targetHints":{"allow":["GET"]}}],"collection":[{"href":"https:\/\/denlillegarnfabrikken.no\/index.php?rest_route=\/wp\/v2\/product"}],"about":[{"href":"https:\/\/denlillegarnfabrikken.no\/index.php?rest_route=\/wp\/v2\/types\/product"}],"replies":[{"embeddable":true,"href":"https:\/\/denlillegarnfabrikken.no\/index.php?rest_route=%2Fwp%2Fv2%2Fcomments&post=116"}],"wp:featuredmedia":[{"embeddable":true,"href":"https:\/\/denlillegarnfabrikken.no\/index.php?rest_route=\/wp\/v2\/media\/117"}],"wp:attachment":[{"href":"https:\/\/denlillegarnfabrikken.no\/index.php?rest_route=%2Fwp%2Fv2%2Fmedia&parent=116"}],"wp:term":[{"taxonomy":"product_cat","embeddable":true,"href":"https:\/\/denlillegarnfabrikken.no\/index.php?rest_route=%2Fwp%2Fv2%2Fproduct_cat&post=116"},{"taxonomy":"product_tag","embeddable":true,"href":"https:\/\/denlillegarnfabrikken.no\/index.php?rest_route=%2Fwp%2Fv2%2Fproduct_tag&post=116"}],"curies":[{"name":"wp","href":"https:\/\/api.w.org\/{rel}","templated":true}]}}