{"id":119,"date":"2024-03-14T13:50:19","date_gmt":"2024-03-14T13:50:19","guid":{"rendered":"https:\/\/denlillegarnfabrikken.no\/?post_type=product&#038;p=119"},"modified":"2024-03-14T13:50:19","modified_gmt":"2024-03-14T13:50:19","slug":"snowman-julegenser-med-snomann-dlg-23-037","status":"publish","type":"product","link":"https:\/\/denlillegarnfabrikken.no\/?product=snowman-julegenser-med-snomann-dlg-23-037","title":{"rendered":"Snowman julegenser med sn\u00f8mann DLG 23-037"},"content":{"rendered":"<p><strong>GARN\u00a0<\/strong><br \/>\nSportsull fra Den Lille Garnfabrikken<\/p>\n<p><strong>ST\u00d8RRELSER<\/strong><br \/>\nXS (S) M-L (XL)<br \/>\nNB! Plagget har oversize fasong. Velg \u00f8nsket st\u00f8rrelse etter\u00a0 m\u00e5ltabellen.<br \/>\n<strong>PLAGGETS M\u00c5L<\/strong><br \/>\nOvervidde ca 105 (115) 132 (142) cm<br \/>\nHel lengde, i siden ca 54 (56) 58 (60) cm<br \/>\nErmelengde ca 46 cm, eller \u00f8nsket lengde<br \/>\n<strong>GARNFORBRUK<\/strong><br \/>\nFarge 1: 10 &#8211; 11 &#8211; 13 &#8211; 14 n\u00f8ster<br \/>\nFarge 2: 5 &#8211; 5 &#8211; 5 &#8211; 5 n\u00f8ster<br \/>\nFarge 3: 2 &#8211; 2 &#8211; 2 &#8211; 2 n\u00f8ster<br \/>\nFarge 3: 2 &#8211; 2 &#8211; 2 &#8211; 2 n\u00f8ster<br \/>\n<strong>FARGER<\/strong><br \/>\nFarge 1 Hvit 3402<br \/>\nFarge 2 Lys beige melert 3403<br \/>\nFarge 3 Koks melert 3427<br \/>\nFarge 4 Safrangul 3416<br \/>\n<strong>PINNEFORSLAG<\/strong><br \/>\nStor og liten rundp og str\u00f8mpep nr 3 og 4<br \/>\n<strong>STRIKKEFASTHET<\/strong><br \/>\n22 m x 28 omganger glattstrikk p\u00e5 p nr 4 = 10 x 10 cm<\/p>\n","protected":false},"excerpt":{"rendered":"<p>GARN\u00a0 Sportsull fra Den Lille Garnfabrikken ST\u00d8RRELSER XS (S) M-L (XL) NB! Plagget har oversize fasong. Velg \u00f8nsket st\u00f8rrelse etter\u00a0 m\u00e5ltabellen. PLAGGETS M\u00c5L Overvidde ca 105 (115) 132 (142) cm [&hellip;]<\/p>\n","protected":false},"featured_media":120,"comment_status":"open","ping_status":"closed","template":"","meta":[],"product_cat":[17],"product_tag":[55,57],"class_list":{"0":"post-119","1":"product","2":"type-product","3":"status-publish","4":"has-post-thumbnail","6":"product_cat-gensere","7":"product_tag-jul","8":"product_tag-julegenser","10":"first","11":"instock","12":"shipping-taxable","13":"product-type-external"},"yoast_head":"<!-- This site is optimized with the Yoast SEO plugin v21.3 - https:\/\/yoast.com\/wordpress\/plugins\/seo\/ -->\n<title>Snowman julegenser med sn\u00f8mann DLG 23-037 - Den lille garnfabrikken<\/title>\n<meta name=\"robots\" content=\"index, follow, max-snippet:-1, max-image-preview:large, max-video-preview:-1\" \/>\n<link rel=\"canonical\" href=\"http:\/\/denlillegarnfabrikken.no\/?product=snowman-julegenser-med-snomann-dlg-23-037\" \/>\n<meta property=\"og:locale\" content=\"nb_NO\" \/>\n<meta property=\"og:type\" content=\"article\" \/>\n<meta property=\"og:title\" content=\"Snowman julegenser med sn\u00f8mann DLG 23-037 - Den lille garnfabrikken\" \/>\n<meta property=\"og:description\" content=\"GARN\u00a0 Sportsull fra Den Lille Garnfabrikken ST\u00d8RRELSER XS (S) M-L (XL) NB! Plagget har oversize fasong. Velg \u00f8nsket st\u00f8rrelse etter\u00a0 m\u00e5ltabellen. PLAGGETS M\u00c5L Overvidde ca 105 (115) 132 (142) cm [&hellip;]\" \/>\n<meta property=\"og:url\" content=\"http:\/\/denlillegarnfabrikken.no\/?product=snowman-julegenser-med-snomann-dlg-23-037\" \/>\n<meta property=\"og:site_name\" content=\"Den lille garnfabrikken\" \/>\n<meta property=\"og:image\" content=\"http:\/\/denlillegarnfabrikken.no\/wp-content\/uploads\/2024\/03\/DLG-23-037-Snowman-julegenser-med-snomann-104.jpg\" \/>\n\t<meta property=\"og:image:width\" content=\"1000\" \/>\n\t<meta property=\"og:image:height\" content=\"1000\" \/>\n\t<meta property=\"og:image:type\" content=\"image\/jpeg\" \/>\n<meta name=\"twitter:card\" content=\"summary_large_image\" \/>\n<meta name=\"twitter:label1\" content=\"Ansl. lesetid\" \/>\n\t<meta name=\"twitter:data1\" content=\"1 minutt\" \/>\n<script type=\"application\/ld+json\" class=\"yoast-schema-graph\">{\"@context\":\"https:\/\/schema.org\",\"@graph\":[{\"@type\":\"WebPage\",\"@id\":\"http:\/\/denlillegarnfabrikken.no\/?product=snowman-julegenser-med-snomann-dlg-23-037\",\"url\":\"http:\/\/denlillegarnfabrikken.no\/?product=snowman-julegenser-med-snomann-dlg-23-037\",\"name\":\"Snowman julegenser med sn\u00f8mann DLG 23-037 - Den lille garnfabrikken\",\"isPartOf\":{\"@id\":\"https:\/\/denlillegarnfabrikken.no\/#website\"},\"datePublished\":\"2024-03-14T13:50:19+00:00\",\"dateModified\":\"2024-03-14T13:50:19+00:00\",\"breadcrumb\":{\"@id\":\"http:\/\/denlillegarnfabrikken.no\/?product=snowman-julegenser-med-snomann-dlg-23-037#breadcrumb\"},\"inLanguage\":\"nb-NO\",\"potentialAction\":[{\"@type\":\"ReadAction\",\"target\":[\"http:\/\/denlillegarnfabrikken.no\/?product=snowman-julegenser-med-snomann-dlg-23-037\"]}]},{\"@type\":\"BreadcrumbList\",\"@id\":\"http:\/\/denlillegarnfabrikken.no\/?product=snowman-julegenser-med-snomann-dlg-23-037#breadcrumb\",\"itemListElement\":[{\"@type\":\"ListItem\",\"position\":1,\"name\":\"Home\",\"item\":\"https:\/\/denlillegarnfabrikken.no\/\"},{\"@type\":\"ListItem\",\"position\":2,\"name\":\"Butikk\",\"item\":\"https:\/\/denlillegarnfabrikken.no\/?page_id=7\"},{\"@type\":\"ListItem\",\"position\":3,\"name\":\"Snowman julegenser med sn\u00f8mann DLG 23-037\"}]},{\"@type\":\"WebSite\",\"@id\":\"https:\/\/denlillegarnfabrikken.no\/#website\",\"url\":\"https:\/\/denlillegarnfabrikken.no\/\",\"name\":\"Den lille garnfabrikken\",\"description\":\"\",\"publisher\":{\"@id\":\"https:\/\/denlillegarnfabrikken.no\/#organization\"},\"potentialAction\":[{\"@type\":\"SearchAction\",\"target\":{\"@type\":\"EntryPoint\",\"urlTemplate\":\"https:\/\/denlillegarnfabrikken.no\/?s={search_term_string}\"},\"query-input\":\"required name=search_term_string\"}],\"inLanguage\":\"nb-NO\"},{\"@type\":\"Organization\",\"@id\":\"https:\/\/denlillegarnfabrikken.no\/#organization\",\"name\":\"Den lille garnfabrikken\",\"url\":\"https:\/\/denlillegarnfabrikken.no\/\",\"logo\":{\"@type\":\"ImageObject\",\"inLanguage\":\"nb-NO\",\"@id\":\"https:\/\/denlillegarnfabrikken.no\/#\/schema\/logo\/image\/\",\"url\":\"https:\/\/denlillegarnfabrikken.no\/wp-content\/uploads\/2023\/10\/cropped-logotest.jpg\",\"contentUrl\":\"https:\/\/denlillegarnfabrikken.no\/wp-content\/uploads\/2023\/10\/cropped-logotest.jpg\",\"width\":500,\"height\":500,\"caption\":\"Den lille garnfabrikken\"},\"image\":{\"@id\":\"https:\/\/denlillegarnfabrikken.no\/#\/schema\/logo\/image\/\"}}]}<\/script>\n<!-- \/ Yoast SEO plugin. -->","yoast_head_json":{"title":"Snowman julegenser med sn\u00f8mann DLG 23-037 - Den lille garnfabrikken","robots":{"index":"index","follow":"follow","max-snippet":"max-snippet:-1","max-image-preview":"max-image-preview:large","max-video-preview":"max-video-preview:-1"},"canonical":"http:\/\/denlillegarnfabrikken.no\/?product=snowman-julegenser-med-snomann-dlg-23-037","og_locale":"nb_NO","og_type":"article","og_title":"Snowman julegenser med sn\u00f8mann DLG 23-037 - Den lille garnfabrikken","og_description":"GARN\u00a0 Sportsull fra Den Lille Garnfabrikken ST\u00d8RRELSER XS (S) M-L (XL) NB! Plagget har oversize fasong. Velg \u00f8nsket st\u00f8rrelse etter\u00a0 m\u00e5ltabellen. PLAGGETS M\u00c5L Overvidde ca 105 (115) 132 (142) cm [&hellip;]","og_url":"http:\/\/denlillegarnfabrikken.no\/?product=snowman-julegenser-med-snomann-dlg-23-037","og_site_name":"Den lille garnfabrikken","og_image":[{"width":1000,"height":1000,"url":"http:\/\/denlillegarnfabrikken.no\/wp-content\/uploads\/2024\/03\/DLG-23-037-Snowman-julegenser-med-snomann-104.jpg","type":"image\/jpeg"}],"twitter_card":"summary_large_image","twitter_misc":{"Ansl. lesetid":"1 minutt"},"schema":{"@context":"https:\/\/schema.org","@graph":[{"@type":"WebPage","@id":"http:\/\/denlillegarnfabrikken.no\/?product=snowman-julegenser-med-snomann-dlg-23-037","url":"http:\/\/denlillegarnfabrikken.no\/?product=snowman-julegenser-med-snomann-dlg-23-037","name":"Snowman julegenser med sn\u00f8mann DLG 23-037 - Den lille garnfabrikken","isPartOf":{"@id":"https:\/\/denlillegarnfabrikken.no\/#website"},"datePublished":"2024-03-14T13:50:19+00:00","dateModified":"2024-03-14T13:50:19+00:00","breadcrumb":{"@id":"http:\/\/denlillegarnfabrikken.no\/?product=snowman-julegenser-med-snomann-dlg-23-037#breadcrumb"},"inLanguage":"nb-NO","potentialAction":[{"@type":"ReadAction","target":["http:\/\/denlillegarnfabrikken.no\/?product=snowman-julegenser-med-snomann-dlg-23-037"]}]},{"@type":"BreadcrumbList","@id":"http:\/\/denlillegarnfabrikken.no\/?product=snowman-julegenser-med-snomann-dlg-23-037#breadcrumb","itemListElement":[{"@type":"ListItem","position":1,"name":"Home","item":"https:\/\/denlillegarnfabrikken.no\/"},{"@type":"ListItem","position":2,"name":"Butikk","item":"https:\/\/denlillegarnfabrikken.no\/?page_id=7"},{"@type":"ListItem","position":3,"name":"Snowman julegenser med sn\u00f8mann DLG 23-037"}]},{"@type":"WebSite","@id":"https:\/\/denlillegarnfabrikken.no\/#website","url":"https:\/\/denlillegarnfabrikken.no\/","name":"Den lille garnfabrikken","description":"","publisher":{"@id":"https:\/\/denlillegarnfabrikken.no\/#organization"},"potentialAction":[{"@type":"SearchAction","target":{"@type":"EntryPoint","urlTemplate":"https:\/\/denlillegarnfabrikken.no\/?s={search_term_string}"},"query-input":"required name=search_term_string"}],"inLanguage":"nb-NO"},{"@type":"Organization","@id":"https:\/\/denlillegarnfabrikken.no\/#organization","name":"Den lille garnfabrikken","url":"https:\/\/denlillegarnfabrikken.no\/","logo":{"@type":"ImageObject","inLanguage":"nb-NO","@id":"https:\/\/denlillegarnfabrikken.no\/#\/schema\/logo\/image\/","url":"https:\/\/denlillegarnfabrikken.no\/wp-content\/uploads\/2023\/10\/cropped-logotest.jpg","contentUrl":"https:\/\/denlillegarnfabrikken.no\/wp-content\/uploads\/2023\/10\/cropped-logotest.jpg","width":500,"height":500,"caption":"Den lille garnfabrikken"},"image":{"@id":"https:\/\/denlillegarnfabrikken.no\/#\/schema\/logo\/image\/"}}]}},"_links":{"self":[{"href":"https:\/\/denlillegarnfabrikken.no\/index.php?rest_route=\/wp\/v2\/product\/119","targetHints":{"allow":["GET"]}}],"collection":[{"href":"https:\/\/denlillegarnfabrikken.no\/index.php?rest_route=\/wp\/v2\/product"}],"about":[{"href":"https:\/\/denlillegarnfabrikken.no\/index.php?rest_route=\/wp\/v2\/types\/product"}],"replies":[{"embeddable":true,"href":"https:\/\/denlillegarnfabrikken.no\/index.php?rest_route=%2Fwp%2Fv2%2Fcomments&post=119"}],"wp:featuredmedia":[{"embeddable":true,"href":"https:\/\/denlillegarnfabrikken.no\/index.php?rest_route=\/wp\/v2\/media\/120"}],"wp:attachment":[{"href":"https:\/\/denlillegarnfabrikken.no\/index.php?rest_route=%2Fwp%2Fv2%2Fmedia&parent=119"}],"wp:term":[{"taxonomy":"product_cat","embeddable":true,"href":"https:\/\/denlillegarnfabrikken.no\/index.php?rest_route=%2Fwp%2Fv2%2Fproduct_cat&post=119"},{"taxonomy":"product_tag","embeddable":true,"href":"https:\/\/denlillegarnfabrikken.no\/index.php?rest_route=%2Fwp%2Fv2%2Fproduct_tag&post=119"}],"curies":[{"name":"wp","href":"https:\/\/api.w.org\/{rel}","templated":true}]}}