{"id":130,"date":"2024-03-14T14:04:55","date_gmt":"2024-03-14T14:04:55","guid":{"rendered":"https:\/\/denlillegarnfabrikken.no\/?post_type=product&#038;p=130"},"modified":"2024-03-14T14:04:56","modified_gmt":"2024-03-14T14:04:56","slug":"chunky-iris-genser-med-lav-hals-dlg-23-042","status":"publish","type":"product","link":"https:\/\/denlillegarnfabrikken.no\/?product=chunky-iris-genser-med-lav-hals-dlg-23-042","title":{"rendered":"Chunky iris genser med lav hals DLG 23-042"},"content":{"rendered":"<p><strong>GARN<\/strong><br \/>\nCortina Soft<br \/>\n<strong>ST\u00d8RRELSER<\/strong><br \/>\nS (M) L (XL)<br \/>\nNB! Se PLAGGETS M\u00c5L og finn riktig st\u00f8rrelse.<br \/>\n<strong>PLAGGETS M\u00c5L<\/strong><br \/>\nOvervidde ca 94 (104) 116 (126) cm<br \/>\nHel lengde ca 56 (58) 60 (62) cm<br \/>\nErmelengde ca 48 cm, likt alle st\u00f8rrelser<br \/>\n<strong>GARNFORBRUK<\/strong><br \/>\nFarge 1 10 &#8211; 11 &#8211; 12 &#8211; 13 n\u00f8ster<br \/>\nFarge 2 2 &#8211; 3 &#8211; 4 &#8211; 5 n\u00f8ster<br \/>\nFarge 32 &#8211; 3 &#8211; 3 -4 n\u00f8ster<br \/>\n<strong>FARGER<\/strong><br \/>\nFarge 1 Natur 700<br \/>\nFarge 2 Oker 803<br \/>\nFarge 3 Varmbrun 795<br \/>\n<strong>PINNEFORSLAG<\/strong><br \/>\nStor og liten rundp og str\u00f8mpep nr 5,5 og 7<br \/>\nLiten rundp og str\u00f8mpep nr 5<br \/>\n<strong>STRIKKEFASTHET<\/strong><br \/>\n14 m glattstrikk p\u00e5 p nr 7 = 10 cm<br \/>\n17 omganger glattstrikk p\u00e5 p nr 7 = 10 cm<br \/>\n22 m vrangbordstrikk p\u00e5 p nr 5 = 10 cm<br \/>\nSjekk strikkefastheten ved \u00e5 strikke en pr\u00f8velapp.<br \/>\nTell antall m pr 10 cm, har du flere m enn oppgitt,<br \/>\nskift til tykkere p. Har du f\u00e6rre m, skift til tynnere p<\/p>\n","protected":false},"excerpt":{"rendered":"<p>GARN Cortina Soft ST\u00d8RRELSER S (M) L (XL) NB! Se PLAGGETS M\u00c5L og finn riktig st\u00f8rrelse. PLAGGETS M\u00c5L Overvidde ca 94 (104) 116 (126) cm Hel lengde ca 56 (58) [&hellip;]<\/p>\n","protected":false},"featured_media":131,"comment_status":"open","ping_status":"closed","template":"","meta":[],"product_cat":[17],"product_tag":[25,27,61],"class_list":{"0":"post-130","1":"product","2":"type-product","3":"status-publish","4":"has-post-thumbnail","6":"product_cat-gensere","7":"product_tag-chunky","8":"product_tag-genser","9":"product_tag-rundfelling","11":"first","12":"instock","13":"shipping-taxable","14":"product-type-external"},"yoast_head":"<!-- This site is optimized with the Yoast SEO plugin v21.3 - https:\/\/yoast.com\/wordpress\/plugins\/seo\/ -->\n<title>Chunky iris genser med lav hals DLG 23-042 - Den lille garnfabrikken<\/title>\n<meta name=\"robots\" content=\"index, follow, max-snippet:-1, max-image-preview:large, max-video-preview:-1\" \/>\n<link rel=\"canonical\" href=\"http:\/\/denlillegarnfabrikken.no\/?product=chunky-iris-genser-med-lav-hals-dlg-23-042\" \/>\n<meta property=\"og:locale\" content=\"nb_NO\" \/>\n<meta property=\"og:type\" content=\"article\" \/>\n<meta property=\"og:title\" content=\"Chunky iris genser med lav hals DLG 23-042 - Den lille garnfabrikken\" \/>\n<meta property=\"og:description\" content=\"GARN Cortina Soft ST\u00d8RRELSER S (M) L (XL) NB! Se PLAGGETS M\u00c5L og finn riktig st\u00f8rrelse. PLAGGETS M\u00c5L Overvidde ca 94 (104) 116 (126) cm Hel lengde ca 56 (58) [&hellip;]\" \/>\n<meta property=\"og:url\" content=\"http:\/\/denlillegarnfabrikken.no\/?product=chunky-iris-genser-med-lav-hals-dlg-23-042\" \/>\n<meta property=\"og:site_name\" content=\"Den lille garnfabrikken\" \/>\n<meta property=\"article:modified_time\" content=\"2024-03-14T14:04:56+00:00\" \/>\n<meta property=\"og:image\" content=\"http:\/\/denlillegarnfabrikken.no\/wp-content\/uploads\/2024\/03\/DLG-23-042-Chunky-Iris-genser-med-lav-hals-101.jpg\" \/>\n\t<meta property=\"og:image:width\" content=\"1000\" \/>\n\t<meta property=\"og:image:height\" content=\"1000\" \/>\n\t<meta property=\"og:image:type\" content=\"image\/jpeg\" \/>\n<meta name=\"twitter:card\" content=\"summary_large_image\" \/>\n<meta name=\"twitter:label1\" content=\"Ansl. lesetid\" \/>\n\t<meta name=\"twitter:data1\" content=\"1 minutt\" \/>\n<script type=\"application\/ld+json\" class=\"yoast-schema-graph\">{\"@context\":\"https:\/\/schema.org\",\"@graph\":[{\"@type\":\"WebPage\",\"@id\":\"http:\/\/denlillegarnfabrikken.no\/?product=chunky-iris-genser-med-lav-hals-dlg-23-042\",\"url\":\"http:\/\/denlillegarnfabrikken.no\/?product=chunky-iris-genser-med-lav-hals-dlg-23-042\",\"name\":\"Chunky iris genser med lav hals DLG 23-042 - Den lille garnfabrikken\",\"isPartOf\":{\"@id\":\"https:\/\/denlillegarnfabrikken.no\/#website\"},\"datePublished\":\"2024-03-14T14:04:55+00:00\",\"dateModified\":\"2024-03-14T14:04:56+00:00\",\"breadcrumb\":{\"@id\":\"http:\/\/denlillegarnfabrikken.no\/?product=chunky-iris-genser-med-lav-hals-dlg-23-042#breadcrumb\"},\"inLanguage\":\"nb-NO\",\"potentialAction\":[{\"@type\":\"ReadAction\",\"target\":[\"http:\/\/denlillegarnfabrikken.no\/?product=chunky-iris-genser-med-lav-hals-dlg-23-042\"]}]},{\"@type\":\"BreadcrumbList\",\"@id\":\"http:\/\/denlillegarnfabrikken.no\/?product=chunky-iris-genser-med-lav-hals-dlg-23-042#breadcrumb\",\"itemListElement\":[{\"@type\":\"ListItem\",\"position\":1,\"name\":\"Home\",\"item\":\"https:\/\/denlillegarnfabrikken.no\/\"},{\"@type\":\"ListItem\",\"position\":2,\"name\":\"Butikk\",\"item\":\"https:\/\/denlillegarnfabrikken.no\/?page_id=7\"},{\"@type\":\"ListItem\",\"position\":3,\"name\":\"Chunky iris genser med lav hals DLG 23-042\"}]},{\"@type\":\"WebSite\",\"@id\":\"https:\/\/denlillegarnfabrikken.no\/#website\",\"url\":\"https:\/\/denlillegarnfabrikken.no\/\",\"name\":\"Den lille garnfabrikken\",\"description\":\"\",\"publisher\":{\"@id\":\"https:\/\/denlillegarnfabrikken.no\/#organization\"},\"potentialAction\":[{\"@type\":\"SearchAction\",\"target\":{\"@type\":\"EntryPoint\",\"urlTemplate\":\"https:\/\/denlillegarnfabrikken.no\/?s={search_term_string}\"},\"query-input\":\"required name=search_term_string\"}],\"inLanguage\":\"nb-NO\"},{\"@type\":\"Organization\",\"@id\":\"https:\/\/denlillegarnfabrikken.no\/#organization\",\"name\":\"Den lille garnfabrikken\",\"url\":\"https:\/\/denlillegarnfabrikken.no\/\",\"logo\":{\"@type\":\"ImageObject\",\"inLanguage\":\"nb-NO\",\"@id\":\"https:\/\/denlillegarnfabrikken.no\/#\/schema\/logo\/image\/\",\"url\":\"https:\/\/denlillegarnfabrikken.no\/wp-content\/uploads\/2023\/10\/cropped-logotest.jpg\",\"contentUrl\":\"https:\/\/denlillegarnfabrikken.no\/wp-content\/uploads\/2023\/10\/cropped-logotest.jpg\",\"width\":500,\"height\":500,\"caption\":\"Den lille garnfabrikken\"},\"image\":{\"@id\":\"https:\/\/denlillegarnfabrikken.no\/#\/schema\/logo\/image\/\"}}]}<\/script>\n<!-- \/ Yoast SEO plugin. -->","yoast_head_json":{"title":"Chunky iris genser med lav hals DLG 23-042 - Den lille garnfabrikken","robots":{"index":"index","follow":"follow","max-snippet":"max-snippet:-1","max-image-preview":"max-image-preview:large","max-video-preview":"max-video-preview:-1"},"canonical":"http:\/\/denlillegarnfabrikken.no\/?product=chunky-iris-genser-med-lav-hals-dlg-23-042","og_locale":"nb_NO","og_type":"article","og_title":"Chunky iris genser med lav hals DLG 23-042 - Den lille garnfabrikken","og_description":"GARN Cortina Soft ST\u00d8RRELSER S (M) L (XL) NB! Se PLAGGETS M\u00c5L og finn riktig st\u00f8rrelse. PLAGGETS M\u00c5L Overvidde ca 94 (104) 116 (126) cm Hel lengde ca 56 (58) [&hellip;]","og_url":"http:\/\/denlillegarnfabrikken.no\/?product=chunky-iris-genser-med-lav-hals-dlg-23-042","og_site_name":"Den lille garnfabrikken","article_modified_time":"2024-03-14T14:04:56+00:00","og_image":[{"width":1000,"height":1000,"url":"http:\/\/denlillegarnfabrikken.no\/wp-content\/uploads\/2024\/03\/DLG-23-042-Chunky-Iris-genser-med-lav-hals-101.jpg","type":"image\/jpeg"}],"twitter_card":"summary_large_image","twitter_misc":{"Ansl. lesetid":"1 minutt"},"schema":{"@context":"https:\/\/schema.org","@graph":[{"@type":"WebPage","@id":"http:\/\/denlillegarnfabrikken.no\/?product=chunky-iris-genser-med-lav-hals-dlg-23-042","url":"http:\/\/denlillegarnfabrikken.no\/?product=chunky-iris-genser-med-lav-hals-dlg-23-042","name":"Chunky iris genser med lav hals DLG 23-042 - Den lille garnfabrikken","isPartOf":{"@id":"https:\/\/denlillegarnfabrikken.no\/#website"},"datePublished":"2024-03-14T14:04:55+00:00","dateModified":"2024-03-14T14:04:56+00:00","breadcrumb":{"@id":"http:\/\/denlillegarnfabrikken.no\/?product=chunky-iris-genser-med-lav-hals-dlg-23-042#breadcrumb"},"inLanguage":"nb-NO","potentialAction":[{"@type":"ReadAction","target":["http:\/\/denlillegarnfabrikken.no\/?product=chunky-iris-genser-med-lav-hals-dlg-23-042"]}]},{"@type":"BreadcrumbList","@id":"http:\/\/denlillegarnfabrikken.no\/?product=chunky-iris-genser-med-lav-hals-dlg-23-042#breadcrumb","itemListElement":[{"@type":"ListItem","position":1,"name":"Home","item":"https:\/\/denlillegarnfabrikken.no\/"},{"@type":"ListItem","position":2,"name":"Butikk","item":"https:\/\/denlillegarnfabrikken.no\/?page_id=7"},{"@type":"ListItem","position":3,"name":"Chunky iris genser med lav hals DLG 23-042"}]},{"@type":"WebSite","@id":"https:\/\/denlillegarnfabrikken.no\/#website","url":"https:\/\/denlillegarnfabrikken.no\/","name":"Den lille garnfabrikken","description":"","publisher":{"@id":"https:\/\/denlillegarnfabrikken.no\/#organization"},"potentialAction":[{"@type":"SearchAction","target":{"@type":"EntryPoint","urlTemplate":"https:\/\/denlillegarnfabrikken.no\/?s={search_term_string}"},"query-input":"required name=search_term_string"}],"inLanguage":"nb-NO"},{"@type":"Organization","@id":"https:\/\/denlillegarnfabrikken.no\/#organization","name":"Den lille garnfabrikken","url":"https:\/\/denlillegarnfabrikken.no\/","logo":{"@type":"ImageObject","inLanguage":"nb-NO","@id":"https:\/\/denlillegarnfabrikken.no\/#\/schema\/logo\/image\/","url":"https:\/\/denlillegarnfabrikken.no\/wp-content\/uploads\/2023\/10\/cropped-logotest.jpg","contentUrl":"https:\/\/denlillegarnfabrikken.no\/wp-content\/uploads\/2023\/10\/cropped-logotest.jpg","width":500,"height":500,"caption":"Den lille garnfabrikken"},"image":{"@id":"https:\/\/denlillegarnfabrikken.no\/#\/schema\/logo\/image\/"}}]}},"_links":{"self":[{"href":"https:\/\/denlillegarnfabrikken.no\/index.php?rest_route=\/wp\/v2\/product\/130","targetHints":{"allow":["GET"]}}],"collection":[{"href":"https:\/\/denlillegarnfabrikken.no\/index.php?rest_route=\/wp\/v2\/product"}],"about":[{"href":"https:\/\/denlillegarnfabrikken.no\/index.php?rest_route=\/wp\/v2\/types\/product"}],"replies":[{"embeddable":true,"href":"https:\/\/denlillegarnfabrikken.no\/index.php?rest_route=%2Fwp%2Fv2%2Fcomments&post=130"}],"wp:featuredmedia":[{"embeddable":true,"href":"https:\/\/denlillegarnfabrikken.no\/index.php?rest_route=\/wp\/v2\/media\/131"}],"wp:attachment":[{"href":"https:\/\/denlillegarnfabrikken.no\/index.php?rest_route=%2Fwp%2Fv2%2Fmedia&parent=130"}],"wp:term":[{"taxonomy":"product_cat","embeddable":true,"href":"https:\/\/denlillegarnfabrikken.no\/index.php?rest_route=%2Fwp%2Fv2%2Fproduct_cat&post=130"},{"taxonomy":"product_tag","embeddable":true,"href":"https:\/\/denlillegarnfabrikken.no\/index.php?rest_route=%2Fwp%2Fv2%2Fproduct_tag&post=130"}],"curies":[{"name":"wp","href":"https:\/\/api.w.org\/{rel}","templated":true}]}}