{"id":173,"date":"2024-12-03T14:39:03","date_gmt":"2024-12-03T14:39:03","guid":{"rendered":"https:\/\/denlillegarnfabrikken.no\/?post_type=product&#038;p=173"},"modified":"2024-12-03T14:39:03","modified_gmt":"2024-12-03T14:39:03","slug":"evjegenseren-dlg-24-011","status":"publish","type":"product","link":"https:\/\/denlillegarnfabrikken.no\/?product=evjegenseren-dlg-24-011","title":{"rendered":"Evjegenseren DLG 24-011"},"content":{"rendered":"<p><strong>St\u00f8rrelser<\/strong><br \/>\n(XXS) XS (S) M (L) XL (XXL)<\/p>\n<p><strong>Plaggets m\u00e5l:<\/strong><br \/>\nM\u00e5l: Overvidde: (85) 90 (95) 100 (105) 110 (115) cm<br \/>\nLengde: (55) 56 (57) 58 (59) 62 (65) cm<br \/>\nErmelengde: (41) 42 (43) 44 (45) 48 (50) cm<\/p>\n<p><strong>Garntype:<\/strong><br \/>\nSportsull fra Den lille garnfabrikken<\/p>\n<p><strong>Fargeforslag:<\/strong><br \/>\nFrg 1: 3437 Lys denim<br \/>\nFrg 2: 3400 Natur<\/p>\n<p><strong>Garnforbruk:<\/strong><br \/>\nFrg 1: (500) 500 (550) 550 (600) 600 (650) g<br \/>\nFrg 2: (150) 150 (200) 200 (200) 250 (250) g<\/p>\n<p><strong>Strikkefasthet:<\/strong><br \/>\n24 m glattstrikk = 10 cm<\/p>\n<p><strong>Pinneforslag:<\/strong><br \/>\nRundp, str\u00f8mpep nr 3 og 3 \u00bd<\/p>\n","protected":false},"excerpt":{"rendered":"<p>St\u00f8rrelser (XXS) XS (S) M (L) XL (XXL) Plaggets m\u00e5l: M\u00e5l: Overvidde: (85) 90 (95) 100 (105) 110 (115) cm Lengde: (55) 56 (57) 58 (59) 62 (65) cm Ermelengde: [&hellip;]<\/p>\n","protected":false},"featured_media":174,"comment_status":"open","ping_status":"closed","template":"","meta":[],"product_cat":[17],"product_tag":[],"class_list":{"0":"post-173","1":"product","2":"type-product","3":"status-publish","4":"has-post-thumbnail","6":"product_cat-gensere","8":"first","9":"instock","10":"shipping-taxable","11":"product-type-external"},"yoast_head":"<!-- This site is optimized with the Yoast SEO plugin v21.3 - https:\/\/yoast.com\/wordpress\/plugins\/seo\/ -->\n<title>Evjegenseren DLG 24-011 - Den lille garnfabrikken<\/title>\n<meta name=\"robots\" content=\"index, follow, max-snippet:-1, max-image-preview:large, max-video-preview:-1\" \/>\n<link rel=\"canonical\" href=\"https:\/\/denlillegarnfabrikken.no\/?product=evjegenseren-dlg-24-011\" \/>\n<meta property=\"og:locale\" content=\"nb_NO\" \/>\n<meta property=\"og:type\" content=\"article\" \/>\n<meta property=\"og:title\" content=\"Evjegenseren DLG 24-011 - Den lille garnfabrikken\" \/>\n<meta property=\"og:description\" content=\"St\u00f8rrelser (XXS) XS (S) M (L) XL (XXL) Plaggets m\u00e5l: M\u00e5l: Overvidde: (85) 90 (95) 100 (105) 110 (115) cm Lengde: (55) 56 (57) 58 (59) 62 (65) cm Ermelengde: [&hellip;]\" \/>\n<meta property=\"og:url\" content=\"https:\/\/denlillegarnfabrikken.no\/?product=evjegenseren-dlg-24-011\" \/>\n<meta property=\"og:site_name\" content=\"Den lille garnfabrikken\" \/>\n<meta property=\"og:image\" content=\"https:\/\/denlillegarnfabrikken.no\/wp-content\/uploads\/2024\/12\/DLG-24-011-3437-Evjegenseren-i-lys-denimblaa-101.jpg\" \/>\n\t<meta property=\"og:image:width\" content=\"1000\" \/>\n\t<meta property=\"og:image:height\" content=\"1000\" \/>\n\t<meta property=\"og:image:type\" content=\"image\/jpeg\" \/>\n<meta name=\"twitter:card\" content=\"summary_large_image\" \/>\n<meta name=\"twitter:label1\" content=\"Ansl. lesetid\" \/>\n\t<meta name=\"twitter:data1\" content=\"1 minutt\" \/>\n<script type=\"application\/ld+json\" class=\"yoast-schema-graph\">{\"@context\":\"https:\/\/schema.org\",\"@graph\":[{\"@type\":\"WebPage\",\"@id\":\"https:\/\/denlillegarnfabrikken.no\/?product=evjegenseren-dlg-24-011\",\"url\":\"https:\/\/denlillegarnfabrikken.no\/?product=evjegenseren-dlg-24-011\",\"name\":\"Evjegenseren DLG 24-011 - Den lille garnfabrikken\",\"isPartOf\":{\"@id\":\"https:\/\/denlillegarnfabrikken.no\/#website\"},\"datePublished\":\"2024-12-03T14:39:03+00:00\",\"dateModified\":\"2024-12-03T14:39:03+00:00\",\"breadcrumb\":{\"@id\":\"https:\/\/denlillegarnfabrikken.no\/?product=evjegenseren-dlg-24-011#breadcrumb\"},\"inLanguage\":\"nb-NO\",\"potentialAction\":[{\"@type\":\"ReadAction\",\"target\":[\"https:\/\/denlillegarnfabrikken.no\/?product=evjegenseren-dlg-24-011\"]}]},{\"@type\":\"BreadcrumbList\",\"@id\":\"https:\/\/denlillegarnfabrikken.no\/?product=evjegenseren-dlg-24-011#breadcrumb\",\"itemListElement\":[{\"@type\":\"ListItem\",\"position\":1,\"name\":\"Home\",\"item\":\"https:\/\/denlillegarnfabrikken.no\/\"},{\"@type\":\"ListItem\",\"position\":2,\"name\":\"Butikk\",\"item\":\"https:\/\/denlillegarnfabrikken.no\/?page_id=7\"},{\"@type\":\"ListItem\",\"position\":3,\"name\":\"Evjegenseren DLG 24-011\"}]},{\"@type\":\"WebSite\",\"@id\":\"https:\/\/denlillegarnfabrikken.no\/#website\",\"url\":\"https:\/\/denlillegarnfabrikken.no\/\",\"name\":\"Den lille garnfabrikken\",\"description\":\"\",\"publisher\":{\"@id\":\"https:\/\/denlillegarnfabrikken.no\/#organization\"},\"potentialAction\":[{\"@type\":\"SearchAction\",\"target\":{\"@type\":\"EntryPoint\",\"urlTemplate\":\"https:\/\/denlillegarnfabrikken.no\/?s={search_term_string}\"},\"query-input\":\"required name=search_term_string\"}],\"inLanguage\":\"nb-NO\"},{\"@type\":\"Organization\",\"@id\":\"https:\/\/denlillegarnfabrikken.no\/#organization\",\"name\":\"Den lille garnfabrikken\",\"url\":\"https:\/\/denlillegarnfabrikken.no\/\",\"logo\":{\"@type\":\"ImageObject\",\"inLanguage\":\"nb-NO\",\"@id\":\"https:\/\/denlillegarnfabrikken.no\/#\/schema\/logo\/image\/\",\"url\":\"https:\/\/denlillegarnfabrikken.no\/wp-content\/uploads\/2023\/10\/cropped-logotest.jpg\",\"contentUrl\":\"https:\/\/denlillegarnfabrikken.no\/wp-content\/uploads\/2023\/10\/cropped-logotest.jpg\",\"width\":500,\"height\":500,\"caption\":\"Den lille garnfabrikken\"},\"image\":{\"@id\":\"https:\/\/denlillegarnfabrikken.no\/#\/schema\/logo\/image\/\"}}]}<\/script>\n<!-- \/ Yoast SEO plugin. -->","yoast_head_json":{"title":"Evjegenseren DLG 24-011 - Den lille garnfabrikken","robots":{"index":"index","follow":"follow","max-snippet":"max-snippet:-1","max-image-preview":"max-image-preview:large","max-video-preview":"max-video-preview:-1"},"canonical":"https:\/\/denlillegarnfabrikken.no\/?product=evjegenseren-dlg-24-011","og_locale":"nb_NO","og_type":"article","og_title":"Evjegenseren DLG 24-011 - Den lille garnfabrikken","og_description":"St\u00f8rrelser (XXS) XS (S) M (L) XL (XXL) Plaggets m\u00e5l: M\u00e5l: Overvidde: (85) 90 (95) 100 (105) 110 (115) cm Lengde: (55) 56 (57) 58 (59) 62 (65) cm Ermelengde: [&hellip;]","og_url":"https:\/\/denlillegarnfabrikken.no\/?product=evjegenseren-dlg-24-011","og_site_name":"Den lille garnfabrikken","og_image":[{"width":1000,"height":1000,"url":"https:\/\/denlillegarnfabrikken.no\/wp-content\/uploads\/2024\/12\/DLG-24-011-3437-Evjegenseren-i-lys-denimblaa-101.jpg","type":"image\/jpeg"}],"twitter_card":"summary_large_image","twitter_misc":{"Ansl. lesetid":"1 minutt"},"schema":{"@context":"https:\/\/schema.org","@graph":[{"@type":"WebPage","@id":"https:\/\/denlillegarnfabrikken.no\/?product=evjegenseren-dlg-24-011","url":"https:\/\/denlillegarnfabrikken.no\/?product=evjegenseren-dlg-24-011","name":"Evjegenseren DLG 24-011 - Den lille garnfabrikken","isPartOf":{"@id":"https:\/\/denlillegarnfabrikken.no\/#website"},"datePublished":"2024-12-03T14:39:03+00:00","dateModified":"2024-12-03T14:39:03+00:00","breadcrumb":{"@id":"https:\/\/denlillegarnfabrikken.no\/?product=evjegenseren-dlg-24-011#breadcrumb"},"inLanguage":"nb-NO","potentialAction":[{"@type":"ReadAction","target":["https:\/\/denlillegarnfabrikken.no\/?product=evjegenseren-dlg-24-011"]}]},{"@type":"BreadcrumbList","@id":"https:\/\/denlillegarnfabrikken.no\/?product=evjegenseren-dlg-24-011#breadcrumb","itemListElement":[{"@type":"ListItem","position":1,"name":"Home","item":"https:\/\/denlillegarnfabrikken.no\/"},{"@type":"ListItem","position":2,"name":"Butikk","item":"https:\/\/denlillegarnfabrikken.no\/?page_id=7"},{"@type":"ListItem","position":3,"name":"Evjegenseren DLG 24-011"}]},{"@type":"WebSite","@id":"https:\/\/denlillegarnfabrikken.no\/#website","url":"https:\/\/denlillegarnfabrikken.no\/","name":"Den lille garnfabrikken","description":"","publisher":{"@id":"https:\/\/denlillegarnfabrikken.no\/#organization"},"potentialAction":[{"@type":"SearchAction","target":{"@type":"EntryPoint","urlTemplate":"https:\/\/denlillegarnfabrikken.no\/?s={search_term_string}"},"query-input":"required name=search_term_string"}],"inLanguage":"nb-NO"},{"@type":"Organization","@id":"https:\/\/denlillegarnfabrikken.no\/#organization","name":"Den lille garnfabrikken","url":"https:\/\/denlillegarnfabrikken.no\/","logo":{"@type":"ImageObject","inLanguage":"nb-NO","@id":"https:\/\/denlillegarnfabrikken.no\/#\/schema\/logo\/image\/","url":"https:\/\/denlillegarnfabrikken.no\/wp-content\/uploads\/2023\/10\/cropped-logotest.jpg","contentUrl":"https:\/\/denlillegarnfabrikken.no\/wp-content\/uploads\/2023\/10\/cropped-logotest.jpg","width":500,"height":500,"caption":"Den lille garnfabrikken"},"image":{"@id":"https:\/\/denlillegarnfabrikken.no\/#\/schema\/logo\/image\/"}}]}},"_links":{"self":[{"href":"https:\/\/denlillegarnfabrikken.no\/index.php?rest_route=\/wp\/v2\/product\/173","targetHints":{"allow":["GET"]}}],"collection":[{"href":"https:\/\/denlillegarnfabrikken.no\/index.php?rest_route=\/wp\/v2\/product"}],"about":[{"href":"https:\/\/denlillegarnfabrikken.no\/index.php?rest_route=\/wp\/v2\/types\/product"}],"replies":[{"embeddable":true,"href":"https:\/\/denlillegarnfabrikken.no\/index.php?rest_route=%2Fwp%2Fv2%2Fcomments&post=173"}],"wp:featuredmedia":[{"embeddable":true,"href":"https:\/\/denlillegarnfabrikken.no\/index.php?rest_route=\/wp\/v2\/media\/174"}],"wp:attachment":[{"href":"https:\/\/denlillegarnfabrikken.no\/index.php?rest_route=%2Fwp%2Fv2%2Fmedia&parent=173"}],"wp:term":[{"taxonomy":"product_cat","embeddable":true,"href":"https:\/\/denlillegarnfabrikken.no\/index.php?rest_route=%2Fwp%2Fv2%2Fproduct_cat&post=173"},{"taxonomy":"product_tag","embeddable":true,"href":"https:\/\/denlillegarnfabrikken.no\/index.php?rest_route=%2Fwp%2Fv2%2Fproduct_tag&post=173"}],"curies":[{"name":"wp","href":"https:\/\/api.w.org\/{rel}","templated":true}]}}