{"id":206,"date":"2024-12-04T11:13:57","date_gmt":"2024-12-04T11:13:57","guid":{"rendered":"https:\/\/denlillegarnfabrikken.no\/?post_type=product&#038;p=206"},"modified":"2025-04-19T10:12:57","modified_gmt":"2025-04-19T10:12:57","slug":"heidilender","status":"publish","type":"product","link":"https:\/\/denlillegarnfabrikken.no\/?product=heidilender","title":{"rendered":"Heidilender DLG 24-025"},"content":{"rendered":"<p><strong>St\u00f8rrelser<\/strong><br \/>\nXS\/S (M\/L) XL\/2XL<\/p>\n<p><strong>Plaggets m\u00e5l<\/strong><br \/>\nOvervidde: ca 100 (120) 140 cm<br \/>\nHel lengde, m\u00e5lt til uk halskant midt p\u00e5: ca 52 (55) 58 cm.<br \/>\nErmelengde: ca 48 (52) 54 cm eller \u00f8nsket lengde.<\/p>\n<p><strong>Strikkefasthet<\/strong><br \/>\n22 m glattstrikk p\u00e5 pinne nr. 4 = 10 cm.<\/p>\n<p><strong>Anbefalte pinner<\/strong><br \/>\nRundpinne 80 cm nr 4<br \/>\nStr\u00f8mpepinner nr 4 (evt rundpinne p\u00e5 100 cm hvis magic loop)<br \/>\nStr\u00f8mpepinne nr 3,5 (evt rundpinne p\u00e5 100 cm)<\/p>\n<p><strong>Garntype<\/strong><br \/>\nSterk fra HOY, 40% alpaca, 40% merinoull, 20% nylon &#8211; 50 g = ca 137 m.<\/p>\n<p><strong>Garnmengde<\/strong><br \/>\n806 natur, bunnfarge &#8211; 9 (10) 13 n\u00f8ster<br \/>\n822 gr\u00e5 melert &#8211; 2 (2) 3 n\u00f8ster<\/p>\n","protected":false},"excerpt":{"rendered":"<p>St\u00f8rrelser XS\/S (M\/L) XL\/2XL Plaggets m\u00e5l Overvidde: ca 100 (120) 140 cm Hel lengde, m\u00e5lt til uk halskant midt p\u00e5: ca 52 (55) 58 cm. Ermelengde: ca 48 (52) 54 [&hellip;]<\/p>\n","protected":false},"featured_media":207,"comment_status":"open","ping_status":"closed","template":"","meta":[],"product_cat":[17],"product_tag":[],"class_list":{"0":"post-206","1":"product","2":"type-product","3":"status-publish","4":"has-post-thumbnail","6":"product_cat-gensere","8":"first","9":"instock","10":"shipping-taxable","11":"product-type-external"},"yoast_head":"<!-- This site is optimized with the Yoast SEO plugin v21.3 - https:\/\/yoast.com\/wordpress\/plugins\/seo\/ -->\n<title>Heidilender DLG 24-025 - Den lille garnfabrikken<\/title>\n<meta name=\"robots\" content=\"index, follow, max-snippet:-1, max-image-preview:large, max-video-preview:-1\" \/>\n<link rel=\"canonical\" href=\"https:\/\/denlillegarnfabrikken.no\/?product=heidilender\" \/>\n<meta property=\"og:locale\" content=\"nb_NO\" \/>\n<meta property=\"og:type\" content=\"article\" \/>\n<meta property=\"og:title\" content=\"Heidilender DLG 24-025 - Den lille garnfabrikken\" \/>\n<meta property=\"og:description\" content=\"St\u00f8rrelser XS\/S (M\/L) XL\/2XL Plaggets m\u00e5l Overvidde: ca 100 (120) 140 cm Hel lengde, m\u00e5lt til uk halskant midt p\u00e5: ca 52 (55) 58 cm. Ermelengde: ca 48 (52) 54 [&hellip;]\" \/>\n<meta property=\"og:url\" content=\"https:\/\/denlillegarnfabrikken.no\/?product=heidilender\" \/>\n<meta property=\"og:site_name\" content=\"Den lille garnfabrikken\" \/>\n<meta property=\"article:modified_time\" content=\"2025-04-19T10:12:57+00:00\" \/>\n<meta property=\"og:image\" content=\"https:\/\/denlillegarnfabrikken.no\/wp-content\/uploads\/2024\/12\/DLG-24-025-AS502-Heidilender-i-mykt-alpakkagarn-101-scaled.jpg\" \/>\n\t<meta property=\"og:image:width\" content=\"2560\" \/>\n\t<meta property=\"og:image:height\" content=\"2560\" \/>\n\t<meta property=\"og:image:type\" content=\"image\/jpeg\" \/>\n<meta name=\"twitter:card\" content=\"summary_large_image\" \/>\n<meta name=\"twitter:label1\" content=\"Ansl. lesetid\" \/>\n\t<meta name=\"twitter:data1\" content=\"1 minutt\" \/>\n<script type=\"application\/ld+json\" class=\"yoast-schema-graph\">{\"@context\":\"https:\/\/schema.org\",\"@graph\":[{\"@type\":\"WebPage\",\"@id\":\"https:\/\/denlillegarnfabrikken.no\/?product=heidilender\",\"url\":\"https:\/\/denlillegarnfabrikken.no\/?product=heidilender\",\"name\":\"Heidilender DLG 24-025 - Den lille garnfabrikken\",\"isPartOf\":{\"@id\":\"https:\/\/denlillegarnfabrikken.no\/#website\"},\"datePublished\":\"2024-12-04T11:13:57+00:00\",\"dateModified\":\"2025-04-19T10:12:57+00:00\",\"breadcrumb\":{\"@id\":\"https:\/\/denlillegarnfabrikken.no\/?product=heidilender#breadcrumb\"},\"inLanguage\":\"nb-NO\",\"potentialAction\":[{\"@type\":\"ReadAction\",\"target\":[\"https:\/\/denlillegarnfabrikken.no\/?product=heidilender\"]}]},{\"@type\":\"BreadcrumbList\",\"@id\":\"https:\/\/denlillegarnfabrikken.no\/?product=heidilender#breadcrumb\",\"itemListElement\":[{\"@type\":\"ListItem\",\"position\":1,\"name\":\"Home\",\"item\":\"https:\/\/denlillegarnfabrikken.no\/\"},{\"@type\":\"ListItem\",\"position\":2,\"name\":\"Butikk\",\"item\":\"https:\/\/denlillegarnfabrikken.no\/?page_id=7\"},{\"@type\":\"ListItem\",\"position\":3,\"name\":\"Heidilender DLG 24-025\"}]},{\"@type\":\"WebSite\",\"@id\":\"https:\/\/denlillegarnfabrikken.no\/#website\",\"url\":\"https:\/\/denlillegarnfabrikken.no\/\",\"name\":\"Den lille garnfabrikken\",\"description\":\"\",\"publisher\":{\"@id\":\"https:\/\/denlillegarnfabrikken.no\/#organization\"},\"potentialAction\":[{\"@type\":\"SearchAction\",\"target\":{\"@type\":\"EntryPoint\",\"urlTemplate\":\"https:\/\/denlillegarnfabrikken.no\/?s={search_term_string}\"},\"query-input\":\"required name=search_term_string\"}],\"inLanguage\":\"nb-NO\"},{\"@type\":\"Organization\",\"@id\":\"https:\/\/denlillegarnfabrikken.no\/#organization\",\"name\":\"Den lille garnfabrikken\",\"url\":\"https:\/\/denlillegarnfabrikken.no\/\",\"logo\":{\"@type\":\"ImageObject\",\"inLanguage\":\"nb-NO\",\"@id\":\"https:\/\/denlillegarnfabrikken.no\/#\/schema\/logo\/image\/\",\"url\":\"https:\/\/denlillegarnfabrikken.no\/wp-content\/uploads\/2023\/10\/cropped-logotest.jpg\",\"contentUrl\":\"https:\/\/denlillegarnfabrikken.no\/wp-content\/uploads\/2023\/10\/cropped-logotest.jpg\",\"width\":500,\"height\":500,\"caption\":\"Den lille garnfabrikken\"},\"image\":{\"@id\":\"https:\/\/denlillegarnfabrikken.no\/#\/schema\/logo\/image\/\"}}]}<\/script>\n<!-- \/ Yoast SEO plugin. -->","yoast_head_json":{"title":"Heidilender DLG 24-025 - Den lille garnfabrikken","robots":{"index":"index","follow":"follow","max-snippet":"max-snippet:-1","max-image-preview":"max-image-preview:large","max-video-preview":"max-video-preview:-1"},"canonical":"https:\/\/denlillegarnfabrikken.no\/?product=heidilender","og_locale":"nb_NO","og_type":"article","og_title":"Heidilender DLG 24-025 - Den lille garnfabrikken","og_description":"St\u00f8rrelser XS\/S (M\/L) XL\/2XL Plaggets m\u00e5l Overvidde: ca 100 (120) 140 cm Hel lengde, m\u00e5lt til uk halskant midt p\u00e5: ca 52 (55) 58 cm. Ermelengde: ca 48 (52) 54 [&hellip;]","og_url":"https:\/\/denlillegarnfabrikken.no\/?product=heidilender","og_site_name":"Den lille garnfabrikken","article_modified_time":"2025-04-19T10:12:57+00:00","og_image":[{"width":2560,"height":2560,"url":"https:\/\/denlillegarnfabrikken.no\/wp-content\/uploads\/2024\/12\/DLG-24-025-AS502-Heidilender-i-mykt-alpakkagarn-101-scaled.jpg","type":"image\/jpeg"}],"twitter_card":"summary_large_image","twitter_misc":{"Ansl. lesetid":"1 minutt"},"schema":{"@context":"https:\/\/schema.org","@graph":[{"@type":"WebPage","@id":"https:\/\/denlillegarnfabrikken.no\/?product=heidilender","url":"https:\/\/denlillegarnfabrikken.no\/?product=heidilender","name":"Heidilender DLG 24-025 - Den lille garnfabrikken","isPartOf":{"@id":"https:\/\/denlillegarnfabrikken.no\/#website"},"datePublished":"2024-12-04T11:13:57+00:00","dateModified":"2025-04-19T10:12:57+00:00","breadcrumb":{"@id":"https:\/\/denlillegarnfabrikken.no\/?product=heidilender#breadcrumb"},"inLanguage":"nb-NO","potentialAction":[{"@type":"ReadAction","target":["https:\/\/denlillegarnfabrikken.no\/?product=heidilender"]}]},{"@type":"BreadcrumbList","@id":"https:\/\/denlillegarnfabrikken.no\/?product=heidilender#breadcrumb","itemListElement":[{"@type":"ListItem","position":1,"name":"Home","item":"https:\/\/denlillegarnfabrikken.no\/"},{"@type":"ListItem","position":2,"name":"Butikk","item":"https:\/\/denlillegarnfabrikken.no\/?page_id=7"},{"@type":"ListItem","position":3,"name":"Heidilender DLG 24-025"}]},{"@type":"WebSite","@id":"https:\/\/denlillegarnfabrikken.no\/#website","url":"https:\/\/denlillegarnfabrikken.no\/","name":"Den lille garnfabrikken","description":"","publisher":{"@id":"https:\/\/denlillegarnfabrikken.no\/#organization"},"potentialAction":[{"@type":"SearchAction","target":{"@type":"EntryPoint","urlTemplate":"https:\/\/denlillegarnfabrikken.no\/?s={search_term_string}"},"query-input":"required name=search_term_string"}],"inLanguage":"nb-NO"},{"@type":"Organization","@id":"https:\/\/denlillegarnfabrikken.no\/#organization","name":"Den lille garnfabrikken","url":"https:\/\/denlillegarnfabrikken.no\/","logo":{"@type":"ImageObject","inLanguage":"nb-NO","@id":"https:\/\/denlillegarnfabrikken.no\/#\/schema\/logo\/image\/","url":"https:\/\/denlillegarnfabrikken.no\/wp-content\/uploads\/2023\/10\/cropped-logotest.jpg","contentUrl":"https:\/\/denlillegarnfabrikken.no\/wp-content\/uploads\/2023\/10\/cropped-logotest.jpg","width":500,"height":500,"caption":"Den lille garnfabrikken"},"image":{"@id":"https:\/\/denlillegarnfabrikken.no\/#\/schema\/logo\/image\/"}}]}},"_links":{"self":[{"href":"https:\/\/denlillegarnfabrikken.no\/index.php?rest_route=\/wp\/v2\/product\/206","targetHints":{"allow":["GET"]}}],"collection":[{"href":"https:\/\/denlillegarnfabrikken.no\/index.php?rest_route=\/wp\/v2\/product"}],"about":[{"href":"https:\/\/denlillegarnfabrikken.no\/index.php?rest_route=\/wp\/v2\/types\/product"}],"replies":[{"embeddable":true,"href":"https:\/\/denlillegarnfabrikken.no\/index.php?rest_route=%2Fwp%2Fv2%2Fcomments&post=206"}],"wp:featuredmedia":[{"embeddable":true,"href":"https:\/\/denlillegarnfabrikken.no\/index.php?rest_route=\/wp\/v2\/media\/207"}],"wp:attachment":[{"href":"https:\/\/denlillegarnfabrikken.no\/index.php?rest_route=%2Fwp%2Fv2%2Fmedia&parent=206"}],"wp:term":[{"taxonomy":"product_cat","embeddable":true,"href":"https:\/\/denlillegarnfabrikken.no\/index.php?rest_route=%2Fwp%2Fv2%2Fproduct_cat&post=206"},{"taxonomy":"product_tag","embeddable":true,"href":"https:\/\/denlillegarnfabrikken.no\/index.php?rest_route=%2Fwp%2Fv2%2Fproduct_tag&post=206"}],"curies":[{"name":"wp","href":"https:\/\/api.w.org\/{rel}","templated":true}]}}