{"id":31,"date":"2023-11-17T14:37:55","date_gmt":"2023-11-17T14:37:55","guid":{"rendered":"https:\/\/denlillegarnfabrikken.no\/?post_type=product&#038;p=31"},"modified":"2023-11-17T14:38:28","modified_gmt":"2023-11-17T14:38:28","slug":"hannagenseren","status":"publish","type":"product","link":"https:\/\/denlillegarnfabrikken.no\/?product=hannagenseren","title":{"rendered":"Hannagenseren DLG-21-012"},"content":{"rendered":"<p>St\u00f8rrelse<br \/>\nXS (S) M (L) XL<\/p>\n<p>M\u00e5l<br \/>\nOvervidde: 88(96)104(116)124 cm<br \/>\nErmlengde: 43(45)45(47)49 cm<br \/>\nHel lengde: ca 52(54)56(58)60 cm<\/p>\n<p>Strikkefasthet<br \/>\n21 m p\u00e5 pinne nr.4 = 10 cm<br \/>\nAnbefalte pinner<br \/>\nRundpinne 80 cm nr. 3,5 og 4<br \/>\nRundpinne 40 cm nr.3,5 og 4<br \/>\nStr\u00f8mpepinner nr.3,5<\/p>\n<p>Garn<br \/>\nDen Lille Garnfabrikken &#8211; Sportsull,<br \/>\nBunnfarge: 113 &#8211; Lys gr\u00e5<br \/>\nM\u00f8nsterfarge 1: 102 &#8211; Naturhvit<br \/>\nM\u00f8nsterfarge 2: 160 &#8211; M\u00f8rk r\u00f8d<\/p>\n<p>Garnmengde<br \/>\n113 &#8211; Lys gr\u00e5: 450(500)600(650)700 g<br \/>\n102 &#8211; Naturhvit: 100(100)150(150)150 g<br \/>\n160 &#8211; M\u00f8rk r\u00f8d: 100 g ( alle str)<\/p>\n","protected":false},"excerpt":{"rendered":"<p>Meget klassisk strikkegenser med norsk m\u00f8nster, en sikker gave til deg selv eller andre!<\/p>\n<p>Genseren strikkes i SportsUll fra Den lille garnfabrikken, et godt garn i 100% ull.<\/p>\n<p>Hannagenseren strikkes nedenfra og opp.<\/p>\n<p>Strikkepakken inneholder veiledende garnmengde og oppskriften til genseren som PDF, eller du kan selv velge om du vil ha den printet ut p\u00e5 h\u00f8ykvalitetsark.<\/p>\n","protected":false},"featured_media":32,"comment_status":"open","ping_status":"closed","template":"","meta":[],"product_cat":[17],"product_tag":[27,26],"class_list":{"0":"post-31","1":"product","2":"type-product","3":"status-publish","4":"has-post-thumbnail","6":"product_cat-gensere","7":"product_tag-genser","8":"product_tag-hannagenser","10":"first","11":"instock","12":"shipping-taxable","13":"product-type-external"},"yoast_head":"<!-- This site is optimized with the Yoast SEO plugin v21.3 - https:\/\/yoast.com\/wordpress\/plugins\/seo\/ -->\n<title>Hannagenseren DLG-21-012 - Den lille garnfabrikken<\/title>\n<meta name=\"description\" content=\"Meget klassisk strikkegenser med norsk m\u00f8nster, en sikker gave til deg selv eller andre! Genseren strikkes i SportsUll fra Den lille garnfabrikken, et godt garn i 100% ull.\" \/>\n<meta name=\"robots\" content=\"index, follow, max-snippet:-1, max-image-preview:large, max-video-preview:-1\" \/>\n<link rel=\"canonical\" href=\"http:\/\/denlillegarnfabrikken.no\/?product=hannagenseren\" \/>\n<meta property=\"og:locale\" content=\"nb_NO\" \/>\n<meta property=\"og:type\" content=\"article\" \/>\n<meta property=\"og:title\" content=\"Hannagenseren DLG-21-012 - Den lille garnfabrikken\" \/>\n<meta property=\"og:description\" content=\"Meget klassisk strikkegenser med norsk m\u00f8nster, en sikker gave til deg selv eller andre! Genseren strikkes i SportsUll fra Den lille garnfabrikken, et godt garn i 100% ull.\" \/>\n<meta property=\"og:url\" content=\"http:\/\/denlillegarnfabrikken.no\/?product=hannagenseren\" \/>\n<meta property=\"og:site_name\" content=\"Den lille garnfabrikken\" \/>\n<meta property=\"article:modified_time\" content=\"2023-11-17T14:38:28+00:00\" \/>\n<meta property=\"og:image\" content=\"http:\/\/denlillegarnfabrikken.no\/wp-content\/uploads\/2023\/11\/Hannagenseren-DLG-21-012-103.jpg\" \/>\n\t<meta property=\"og:image:width\" content=\"1100\" \/>\n\t<meta property=\"og:image:height\" content=\"1100\" \/>\n\t<meta property=\"og:image:type\" content=\"image\/jpeg\" \/>\n<meta name=\"twitter:card\" content=\"summary_large_image\" \/>\n<meta name=\"twitter:label1\" content=\"Ansl. lesetid\" \/>\n\t<meta name=\"twitter:data1\" content=\"1 minutt\" \/>\n<script type=\"application\/ld+json\" class=\"yoast-schema-graph\">{\"@context\":\"https:\/\/schema.org\",\"@graph\":[{\"@type\":\"WebPage\",\"@id\":\"http:\/\/denlillegarnfabrikken.no\/?product=hannagenseren\",\"url\":\"http:\/\/denlillegarnfabrikken.no\/?product=hannagenseren\",\"name\":\"Hannagenseren DLG-21-012 - Den lille garnfabrikken\",\"isPartOf\":{\"@id\":\"https:\/\/denlillegarnfabrikken.no\/#website\"},\"datePublished\":\"2023-11-17T14:37:55+00:00\",\"dateModified\":\"2023-11-17T14:38:28+00:00\",\"description\":\"Meget klassisk strikkegenser med norsk m\u00f8nster, en sikker gave til deg selv eller andre! Genseren strikkes i SportsUll fra Den lille garnfabrikken, et godt garn i 100% ull.\",\"breadcrumb\":{\"@id\":\"http:\/\/denlillegarnfabrikken.no\/?product=hannagenseren#breadcrumb\"},\"inLanguage\":\"nb-NO\",\"potentialAction\":[{\"@type\":\"ReadAction\",\"target\":[\"http:\/\/denlillegarnfabrikken.no\/?product=hannagenseren\"]}]},{\"@type\":\"BreadcrumbList\",\"@id\":\"http:\/\/denlillegarnfabrikken.no\/?product=hannagenseren#breadcrumb\",\"itemListElement\":[{\"@type\":\"ListItem\",\"position\":1,\"name\":\"Home\",\"item\":\"https:\/\/denlillegarnfabrikken.no\/\"},{\"@type\":\"ListItem\",\"position\":2,\"name\":\"Butikk\",\"item\":\"https:\/\/denlillegarnfabrikken.no\/?page_id=7\"},{\"@type\":\"ListItem\",\"position\":3,\"name\":\"Hannagenseren DLG-21-012\"}]},{\"@type\":\"WebSite\",\"@id\":\"https:\/\/denlillegarnfabrikken.no\/#website\",\"url\":\"https:\/\/denlillegarnfabrikken.no\/\",\"name\":\"Den lille garnfabrikken\",\"description\":\"\",\"publisher\":{\"@id\":\"https:\/\/denlillegarnfabrikken.no\/#organization\"},\"potentialAction\":[{\"@type\":\"SearchAction\",\"target\":{\"@type\":\"EntryPoint\",\"urlTemplate\":\"https:\/\/denlillegarnfabrikken.no\/?s={search_term_string}\"},\"query-input\":\"required name=search_term_string\"}],\"inLanguage\":\"nb-NO\"},{\"@type\":\"Organization\",\"@id\":\"https:\/\/denlillegarnfabrikken.no\/#organization\",\"name\":\"Den lille garnfabrikken\",\"url\":\"https:\/\/denlillegarnfabrikken.no\/\",\"logo\":{\"@type\":\"ImageObject\",\"inLanguage\":\"nb-NO\",\"@id\":\"https:\/\/denlillegarnfabrikken.no\/#\/schema\/logo\/image\/\",\"url\":\"https:\/\/denlillegarnfabrikken.no\/wp-content\/uploads\/2023\/10\/cropped-logotest.jpg\",\"contentUrl\":\"https:\/\/denlillegarnfabrikken.no\/wp-content\/uploads\/2023\/10\/cropped-logotest.jpg\",\"width\":500,\"height\":500,\"caption\":\"Den lille garnfabrikken\"},\"image\":{\"@id\":\"https:\/\/denlillegarnfabrikken.no\/#\/schema\/logo\/image\/\"}}]}<\/script>\n<!-- \/ Yoast SEO plugin. -->","yoast_head_json":{"title":"Hannagenseren DLG-21-012 - Den lille garnfabrikken","description":"Meget klassisk strikkegenser med norsk m\u00f8nster, en sikker gave til deg selv eller andre! Genseren strikkes i SportsUll fra Den lille garnfabrikken, et godt garn i 100% ull.","robots":{"index":"index","follow":"follow","max-snippet":"max-snippet:-1","max-image-preview":"max-image-preview:large","max-video-preview":"max-video-preview:-1"},"canonical":"http:\/\/denlillegarnfabrikken.no\/?product=hannagenseren","og_locale":"nb_NO","og_type":"article","og_title":"Hannagenseren DLG-21-012 - Den lille garnfabrikken","og_description":"Meget klassisk strikkegenser med norsk m\u00f8nster, en sikker gave til deg selv eller andre! Genseren strikkes i SportsUll fra Den lille garnfabrikken, et godt garn i 100% ull.","og_url":"http:\/\/denlillegarnfabrikken.no\/?product=hannagenseren","og_site_name":"Den lille garnfabrikken","article_modified_time":"2023-11-17T14:38:28+00:00","og_image":[{"width":1100,"height":1100,"url":"http:\/\/denlillegarnfabrikken.no\/wp-content\/uploads\/2023\/11\/Hannagenseren-DLG-21-012-103.jpg","type":"image\/jpeg"}],"twitter_card":"summary_large_image","twitter_misc":{"Ansl. lesetid":"1 minutt"},"schema":{"@context":"https:\/\/schema.org","@graph":[{"@type":"WebPage","@id":"http:\/\/denlillegarnfabrikken.no\/?product=hannagenseren","url":"http:\/\/denlillegarnfabrikken.no\/?product=hannagenseren","name":"Hannagenseren DLG-21-012 - Den lille garnfabrikken","isPartOf":{"@id":"https:\/\/denlillegarnfabrikken.no\/#website"},"datePublished":"2023-11-17T14:37:55+00:00","dateModified":"2023-11-17T14:38:28+00:00","description":"Meget klassisk strikkegenser med norsk m\u00f8nster, en sikker gave til deg selv eller andre! Genseren strikkes i SportsUll fra Den lille garnfabrikken, et godt garn i 100% ull.","breadcrumb":{"@id":"http:\/\/denlillegarnfabrikken.no\/?product=hannagenseren#breadcrumb"},"inLanguage":"nb-NO","potentialAction":[{"@type":"ReadAction","target":["http:\/\/denlillegarnfabrikken.no\/?product=hannagenseren"]}]},{"@type":"BreadcrumbList","@id":"http:\/\/denlillegarnfabrikken.no\/?product=hannagenseren#breadcrumb","itemListElement":[{"@type":"ListItem","position":1,"name":"Home","item":"https:\/\/denlillegarnfabrikken.no\/"},{"@type":"ListItem","position":2,"name":"Butikk","item":"https:\/\/denlillegarnfabrikken.no\/?page_id=7"},{"@type":"ListItem","position":3,"name":"Hannagenseren DLG-21-012"}]},{"@type":"WebSite","@id":"https:\/\/denlillegarnfabrikken.no\/#website","url":"https:\/\/denlillegarnfabrikken.no\/","name":"Den lille garnfabrikken","description":"","publisher":{"@id":"https:\/\/denlillegarnfabrikken.no\/#organization"},"potentialAction":[{"@type":"SearchAction","target":{"@type":"EntryPoint","urlTemplate":"https:\/\/denlillegarnfabrikken.no\/?s={search_term_string}"},"query-input":"required name=search_term_string"}],"inLanguage":"nb-NO"},{"@type":"Organization","@id":"https:\/\/denlillegarnfabrikken.no\/#organization","name":"Den lille garnfabrikken","url":"https:\/\/denlillegarnfabrikken.no\/","logo":{"@type":"ImageObject","inLanguage":"nb-NO","@id":"https:\/\/denlillegarnfabrikken.no\/#\/schema\/logo\/image\/","url":"https:\/\/denlillegarnfabrikken.no\/wp-content\/uploads\/2023\/10\/cropped-logotest.jpg","contentUrl":"https:\/\/denlillegarnfabrikken.no\/wp-content\/uploads\/2023\/10\/cropped-logotest.jpg","width":500,"height":500,"caption":"Den lille garnfabrikken"},"image":{"@id":"https:\/\/denlillegarnfabrikken.no\/#\/schema\/logo\/image\/"}}]}},"_links":{"self":[{"href":"https:\/\/denlillegarnfabrikken.no\/index.php?rest_route=\/wp\/v2\/product\/31","targetHints":{"allow":["GET"]}}],"collection":[{"href":"https:\/\/denlillegarnfabrikken.no\/index.php?rest_route=\/wp\/v2\/product"}],"about":[{"href":"https:\/\/denlillegarnfabrikken.no\/index.php?rest_route=\/wp\/v2\/types\/product"}],"replies":[{"embeddable":true,"href":"https:\/\/denlillegarnfabrikken.no\/index.php?rest_route=%2Fwp%2Fv2%2Fcomments&post=31"}],"wp:featuredmedia":[{"embeddable":true,"href":"https:\/\/denlillegarnfabrikken.no\/index.php?rest_route=\/wp\/v2\/media\/32"}],"wp:attachment":[{"href":"https:\/\/denlillegarnfabrikken.no\/index.php?rest_route=%2Fwp%2Fv2%2Fmedia&parent=31"}],"wp:term":[{"taxonomy":"product_cat","embeddable":true,"href":"https:\/\/denlillegarnfabrikken.no\/index.php?rest_route=%2Fwp%2Fv2%2Fproduct_cat&post=31"},{"taxonomy":"product_tag","embeddable":true,"href":"https:\/\/denlillegarnfabrikken.no\/index.php?rest_route=%2Fwp%2Fv2%2Fproduct_tag&post=31"}],"curies":[{"name":"wp","href":"https:\/\/api.w.org\/{rel}","templated":true}]}}