{"id":35,"date":"2023-11-24T12:20:13","date_gmt":"2023-11-24T12:20:13","guid":{"rendered":"https:\/\/denlillegarnfabrikken.no\/?post_type=product&#038;p=35"},"modified":"2023-11-24T12:20:13","modified_gmt":"2023-11-24T12:20:13","slug":"kapteingenseren-dlg-22-002","status":"publish","type":"product","link":"https:\/\/denlillegarnfabrikken.no\/?product=kapteingenseren-dlg-22-002","title":{"rendered":"Kapteingenseren DLG 22-002"},"content":{"rendered":"<p>UNISEX ST\u00d8RRELSER<br \/>\nS (M) L (XL) XXL (XXXL)<br \/>\nOBS! Se PLAGGETS M\u00c5L og finn riktig st\u00f8rrelse<\/p>\n<p>PLAGGETS M\u00c5L<br \/>\nOvervidde ca 99 (109) 115 (125) 132 (142) cm<br \/>\nHel lengde ca 66 (68) 70 (72) 74 (76) cm<br \/>\nErmelengde ca 50 (50) 51 (52) 52 (53) cm<br \/>\nNB! til dame beregnes noe kortere ermelengde: ca 48 (48) 49 (49) 50 (50) cm<\/p>\n<p>GARNMENGDE<br \/>\nFarge 1 11 (12) 13 (14) 15 (16) n\u00f8ster<br \/>\nFarge 2 6 (6) 7 (7) 8 (8) n\u00f8ster<br \/>\nFARGER<br \/>\nFarge 1 Marine nr 126<br \/>\nFarge 2 Hvitt nr 100<\/p>\n<p>PINNEFORSLAG<br \/>\nStor og liten rundp og str\u00f8mpep nr 3 og 3\u00bd<br \/>\nSTRIKKEFASTHET<br \/>\n22 m glattstrikk p\u00e5 p nr 3 \u00bd = 10 cm<br \/>\nSjekk strikkefastheten ved \u00e5 strikke en pr\u00f8velapp. Tell antall m pr 10 cm, har du flere m enn oppgitt, skift til tykkere p. Har du f\u00e6rre m, skift til tynnere p.<\/p>\n<p>NB: M\u00f8nsterstrikk trekker seg gjerne sammen ved strikking, og det er ikke uvanlig \u00e5 m\u00e5tte g\u00e5 opp \u00bd til 1 pinnest\u00f8rrelse n\u00e5r m\u00f8nster strikkes. Bruk det pinnenr du m\u00e5 for \u00e5 oppn\u00e5 riktig strikkefasthet.<\/p>\n<p>Husk at strikkefastheten m\u00e5 holdes hvis resultatet skal bli vellykket<\/p>\n","protected":false},"excerpt":{"rendered":"<p><a href=\"https:\/\/www.strikkia.no\/strikkeoppskrifter-med-garn\/gensere\/k\/kaptein.html\">Kapteingenseren<\/a>\u00a0er et perfekt gavetips til alle b\u00e5tf\u00f8rere og andre som elsker sj\u00f8livet!<\/p>\n<p>Genseren strikkes i Sportsull, et garn i 100% ull (superwash) som blir herlig \u00e5 ha p\u00e5 seg! Genseren blir myk og passer godt p\u00e5 sj\u00f8en!<\/p>\n<p>Oppskriften er unisex.<\/p>\n","protected":false},"featured_media":36,"comment_status":"open","ping_status":"closed","template":"","meta":[],"product_cat":[17],"product_tag":[27,29],"class_list":{"0":"post-35","1":"product","2":"type-product","3":"status-publish","4":"has-post-thumbnail","6":"product_cat-gensere","7":"product_tag-genser","8":"product_tag-unisex","10":"first","11":"instock","12":"shipping-taxable","13":"product-type-external"},"yoast_head":"<!-- This site is optimized with the Yoast SEO plugin v21.3 - https:\/\/yoast.com\/wordpress\/plugins\/seo\/ -->\n<title>Kapteingenseren DLG 22-002 - Den lille garnfabrikken<\/title>\n<meta name=\"description\" content=\"Genseren strikkes i Sportsull, et garn i 100% ull (superwash) som blir herlig \u00e5 ha p\u00e5 seg! Genseren blir myk og passer godt p\u00e5 sj\u00f8en! Oppskriften er unisex.\" \/>\n<meta name=\"robots\" content=\"index, follow, max-snippet:-1, max-image-preview:large, max-video-preview:-1\" \/>\n<link rel=\"canonical\" href=\"https:\/\/denlillegarnfabrikken.no\/?product=kapteingenseren-dlg-22-002\" \/>\n<meta property=\"og:locale\" content=\"nb_NO\" \/>\n<meta property=\"og:type\" content=\"article\" \/>\n<meta property=\"og:title\" content=\"Kapteingenseren DLG 22-002 - Den lille garnfabrikken\" \/>\n<meta property=\"og:description\" content=\"Genseren strikkes i Sportsull, et garn i 100% ull (superwash) som blir herlig \u00e5 ha p\u00e5 seg! Genseren blir myk og passer godt p\u00e5 sj\u00f8en! Oppskriften er unisex.\" \/>\n<meta property=\"og:url\" content=\"https:\/\/denlillegarnfabrikken.no\/?product=kapteingenseren-dlg-22-002\" \/>\n<meta property=\"og:site_name\" content=\"Den lille garnfabrikken\" \/>\n<meta property=\"og:image\" content=\"https:\/\/denlillegarnfabrikken.no\/wp-content\/uploads\/2023\/11\/DLG-22-002A-103-Kapteingenser.jpg\" \/>\n\t<meta property=\"og:image:width\" content=\"1100\" \/>\n\t<meta property=\"og:image:height\" content=\"1100\" \/>\n\t<meta property=\"og:image:type\" content=\"image\/jpeg\" \/>\n<meta name=\"twitter:card\" content=\"summary_large_image\" \/>\n<meta name=\"twitter:label1\" content=\"Ansl. lesetid\" \/>\n\t<meta name=\"twitter:data1\" content=\"2 minutter\" \/>\n<script type=\"application\/ld+json\" class=\"yoast-schema-graph\">{\"@context\":\"https:\/\/schema.org\",\"@graph\":[{\"@type\":\"WebPage\",\"@id\":\"https:\/\/denlillegarnfabrikken.no\/?product=kapteingenseren-dlg-22-002\",\"url\":\"https:\/\/denlillegarnfabrikken.no\/?product=kapteingenseren-dlg-22-002\",\"name\":\"Kapteingenseren DLG 22-002 - Den lille garnfabrikken\",\"isPartOf\":{\"@id\":\"https:\/\/denlillegarnfabrikken.no\/#website\"},\"datePublished\":\"2023-11-24T12:20:13+00:00\",\"dateModified\":\"2023-11-24T12:20:13+00:00\",\"description\":\"Genseren strikkes i Sportsull, et garn i 100% ull (superwash) som blir herlig \u00e5 ha p\u00e5 seg! Genseren blir myk og passer godt p\u00e5 sj\u00f8en! Oppskriften er unisex.\",\"breadcrumb\":{\"@id\":\"https:\/\/denlillegarnfabrikken.no\/?product=kapteingenseren-dlg-22-002#breadcrumb\"},\"inLanguage\":\"nb-NO\",\"potentialAction\":[{\"@type\":\"ReadAction\",\"target\":[\"https:\/\/denlillegarnfabrikken.no\/?product=kapteingenseren-dlg-22-002\"]}]},{\"@type\":\"BreadcrumbList\",\"@id\":\"https:\/\/denlillegarnfabrikken.no\/?product=kapteingenseren-dlg-22-002#breadcrumb\",\"itemListElement\":[{\"@type\":\"ListItem\",\"position\":1,\"name\":\"Home\",\"item\":\"https:\/\/denlillegarnfabrikken.no\/\"},{\"@type\":\"ListItem\",\"position\":2,\"name\":\"Butikk\",\"item\":\"https:\/\/denlillegarnfabrikken.no\/?page_id=7\"},{\"@type\":\"ListItem\",\"position\":3,\"name\":\"Kapteingenseren DLG 22-002\"}]},{\"@type\":\"WebSite\",\"@id\":\"https:\/\/denlillegarnfabrikken.no\/#website\",\"url\":\"https:\/\/denlillegarnfabrikken.no\/\",\"name\":\"Den lille garnfabrikken\",\"description\":\"\",\"publisher\":{\"@id\":\"https:\/\/denlillegarnfabrikken.no\/#organization\"},\"potentialAction\":[{\"@type\":\"SearchAction\",\"target\":{\"@type\":\"EntryPoint\",\"urlTemplate\":\"https:\/\/denlillegarnfabrikken.no\/?s={search_term_string}\"},\"query-input\":\"required name=search_term_string\"}],\"inLanguage\":\"nb-NO\"},{\"@type\":\"Organization\",\"@id\":\"https:\/\/denlillegarnfabrikken.no\/#organization\",\"name\":\"Den lille garnfabrikken\",\"url\":\"https:\/\/denlillegarnfabrikken.no\/\",\"logo\":{\"@type\":\"ImageObject\",\"inLanguage\":\"nb-NO\",\"@id\":\"https:\/\/denlillegarnfabrikken.no\/#\/schema\/logo\/image\/\",\"url\":\"https:\/\/denlillegarnfabrikken.no\/wp-content\/uploads\/2023\/10\/cropped-logotest.jpg\",\"contentUrl\":\"https:\/\/denlillegarnfabrikken.no\/wp-content\/uploads\/2023\/10\/cropped-logotest.jpg\",\"width\":500,\"height\":500,\"caption\":\"Den lille garnfabrikken\"},\"image\":{\"@id\":\"https:\/\/denlillegarnfabrikken.no\/#\/schema\/logo\/image\/\"}}]}<\/script>\n<!-- \/ Yoast SEO plugin. -->","yoast_head_json":{"title":"Kapteingenseren DLG 22-002 - Den lille garnfabrikken","description":"Genseren strikkes i Sportsull, et garn i 100% ull (superwash) som blir herlig \u00e5 ha p\u00e5 seg! Genseren blir myk og passer godt p\u00e5 sj\u00f8en! Oppskriften er unisex.","robots":{"index":"index","follow":"follow","max-snippet":"max-snippet:-1","max-image-preview":"max-image-preview:large","max-video-preview":"max-video-preview:-1"},"canonical":"https:\/\/denlillegarnfabrikken.no\/?product=kapteingenseren-dlg-22-002","og_locale":"nb_NO","og_type":"article","og_title":"Kapteingenseren DLG 22-002 - Den lille garnfabrikken","og_description":"Genseren strikkes i Sportsull, et garn i 100% ull (superwash) som blir herlig \u00e5 ha p\u00e5 seg! Genseren blir myk og passer godt p\u00e5 sj\u00f8en! Oppskriften er unisex.","og_url":"https:\/\/denlillegarnfabrikken.no\/?product=kapteingenseren-dlg-22-002","og_site_name":"Den lille garnfabrikken","og_image":[{"width":1100,"height":1100,"url":"https:\/\/denlillegarnfabrikken.no\/wp-content\/uploads\/2023\/11\/DLG-22-002A-103-Kapteingenser.jpg","type":"image\/jpeg"}],"twitter_card":"summary_large_image","twitter_misc":{"Ansl. lesetid":"2 minutter"},"schema":{"@context":"https:\/\/schema.org","@graph":[{"@type":"WebPage","@id":"https:\/\/denlillegarnfabrikken.no\/?product=kapteingenseren-dlg-22-002","url":"https:\/\/denlillegarnfabrikken.no\/?product=kapteingenseren-dlg-22-002","name":"Kapteingenseren DLG 22-002 - Den lille garnfabrikken","isPartOf":{"@id":"https:\/\/denlillegarnfabrikken.no\/#website"},"datePublished":"2023-11-24T12:20:13+00:00","dateModified":"2023-11-24T12:20:13+00:00","description":"Genseren strikkes i Sportsull, et garn i 100% ull (superwash) som blir herlig \u00e5 ha p\u00e5 seg! Genseren blir myk og passer godt p\u00e5 sj\u00f8en! Oppskriften er unisex.","breadcrumb":{"@id":"https:\/\/denlillegarnfabrikken.no\/?product=kapteingenseren-dlg-22-002#breadcrumb"},"inLanguage":"nb-NO","potentialAction":[{"@type":"ReadAction","target":["https:\/\/denlillegarnfabrikken.no\/?product=kapteingenseren-dlg-22-002"]}]},{"@type":"BreadcrumbList","@id":"https:\/\/denlillegarnfabrikken.no\/?product=kapteingenseren-dlg-22-002#breadcrumb","itemListElement":[{"@type":"ListItem","position":1,"name":"Home","item":"https:\/\/denlillegarnfabrikken.no\/"},{"@type":"ListItem","position":2,"name":"Butikk","item":"https:\/\/denlillegarnfabrikken.no\/?page_id=7"},{"@type":"ListItem","position":3,"name":"Kapteingenseren DLG 22-002"}]},{"@type":"WebSite","@id":"https:\/\/denlillegarnfabrikken.no\/#website","url":"https:\/\/denlillegarnfabrikken.no\/","name":"Den lille garnfabrikken","description":"","publisher":{"@id":"https:\/\/denlillegarnfabrikken.no\/#organization"},"potentialAction":[{"@type":"SearchAction","target":{"@type":"EntryPoint","urlTemplate":"https:\/\/denlillegarnfabrikken.no\/?s={search_term_string}"},"query-input":"required name=search_term_string"}],"inLanguage":"nb-NO"},{"@type":"Organization","@id":"https:\/\/denlillegarnfabrikken.no\/#organization","name":"Den lille garnfabrikken","url":"https:\/\/denlillegarnfabrikken.no\/","logo":{"@type":"ImageObject","inLanguage":"nb-NO","@id":"https:\/\/denlillegarnfabrikken.no\/#\/schema\/logo\/image\/","url":"https:\/\/denlillegarnfabrikken.no\/wp-content\/uploads\/2023\/10\/cropped-logotest.jpg","contentUrl":"https:\/\/denlillegarnfabrikken.no\/wp-content\/uploads\/2023\/10\/cropped-logotest.jpg","width":500,"height":500,"caption":"Den lille garnfabrikken"},"image":{"@id":"https:\/\/denlillegarnfabrikken.no\/#\/schema\/logo\/image\/"}}]}},"_links":{"self":[{"href":"https:\/\/denlillegarnfabrikken.no\/index.php?rest_route=\/wp\/v2\/product\/35","targetHints":{"allow":["GET"]}}],"collection":[{"href":"https:\/\/denlillegarnfabrikken.no\/index.php?rest_route=\/wp\/v2\/product"}],"about":[{"href":"https:\/\/denlillegarnfabrikken.no\/index.php?rest_route=\/wp\/v2\/types\/product"}],"replies":[{"embeddable":true,"href":"https:\/\/denlillegarnfabrikken.no\/index.php?rest_route=%2Fwp%2Fv2%2Fcomments&post=35"}],"wp:featuredmedia":[{"embeddable":true,"href":"https:\/\/denlillegarnfabrikken.no\/index.php?rest_route=\/wp\/v2\/media\/36"}],"wp:attachment":[{"href":"https:\/\/denlillegarnfabrikken.no\/index.php?rest_route=%2Fwp%2Fv2%2Fmedia&parent=35"}],"wp:term":[{"taxonomy":"product_cat","embeddable":true,"href":"https:\/\/denlillegarnfabrikken.no\/index.php?rest_route=%2Fwp%2Fv2%2Fproduct_cat&post=35"},{"taxonomy":"product_tag","embeddable":true,"href":"https:\/\/denlillegarnfabrikken.no\/index.php?rest_route=%2Fwp%2Fv2%2Fproduct_tag&post=35"}],"curies":[{"name":"wp","href":"https:\/\/api.w.org\/{rel}","templated":true}]}}