{"id":43,"date":"2023-11-24T12:42:47","date_gmt":"2023-11-24T12:42:47","guid":{"rendered":"https:\/\/denlillegarnfabrikken.no\/?post_type=product&#038;p=43"},"modified":"2023-11-24T12:42:47","modified_gmt":"2023-11-24T12:42:47","slug":"elgskov-dlg-22-006","status":"publish","type":"product","link":"https:\/\/denlillegarnfabrikken.no\/?product=elgskov-dlg-22-006","title":{"rendered":"Elgskov DLG 22-006"},"content":{"rendered":"<p>St\u00f8rrelse<br \/>\nXS (S) M (L) XL (XXL)<\/p>\n<p>M\u00e5l<br \/>\nOvervidde: 91,5 (100,5) 109,5 (118,5) 129 (145,5) cm<br \/>\nErmelengde: 43 (45) 45 (47) 49 (51) cm<br \/>\nHel lengde: ca. 52 (54) 56 (58) 60 (62) cm<\/p>\n<p>Strikkefasthet<br \/>\n20 m p\u00e5 pinne nr. 4,5 = 10 cm<\/p>\n<p>Anbefalte pinner<br \/>\nRundpinne 80 cm nr. 3,5 og 4,5<br \/>\nRundpinne 40 cm nr.3,5 og 4,5<br \/>\nStr\u00f8mpepinner nr.3,5<\/p>\n<p>Garn<br \/>\nSportsull fra Den lille garnfabrikken, 100 % ull superwash ELLER<br \/>\nSportsragg fra Viking garn, 50 g = 100 m<\/p>\n<p>Bunnfarge: 126 &#8211; marinebl\u00e5<br \/>\nM\u00f8nsterfarge 1: 101- natur<br \/>\nM\u00f8nsterfarge 2: 160 &#8211; r\u00f8d<\/p>\n<p>Garnmengde<br \/>\n126 &#8211; marinebl\u00e5: 9 (10) 11 (12) 13 (14) n\u00f8ster<br \/>\n101 &#8211; natur: 2 (2) 3 (3) 3 (4) n\u00f8ster<br \/>\n160 &#8211; r\u00f8d: 1 (1) 2 (2) 2 (2) n\u00f8ster<\/p>\n","protected":false},"excerpt":{"rendered":"<p>Morsom jaktgenser som har f\u00e5tt navnet El(g)skov!<\/p>\n<p>Den som tar p\u00e5 seg denne genseren p\u00e5 jakt f\u00e5r garantert mange morsomme kommentarer og blir turens midtpunkt!!<\/p>\n<p>Genseren har rundfelling og strikkes nedenfra og opp i garnet Sportsull, Sportsull er 100% ull med superwash. Genseren blir god og varm, og passer perfekt til jaktturen!<\/p>\n","protected":false},"featured_media":44,"comment_status":"open","ping_status":"closed","template":"","meta":[],"product_cat":[17],"product_tag":[27],"class_list":{"0":"post-43","1":"product","2":"type-product","3":"status-publish","4":"has-post-thumbnail","6":"product_cat-gensere","7":"product_tag-genser","9":"first","10":"instock","11":"shipping-taxable","12":"product-type-external"},"yoast_head":"<!-- This site is optimized with the Yoast SEO plugin v21.3 - https:\/\/yoast.com\/wordpress\/plugins\/seo\/ -->\n<title>Elgskov DLG 22-006 - Den lille garnfabrikken<\/title>\n<meta name=\"robots\" content=\"index, follow, max-snippet:-1, max-image-preview:large, max-video-preview:-1\" \/>\n<link rel=\"canonical\" href=\"https:\/\/denlillegarnfabrikken.no\/?product=elgskov-dlg-22-006\" \/>\n<meta property=\"og:locale\" content=\"nb_NO\" \/>\n<meta property=\"og:type\" content=\"article\" \/>\n<meta property=\"og:title\" content=\"Elgskov DLG 22-006 - Den lille garnfabrikken\" \/>\n<meta property=\"og:description\" content=\"Morsom jaktgenser som har f\u00e5tt navnet El(g)skov!  Den som tar p\u00e5 seg denne genseren p\u00e5 jakt f\u00e5r garantert mange morsomme kommentarer og blir turens midtpunkt!!  Genseren har rundfelling og strikkes nedenfra og opp i garnet Sportsull, Sportsull er 100% ull med superwash. Genseren blir god og varm, og passer perfekt til jaktturen!\" \/>\n<meta property=\"og:url\" content=\"https:\/\/denlillegarnfabrikken.no\/?product=elgskov-dlg-22-006\" \/>\n<meta property=\"og:site_name\" content=\"Den lille garnfabrikken\" \/>\n<meta property=\"og:image\" content=\"https:\/\/denlillegarnfabrikken.no\/wp-content\/uploads\/2023\/11\/22-006A-Elgskov-101.jpg\" \/>\n\t<meta property=\"og:image:width\" content=\"1000\" \/>\n\t<meta property=\"og:image:height\" content=\"1000\" \/>\n\t<meta property=\"og:image:type\" content=\"image\/jpeg\" \/>\n<meta name=\"twitter:card\" content=\"summary_large_image\" \/>\n<meta name=\"twitter:label1\" content=\"Ansl. lesetid\" \/>\n\t<meta name=\"twitter:data1\" content=\"1 minutt\" \/>\n<script type=\"application\/ld+json\" class=\"yoast-schema-graph\">{\"@context\":\"https:\/\/schema.org\",\"@graph\":[{\"@type\":\"WebPage\",\"@id\":\"https:\/\/denlillegarnfabrikken.no\/?product=elgskov-dlg-22-006\",\"url\":\"https:\/\/denlillegarnfabrikken.no\/?product=elgskov-dlg-22-006\",\"name\":\"Elgskov DLG 22-006 - Den lille garnfabrikken\",\"isPartOf\":{\"@id\":\"https:\/\/denlillegarnfabrikken.no\/#website\"},\"datePublished\":\"2023-11-24T12:42:47+00:00\",\"dateModified\":\"2023-11-24T12:42:47+00:00\",\"breadcrumb\":{\"@id\":\"https:\/\/denlillegarnfabrikken.no\/?product=elgskov-dlg-22-006#breadcrumb\"},\"inLanguage\":\"nb-NO\",\"potentialAction\":[{\"@type\":\"ReadAction\",\"target\":[\"https:\/\/denlillegarnfabrikken.no\/?product=elgskov-dlg-22-006\"]}]},{\"@type\":\"BreadcrumbList\",\"@id\":\"https:\/\/denlillegarnfabrikken.no\/?product=elgskov-dlg-22-006#breadcrumb\",\"itemListElement\":[{\"@type\":\"ListItem\",\"position\":1,\"name\":\"Home\",\"item\":\"https:\/\/denlillegarnfabrikken.no\/\"},{\"@type\":\"ListItem\",\"position\":2,\"name\":\"Butikk\",\"item\":\"https:\/\/denlillegarnfabrikken.no\/?page_id=7\"},{\"@type\":\"ListItem\",\"position\":3,\"name\":\"Elgskov DLG 22-006\"}]},{\"@type\":\"WebSite\",\"@id\":\"https:\/\/denlillegarnfabrikken.no\/#website\",\"url\":\"https:\/\/denlillegarnfabrikken.no\/\",\"name\":\"Den lille garnfabrikken\",\"description\":\"\",\"publisher\":{\"@id\":\"https:\/\/denlillegarnfabrikken.no\/#organization\"},\"potentialAction\":[{\"@type\":\"SearchAction\",\"target\":{\"@type\":\"EntryPoint\",\"urlTemplate\":\"https:\/\/denlillegarnfabrikken.no\/?s={search_term_string}\"},\"query-input\":\"required name=search_term_string\"}],\"inLanguage\":\"nb-NO\"},{\"@type\":\"Organization\",\"@id\":\"https:\/\/denlillegarnfabrikken.no\/#organization\",\"name\":\"Den lille garnfabrikken\",\"url\":\"https:\/\/denlillegarnfabrikken.no\/\",\"logo\":{\"@type\":\"ImageObject\",\"inLanguage\":\"nb-NO\",\"@id\":\"https:\/\/denlillegarnfabrikken.no\/#\/schema\/logo\/image\/\",\"url\":\"https:\/\/denlillegarnfabrikken.no\/wp-content\/uploads\/2023\/10\/cropped-logotest.jpg\",\"contentUrl\":\"https:\/\/denlillegarnfabrikken.no\/wp-content\/uploads\/2023\/10\/cropped-logotest.jpg\",\"width\":500,\"height\":500,\"caption\":\"Den lille garnfabrikken\"},\"image\":{\"@id\":\"https:\/\/denlillegarnfabrikken.no\/#\/schema\/logo\/image\/\"}}]}<\/script>\n<!-- \/ Yoast SEO plugin. -->","yoast_head_json":{"title":"Elgskov DLG 22-006 - Den lille garnfabrikken","robots":{"index":"index","follow":"follow","max-snippet":"max-snippet:-1","max-image-preview":"max-image-preview:large","max-video-preview":"max-video-preview:-1"},"canonical":"https:\/\/denlillegarnfabrikken.no\/?product=elgskov-dlg-22-006","og_locale":"nb_NO","og_type":"article","og_title":"Elgskov DLG 22-006 - Den lille garnfabrikken","og_description":"Morsom jaktgenser som har f\u00e5tt navnet El(g)skov!  Den som tar p\u00e5 seg denne genseren p\u00e5 jakt f\u00e5r garantert mange morsomme kommentarer og blir turens midtpunkt!!  Genseren har rundfelling og strikkes nedenfra og opp i garnet Sportsull, Sportsull er 100% ull med superwash. Genseren blir god og varm, og passer perfekt til jaktturen!","og_url":"https:\/\/denlillegarnfabrikken.no\/?product=elgskov-dlg-22-006","og_site_name":"Den lille garnfabrikken","og_image":[{"width":1000,"height":1000,"url":"https:\/\/denlillegarnfabrikken.no\/wp-content\/uploads\/2023\/11\/22-006A-Elgskov-101.jpg","type":"image\/jpeg"}],"twitter_card":"summary_large_image","twitter_misc":{"Ansl. lesetid":"1 minutt"},"schema":{"@context":"https:\/\/schema.org","@graph":[{"@type":"WebPage","@id":"https:\/\/denlillegarnfabrikken.no\/?product=elgskov-dlg-22-006","url":"https:\/\/denlillegarnfabrikken.no\/?product=elgskov-dlg-22-006","name":"Elgskov DLG 22-006 - Den lille garnfabrikken","isPartOf":{"@id":"https:\/\/denlillegarnfabrikken.no\/#website"},"datePublished":"2023-11-24T12:42:47+00:00","dateModified":"2023-11-24T12:42:47+00:00","breadcrumb":{"@id":"https:\/\/denlillegarnfabrikken.no\/?product=elgskov-dlg-22-006#breadcrumb"},"inLanguage":"nb-NO","potentialAction":[{"@type":"ReadAction","target":["https:\/\/denlillegarnfabrikken.no\/?product=elgskov-dlg-22-006"]}]},{"@type":"BreadcrumbList","@id":"https:\/\/denlillegarnfabrikken.no\/?product=elgskov-dlg-22-006#breadcrumb","itemListElement":[{"@type":"ListItem","position":1,"name":"Home","item":"https:\/\/denlillegarnfabrikken.no\/"},{"@type":"ListItem","position":2,"name":"Butikk","item":"https:\/\/denlillegarnfabrikken.no\/?page_id=7"},{"@type":"ListItem","position":3,"name":"Elgskov DLG 22-006"}]},{"@type":"WebSite","@id":"https:\/\/denlillegarnfabrikken.no\/#website","url":"https:\/\/denlillegarnfabrikken.no\/","name":"Den lille garnfabrikken","description":"","publisher":{"@id":"https:\/\/denlillegarnfabrikken.no\/#organization"},"potentialAction":[{"@type":"SearchAction","target":{"@type":"EntryPoint","urlTemplate":"https:\/\/denlillegarnfabrikken.no\/?s={search_term_string}"},"query-input":"required name=search_term_string"}],"inLanguage":"nb-NO"},{"@type":"Organization","@id":"https:\/\/denlillegarnfabrikken.no\/#organization","name":"Den lille garnfabrikken","url":"https:\/\/denlillegarnfabrikken.no\/","logo":{"@type":"ImageObject","inLanguage":"nb-NO","@id":"https:\/\/denlillegarnfabrikken.no\/#\/schema\/logo\/image\/","url":"https:\/\/denlillegarnfabrikken.no\/wp-content\/uploads\/2023\/10\/cropped-logotest.jpg","contentUrl":"https:\/\/denlillegarnfabrikken.no\/wp-content\/uploads\/2023\/10\/cropped-logotest.jpg","width":500,"height":500,"caption":"Den lille garnfabrikken"},"image":{"@id":"https:\/\/denlillegarnfabrikken.no\/#\/schema\/logo\/image\/"}}]}},"_links":{"self":[{"href":"https:\/\/denlillegarnfabrikken.no\/index.php?rest_route=\/wp\/v2\/product\/43","targetHints":{"allow":["GET"]}}],"collection":[{"href":"https:\/\/denlillegarnfabrikken.no\/index.php?rest_route=\/wp\/v2\/product"}],"about":[{"href":"https:\/\/denlillegarnfabrikken.no\/index.php?rest_route=\/wp\/v2\/types\/product"}],"replies":[{"embeddable":true,"href":"https:\/\/denlillegarnfabrikken.no\/index.php?rest_route=%2Fwp%2Fv2%2Fcomments&post=43"}],"wp:featuredmedia":[{"embeddable":true,"href":"https:\/\/denlillegarnfabrikken.no\/index.php?rest_route=\/wp\/v2\/media\/44"}],"wp:attachment":[{"href":"https:\/\/denlillegarnfabrikken.no\/index.php?rest_route=%2Fwp%2Fv2%2Fmedia&parent=43"}],"wp:term":[{"taxonomy":"product_cat","embeddable":true,"href":"https:\/\/denlillegarnfabrikken.no\/index.php?rest_route=%2Fwp%2Fv2%2Fproduct_cat&post=43"},{"taxonomy":"product_tag","embeddable":true,"href":"https:\/\/denlillegarnfabrikken.no\/index.php?rest_route=%2Fwp%2Fv2%2Fproduct_tag&post=43"}],"curies":[{"name":"wp","href":"https:\/\/api.w.org\/{rel}","templated":true}]}}