{"id":49,"date":"2023-11-24T12:56:38","date_gmt":"2023-11-24T12:56:38","guid":{"rendered":"https:\/\/denlillegarnfabrikken.no\/?post_type=product&#038;p=49"},"modified":"2023-11-24T12:56:38","modified_gmt":"2023-11-24T12:56:38","slug":"hyttekosgenseren-dlg-22-009","status":"publish","type":"product","link":"https:\/\/denlillegarnfabrikken.no\/?product=hyttekosgenseren-dlg-22-009","title":{"rendered":"Hyttekosgenseren DLG 22-009"},"content":{"rendered":"<p>Hyttekosgenseren strikkes nedenfra og opp med rundfelling.<\/p>\n<p><b>Plaggets m\u00e5l<\/b><br \/>\nXXS (XS) S (M) L (XL) XXL (XXXL)<br \/>\nOvervidde: 80 (91) 95 (105) 114 (123) 131 (135) cm.<br \/>\nHel lengde: Ca. 56 (58) 61 (62) 64 (66) 68 (70) cm.<br \/>\nErmelengde: 45 (46) 47 (48) 49 (49) 50 (50) cm, eller \u00f8nsket lengde.<\/p>\n<p>TIPS! M\u00e5l overvidden p\u00e5 en genser du allerede har, eller m\u00e5l overvidden p\u00e5 deg selv og legg til 6\u201310 cm bevegelsesvidde f\u00f8r du bestemmer st\u00f8rrelsen (flere cm om du vil ha en mer oversized fasong).<\/p>\n<p><b>Strikkefasthet<\/b><br \/>\n22 m x 30 omg glattstrikk p\u00e5 pinne nr. 4 = 10 x 10 cm.<\/p>\n<p><b>Anbefalte pinner<\/b><br \/>\nRundpinne 80 cm nr. 3 \u00bd og 4.<br \/>\nRundpinne 40 cm nr. 3 \u00bd og 4.<br \/>\nStr\u00f8mpepinner nr. 3 \u00bd.<\/p>\n<p><b>Garn<\/b><br \/>\nAlpaca Storm fra Viking Garn, 40 % superfine alpakka, 40 % fin merino ull, 20 % nylon. 50 g = 133 m.<\/p>\n<p><b>Garnmengde<\/b><\/p>\n<p>Bunnfarge: 7 (8) 9 (10) 11 (12) 13 (14) n\u00f8ster.<br \/>\nFg 1: 2 (2) 2 (2) 2 (2) 3 (3) 3 n\u00f8ster.<br \/>\nFg 2: 1 n\u00f8ste i alle str.<\/p>\n","protected":false},"excerpt":{"rendered":"<p><a href=\"https:\/\/www.strikkia.no\/strikkeoppskrifter-med-garn\/gensere\/h\/hyttekos.html\">Hyttekos-genseren<\/a> er kanskje \u00e5rets koseligste genser?<\/p>\n<p>Genseren strikkes strikkes nedenfra og opp med rundfelling. Garnet brukt p\u00e5 denne genseren er Alpaca storm, en blanding av 40% Superfine Alpakka, 40% fin Merino ull, 20% Nylon forsterket. Dette garnet gj\u00f8r at genseren blir kjempegod og myk \u00e5 ha p\u00e5 seg, og blir en skikkelig kosegenser p\u00e5 hytta!<\/p>\n","protected":false},"featured_media":50,"comment_status":"open","ping_status":"closed","template":"","meta":[],"product_cat":[17],"product_tag":[27,32],"class_list":{"0":"post-49","1":"product","2":"type-product","3":"status-publish","4":"has-post-thumbnail","6":"product_cat-gensere","7":"product_tag-genser","8":"product_tag-hyttekos","10":"first","11":"instock","12":"shipping-taxable","13":"product-type-external"},"yoast_head":"<!-- This site is optimized with the Yoast SEO plugin v21.3 - https:\/\/yoast.com\/wordpress\/plugins\/seo\/ -->\n<title>Hyttekosgenseren DLG 22-009 - Den lille garnfabrikken<\/title>\n<meta name=\"robots\" content=\"index, follow, max-snippet:-1, max-image-preview:large, max-video-preview:-1\" \/>\n<link rel=\"canonical\" href=\"https:\/\/denlillegarnfabrikken.no\/?product=hyttekosgenseren-dlg-22-009\" \/>\n<meta property=\"og:locale\" content=\"nb_NO\" \/>\n<meta property=\"og:type\" content=\"article\" \/>\n<meta property=\"og:title\" content=\"Hyttekosgenseren DLG 22-009 - Den lille garnfabrikken\" \/>\n<meta property=\"og:description\" content=\"Hyttekos-genseren er kanskje \u00e5rets koseligste genser?  Genseren strikkes strikkes nedenfra og opp med rundfelling. Garnet brukt p\u00e5 denne genseren er Alpaca storm, en blanding av 40% Superfine Alpakka, 40% fin Merino ull, 20% Nylon forsterket. Dette garnet gj\u00f8r at genseren blir kjempegod og myk \u00e5 ha p\u00e5 seg, og blir en skikkelig kosegenser p\u00e5 hytta!\" \/>\n<meta property=\"og:url\" content=\"https:\/\/denlillegarnfabrikken.no\/?product=hyttekosgenseren-dlg-22-009\" \/>\n<meta property=\"og:site_name\" content=\"Den lille garnfabrikken\" \/>\n<meta property=\"og:image\" content=\"https:\/\/denlillegarnfabrikken.no\/wp-content\/uploads\/2023\/11\/DLG-22-009-Hyttekosgenseren-101.jpg\" \/>\n\t<meta property=\"og:image:width\" content=\"1000\" \/>\n\t<meta property=\"og:image:height\" content=\"1000\" \/>\n\t<meta property=\"og:image:type\" content=\"image\/jpeg\" \/>\n<meta name=\"twitter:card\" content=\"summary_large_image\" \/>\n<meta name=\"twitter:label1\" content=\"Ansl. lesetid\" \/>\n\t<meta name=\"twitter:data1\" content=\"1 minutt\" \/>\n<script type=\"application\/ld+json\" class=\"yoast-schema-graph\">{\"@context\":\"https:\/\/schema.org\",\"@graph\":[{\"@type\":\"WebPage\",\"@id\":\"https:\/\/denlillegarnfabrikken.no\/?product=hyttekosgenseren-dlg-22-009\",\"url\":\"https:\/\/denlillegarnfabrikken.no\/?product=hyttekosgenseren-dlg-22-009\",\"name\":\"Hyttekosgenseren DLG 22-009 - Den lille garnfabrikken\",\"isPartOf\":{\"@id\":\"http:\/\/denlillegarnfabrikken.no\/#website\"},\"datePublished\":\"2023-11-24T12:56:38+00:00\",\"dateModified\":\"2023-11-24T12:56:38+00:00\",\"breadcrumb\":{\"@id\":\"https:\/\/denlillegarnfabrikken.no\/?product=hyttekosgenseren-dlg-22-009#breadcrumb\"},\"inLanguage\":\"nb-NO\",\"potentialAction\":[{\"@type\":\"ReadAction\",\"target\":[\"https:\/\/denlillegarnfabrikken.no\/?product=hyttekosgenseren-dlg-22-009\"]}]},{\"@type\":\"BreadcrumbList\",\"@id\":\"https:\/\/denlillegarnfabrikken.no\/?product=hyttekosgenseren-dlg-22-009#breadcrumb\",\"itemListElement\":[{\"@type\":\"ListItem\",\"position\":1,\"name\":\"Home\",\"item\":\"http:\/\/denlillegarnfabrikken.no\/\"},{\"@type\":\"ListItem\",\"position\":2,\"name\":\"Butikk\",\"item\":\"http:\/\/denlillegarnfabrikken.no\/?page_id=7\"},{\"@type\":\"ListItem\",\"position\":3,\"name\":\"Hyttekosgenseren DLG 22-009\"}]},{\"@type\":\"WebSite\",\"@id\":\"http:\/\/denlillegarnfabrikken.no\/#website\",\"url\":\"http:\/\/denlillegarnfabrikken.no\/\",\"name\":\"Den lille garnfabrikken\",\"description\":\"\",\"publisher\":{\"@id\":\"http:\/\/denlillegarnfabrikken.no\/#organization\"},\"potentialAction\":[{\"@type\":\"SearchAction\",\"target\":{\"@type\":\"EntryPoint\",\"urlTemplate\":\"http:\/\/denlillegarnfabrikken.no\/?s={search_term_string}\"},\"query-input\":\"required name=search_term_string\"}],\"inLanguage\":\"nb-NO\"},{\"@type\":\"Organization\",\"@id\":\"http:\/\/denlillegarnfabrikken.no\/#organization\",\"name\":\"Den lille garnfabrikken\",\"url\":\"http:\/\/denlillegarnfabrikken.no\/\",\"logo\":{\"@type\":\"ImageObject\",\"inLanguage\":\"nb-NO\",\"@id\":\"http:\/\/denlillegarnfabrikken.no\/#\/schema\/logo\/image\/\",\"url\":\"https:\/\/denlillegarnfabrikken.no\/wp-content\/uploads\/2023\/10\/cropped-logotest.jpg\",\"contentUrl\":\"https:\/\/denlillegarnfabrikken.no\/wp-content\/uploads\/2023\/10\/cropped-logotest.jpg\",\"width\":500,\"height\":500,\"caption\":\"Den lille garnfabrikken\"},\"image\":{\"@id\":\"http:\/\/denlillegarnfabrikken.no\/#\/schema\/logo\/image\/\"}}]}<\/script>\n<!-- \/ Yoast SEO plugin. -->","yoast_head_json":{"title":"Hyttekosgenseren DLG 22-009 - Den lille garnfabrikken","robots":{"index":"index","follow":"follow","max-snippet":"max-snippet:-1","max-image-preview":"max-image-preview:large","max-video-preview":"max-video-preview:-1"},"canonical":"https:\/\/denlillegarnfabrikken.no\/?product=hyttekosgenseren-dlg-22-009","og_locale":"nb_NO","og_type":"article","og_title":"Hyttekosgenseren DLG 22-009 - Den lille garnfabrikken","og_description":"Hyttekos-genseren er kanskje \u00e5rets koseligste genser?  Genseren strikkes strikkes nedenfra og opp med rundfelling. Garnet brukt p\u00e5 denne genseren er Alpaca storm, en blanding av 40% Superfine Alpakka, 40% fin Merino ull, 20% Nylon forsterket. Dette garnet gj\u00f8r at genseren blir kjempegod og myk \u00e5 ha p\u00e5 seg, og blir en skikkelig kosegenser p\u00e5 hytta!","og_url":"https:\/\/denlillegarnfabrikken.no\/?product=hyttekosgenseren-dlg-22-009","og_site_name":"Den lille garnfabrikken","og_image":[{"width":1000,"height":1000,"url":"https:\/\/denlillegarnfabrikken.no\/wp-content\/uploads\/2023\/11\/DLG-22-009-Hyttekosgenseren-101.jpg","type":"image\/jpeg"}],"twitter_card":"summary_large_image","twitter_misc":{"Ansl. lesetid":"1 minutt"},"schema":{"@context":"https:\/\/schema.org","@graph":[{"@type":"WebPage","@id":"https:\/\/denlillegarnfabrikken.no\/?product=hyttekosgenseren-dlg-22-009","url":"https:\/\/denlillegarnfabrikken.no\/?product=hyttekosgenseren-dlg-22-009","name":"Hyttekosgenseren DLG 22-009 - Den lille garnfabrikken","isPartOf":{"@id":"http:\/\/denlillegarnfabrikken.no\/#website"},"datePublished":"2023-11-24T12:56:38+00:00","dateModified":"2023-11-24T12:56:38+00:00","breadcrumb":{"@id":"https:\/\/denlillegarnfabrikken.no\/?product=hyttekosgenseren-dlg-22-009#breadcrumb"},"inLanguage":"nb-NO","potentialAction":[{"@type":"ReadAction","target":["https:\/\/denlillegarnfabrikken.no\/?product=hyttekosgenseren-dlg-22-009"]}]},{"@type":"BreadcrumbList","@id":"https:\/\/denlillegarnfabrikken.no\/?product=hyttekosgenseren-dlg-22-009#breadcrumb","itemListElement":[{"@type":"ListItem","position":1,"name":"Home","item":"http:\/\/denlillegarnfabrikken.no\/"},{"@type":"ListItem","position":2,"name":"Butikk","item":"http:\/\/denlillegarnfabrikken.no\/?page_id=7"},{"@type":"ListItem","position":3,"name":"Hyttekosgenseren DLG 22-009"}]},{"@type":"WebSite","@id":"http:\/\/denlillegarnfabrikken.no\/#website","url":"http:\/\/denlillegarnfabrikken.no\/","name":"Den lille garnfabrikken","description":"","publisher":{"@id":"http:\/\/denlillegarnfabrikken.no\/#organization"},"potentialAction":[{"@type":"SearchAction","target":{"@type":"EntryPoint","urlTemplate":"http:\/\/denlillegarnfabrikken.no\/?s={search_term_string}"},"query-input":"required name=search_term_string"}],"inLanguage":"nb-NO"},{"@type":"Organization","@id":"http:\/\/denlillegarnfabrikken.no\/#organization","name":"Den lille garnfabrikken","url":"http:\/\/denlillegarnfabrikken.no\/","logo":{"@type":"ImageObject","inLanguage":"nb-NO","@id":"http:\/\/denlillegarnfabrikken.no\/#\/schema\/logo\/image\/","url":"https:\/\/denlillegarnfabrikken.no\/wp-content\/uploads\/2023\/10\/cropped-logotest.jpg","contentUrl":"https:\/\/denlillegarnfabrikken.no\/wp-content\/uploads\/2023\/10\/cropped-logotest.jpg","width":500,"height":500,"caption":"Den lille garnfabrikken"},"image":{"@id":"http:\/\/denlillegarnfabrikken.no\/#\/schema\/logo\/image\/"}}]}},"_links":{"self":[{"href":"https:\/\/denlillegarnfabrikken.no\/index.php?rest_route=\/wp\/v2\/product\/49","targetHints":{"allow":["GET"]}}],"collection":[{"href":"https:\/\/denlillegarnfabrikken.no\/index.php?rest_route=\/wp\/v2\/product"}],"about":[{"href":"https:\/\/denlillegarnfabrikken.no\/index.php?rest_route=\/wp\/v2\/types\/product"}],"replies":[{"embeddable":true,"href":"https:\/\/denlillegarnfabrikken.no\/index.php?rest_route=%2Fwp%2Fv2%2Fcomments&post=49"}],"wp:featuredmedia":[{"embeddable":true,"href":"https:\/\/denlillegarnfabrikken.no\/index.php?rest_route=\/wp\/v2\/media\/50"}],"wp:attachment":[{"href":"https:\/\/denlillegarnfabrikken.no\/index.php?rest_route=%2Fwp%2Fv2%2Fmedia&parent=49"}],"wp:term":[{"taxonomy":"product_cat","embeddable":true,"href":"https:\/\/denlillegarnfabrikken.no\/index.php?rest_route=%2Fwp%2Fv2%2Fproduct_cat&post=49"},{"taxonomy":"product_tag","embeddable":true,"href":"https:\/\/denlillegarnfabrikken.no\/index.php?rest_route=%2Fwp%2Fv2%2Fproduct_tag&post=49"}],"curies":[{"name":"wp","href":"https:\/\/api.w.org\/{rel}","templated":true}]}}