{"id":51,"date":"2023-11-24T12:59:54","date_gmt":"2023-11-24T12:59:54","guid":{"rendered":"https:\/\/denlillegarnfabrikken.no\/?post_type=product&#038;p=51"},"modified":"2023-11-24T12:59:54","modified_gmt":"2023-11-24T12:59:54","slug":"fjellbukkgenseren-dlg-22-010","status":"publish","type":"product","link":"https:\/\/denlillegarnfabrikken.no\/?product=fjellbukkgenseren-dlg-22-010","title":{"rendered":"Fjellbukkgenseren DLG 22-010"},"content":{"rendered":"<p>\u00abFjellgeit\u00bb genser \u2013 strikkes nedenfra og opp med rundfelling<\/p>\n<p>St\u00f8rrelser<br \/>\nXXS (XS) S (M) L (XL) 2XL (3XL)<\/p>\n<p>Plaggets m\u00e5l<br \/>\nOvervidde: 82 (91) 95 (105) 114 (123) 132 (137) cm.<br \/>\nHel lengde: 56 (58) 60 (62) 64 (66) 68 (70) cm.<br \/>\nErmelengde: 45 (46) 47) 48 (49) 49 (49) cm, eller \u00f8nsket lengde.<\/p>\n<p>Strikkefasthet<br \/>\n22 m glattstrikk p\u00e5 pinne nr. 4 = 10 cm.<\/p>\n<p>Anbefalte pinner<br \/>\nRundpinne 80 cm nr. 3 \u00bd og 4.<br \/>\nRundpinne 40 cm nr. 3 \u00bd og 4.<br \/>\nStr\u00f8mpepinner nr. 3 \u00bd.<\/p>\n<p>Garn<br \/>\nViking Alpaca Storm(40% SuperfinevAlpaca, 40% merino ull, 20% nylon)<\/p>\n<p>Garnmengde<br \/>\nBunnfarge: Jeansbl\u00e5 nr. 527<br \/>\n8 (8) 9 (10) 11 (12) 13 (14) n\u00f8ster.<br \/>\nFg 1: Hvit nr.500<br \/>\n2 (2) 2 (2) 3 (3) 3 (3) 3 n\u00f8ster.<br \/>\nFg 2: Bl\u00e5 nr. 522<br \/>\n1 (1) 1 (1) 1 (1) 2 (2) n\u00f8ster.<\/p>\n","protected":false},"excerpt":{"rendered":"<p>PERFEKT turgenser til alle gutter\/menn som liker \u00e5 g\u00e5 i fjellet!<\/p>\n<p>Om du ikke er mann selv, er dette en PERFEKT gave til &laquo;bukken&raquo; din!<\/p>\n<p>Denne utgaven av genseren strikkes i Alpaca Storm, et deilig blandingsgarn (40% Superfine Alpakka, 40% fin Merino ull, 20% Nylon forsterket) Plaggene i dette garnet blir helt utrolig gode og myke!!<\/p>\n<p>Fjellbukkgenseren strikkes nedenfra og opp, med rundfelling. Genseren selges kun hos oss, og kun som strikkepakke.<\/p>\n<p>Vi gj\u00f8r oppmerksom p\u00e5 at bunnfargen er jeansbl\u00e5 selv om den kan se gr\u00e5 ut p\u00e5 bildene. Du kan selv endre fargene som du vil i menyen under.<\/p>\n","protected":false},"featured_media":52,"comment_status":"open","ping_status":"closed","template":"","meta":[],"product_cat":[17],"product_tag":[33,27],"class_list":{"0":"post-51","1":"product","2":"type-product","3":"status-publish","4":"has-post-thumbnail","6":"product_cat-gensere","7":"product_tag-fjellbukk","8":"product_tag-genser","10":"first","11":"instock","12":"shipping-taxable","13":"product-type-external"},"yoast_head":"<!-- This site is optimized with the Yoast SEO plugin v21.3 - https:\/\/yoast.com\/wordpress\/plugins\/seo\/ -->\n<title>Fjellbukkgenseren DLG 22-010 - Den lille garnfabrikken<\/title>\n<meta name=\"robots\" content=\"index, follow, max-snippet:-1, max-image-preview:large, max-video-preview:-1\" \/>\n<link rel=\"canonical\" href=\"https:\/\/denlillegarnfabrikken.no\/?product=fjellbukkgenseren-dlg-22-010\" \/>\n<meta property=\"og:locale\" content=\"nb_NO\" \/>\n<meta property=\"og:type\" content=\"article\" \/>\n<meta property=\"og:title\" content=\"Fjellbukkgenseren DLG 22-010 - Den lille garnfabrikken\" \/>\n<meta property=\"og:description\" content=\"PERFEKT turgenser til alle gutter\/menn som liker \u00e5 g\u00e5 i fjellet!  Om du ikke er mann selv, er dette en PERFEKT gave til &quot;bukken&quot; din!  Denne utgaven av genseren strikkes i Alpaca Storm, et deilig blandingsgarn (40% Superfine Alpakka, 40% fin Merino ull, 20% Nylon forsterket) Plaggene i dette garnet blir helt utrolig gode og myke!!  Fjellbukkgenseren strikkes nedenfra og opp, med rundfelling. Genseren selges kun hos oss, og kun som strikkepakke.  Vi gj\u00f8r oppmerksom p\u00e5 at bunnfargen er jeansbl\u00e5 selv om den kan se gr\u00e5 ut p\u00e5 bildene. Du kan selv endre fargene som du vil i menyen under.\" \/>\n<meta property=\"og:url\" content=\"https:\/\/denlillegarnfabrikken.no\/?product=fjellbukkgenseren-dlg-22-010\" \/>\n<meta property=\"og:site_name\" content=\"Den lille garnfabrikken\" \/>\n<meta property=\"og:image\" content=\"https:\/\/denlillegarnfabrikken.no\/wp-content\/uploads\/2023\/11\/DLG-22-010A-Fjellbukkgenseren-104.jpg\" \/>\n\t<meta property=\"og:image:width\" content=\"1000\" \/>\n\t<meta property=\"og:image:height\" content=\"1000\" \/>\n\t<meta property=\"og:image:type\" content=\"image\/jpeg\" \/>\n<meta name=\"twitter:card\" content=\"summary_large_image\" \/>\n<meta name=\"twitter:label1\" content=\"Ansl. lesetid\" \/>\n\t<meta name=\"twitter:data1\" content=\"1 minutt\" \/>\n<script type=\"application\/ld+json\" class=\"yoast-schema-graph\">{\"@context\":\"https:\/\/schema.org\",\"@graph\":[{\"@type\":\"WebPage\",\"@id\":\"https:\/\/denlillegarnfabrikken.no\/?product=fjellbukkgenseren-dlg-22-010\",\"url\":\"https:\/\/denlillegarnfabrikken.no\/?product=fjellbukkgenseren-dlg-22-010\",\"name\":\"Fjellbukkgenseren DLG 22-010 - Den lille garnfabrikken\",\"isPartOf\":{\"@id\":\"https:\/\/denlillegarnfabrikken.no\/#website\"},\"datePublished\":\"2023-11-24T12:59:54+00:00\",\"dateModified\":\"2023-11-24T12:59:54+00:00\",\"breadcrumb\":{\"@id\":\"https:\/\/denlillegarnfabrikken.no\/?product=fjellbukkgenseren-dlg-22-010#breadcrumb\"},\"inLanguage\":\"nb-NO\",\"potentialAction\":[{\"@type\":\"ReadAction\",\"target\":[\"https:\/\/denlillegarnfabrikken.no\/?product=fjellbukkgenseren-dlg-22-010\"]}]},{\"@type\":\"BreadcrumbList\",\"@id\":\"https:\/\/denlillegarnfabrikken.no\/?product=fjellbukkgenseren-dlg-22-010#breadcrumb\",\"itemListElement\":[{\"@type\":\"ListItem\",\"position\":1,\"name\":\"Home\",\"item\":\"https:\/\/denlillegarnfabrikken.no\/\"},{\"@type\":\"ListItem\",\"position\":2,\"name\":\"Butikk\",\"item\":\"https:\/\/denlillegarnfabrikken.no\/?page_id=7\"},{\"@type\":\"ListItem\",\"position\":3,\"name\":\"Fjellbukkgenseren DLG 22-010\"}]},{\"@type\":\"WebSite\",\"@id\":\"https:\/\/denlillegarnfabrikken.no\/#website\",\"url\":\"https:\/\/denlillegarnfabrikken.no\/\",\"name\":\"Den lille garnfabrikken\",\"description\":\"\",\"publisher\":{\"@id\":\"https:\/\/denlillegarnfabrikken.no\/#organization\"},\"potentialAction\":[{\"@type\":\"SearchAction\",\"target\":{\"@type\":\"EntryPoint\",\"urlTemplate\":\"https:\/\/denlillegarnfabrikken.no\/?s={search_term_string}\"},\"query-input\":\"required name=search_term_string\"}],\"inLanguage\":\"nb-NO\"},{\"@type\":\"Organization\",\"@id\":\"https:\/\/denlillegarnfabrikken.no\/#organization\",\"name\":\"Den lille garnfabrikken\",\"url\":\"https:\/\/denlillegarnfabrikken.no\/\",\"logo\":{\"@type\":\"ImageObject\",\"inLanguage\":\"nb-NO\",\"@id\":\"https:\/\/denlillegarnfabrikken.no\/#\/schema\/logo\/image\/\",\"url\":\"https:\/\/denlillegarnfabrikken.no\/wp-content\/uploads\/2023\/10\/cropped-logotest.jpg\",\"contentUrl\":\"https:\/\/denlillegarnfabrikken.no\/wp-content\/uploads\/2023\/10\/cropped-logotest.jpg\",\"width\":500,\"height\":500,\"caption\":\"Den lille garnfabrikken\"},\"image\":{\"@id\":\"https:\/\/denlillegarnfabrikken.no\/#\/schema\/logo\/image\/\"}}]}<\/script>\n<!-- \/ Yoast SEO plugin. -->","yoast_head_json":{"title":"Fjellbukkgenseren DLG 22-010 - Den lille garnfabrikken","robots":{"index":"index","follow":"follow","max-snippet":"max-snippet:-1","max-image-preview":"max-image-preview:large","max-video-preview":"max-video-preview:-1"},"canonical":"https:\/\/denlillegarnfabrikken.no\/?product=fjellbukkgenseren-dlg-22-010","og_locale":"nb_NO","og_type":"article","og_title":"Fjellbukkgenseren DLG 22-010 - Den lille garnfabrikken","og_description":"PERFEKT turgenser til alle gutter\/menn som liker \u00e5 g\u00e5 i fjellet!  Om du ikke er mann selv, er dette en PERFEKT gave til \"bukken\" din!  Denne utgaven av genseren strikkes i Alpaca Storm, et deilig blandingsgarn (40% Superfine Alpakka, 40% fin Merino ull, 20% Nylon forsterket) Plaggene i dette garnet blir helt utrolig gode og myke!!  Fjellbukkgenseren strikkes nedenfra og opp, med rundfelling. Genseren selges kun hos oss, og kun som strikkepakke.  Vi gj\u00f8r oppmerksom p\u00e5 at bunnfargen er jeansbl\u00e5 selv om den kan se gr\u00e5 ut p\u00e5 bildene. Du kan selv endre fargene som du vil i menyen under.","og_url":"https:\/\/denlillegarnfabrikken.no\/?product=fjellbukkgenseren-dlg-22-010","og_site_name":"Den lille garnfabrikken","og_image":[{"width":1000,"height":1000,"url":"https:\/\/denlillegarnfabrikken.no\/wp-content\/uploads\/2023\/11\/DLG-22-010A-Fjellbukkgenseren-104.jpg","type":"image\/jpeg"}],"twitter_card":"summary_large_image","twitter_misc":{"Ansl. lesetid":"1 minutt"},"schema":{"@context":"https:\/\/schema.org","@graph":[{"@type":"WebPage","@id":"https:\/\/denlillegarnfabrikken.no\/?product=fjellbukkgenseren-dlg-22-010","url":"https:\/\/denlillegarnfabrikken.no\/?product=fjellbukkgenseren-dlg-22-010","name":"Fjellbukkgenseren DLG 22-010 - Den lille garnfabrikken","isPartOf":{"@id":"https:\/\/denlillegarnfabrikken.no\/#website"},"datePublished":"2023-11-24T12:59:54+00:00","dateModified":"2023-11-24T12:59:54+00:00","breadcrumb":{"@id":"https:\/\/denlillegarnfabrikken.no\/?product=fjellbukkgenseren-dlg-22-010#breadcrumb"},"inLanguage":"nb-NO","potentialAction":[{"@type":"ReadAction","target":["https:\/\/denlillegarnfabrikken.no\/?product=fjellbukkgenseren-dlg-22-010"]}]},{"@type":"BreadcrumbList","@id":"https:\/\/denlillegarnfabrikken.no\/?product=fjellbukkgenseren-dlg-22-010#breadcrumb","itemListElement":[{"@type":"ListItem","position":1,"name":"Home","item":"https:\/\/denlillegarnfabrikken.no\/"},{"@type":"ListItem","position":2,"name":"Butikk","item":"https:\/\/denlillegarnfabrikken.no\/?page_id=7"},{"@type":"ListItem","position":3,"name":"Fjellbukkgenseren DLG 22-010"}]},{"@type":"WebSite","@id":"https:\/\/denlillegarnfabrikken.no\/#website","url":"https:\/\/denlillegarnfabrikken.no\/","name":"Den lille garnfabrikken","description":"","publisher":{"@id":"https:\/\/denlillegarnfabrikken.no\/#organization"},"potentialAction":[{"@type":"SearchAction","target":{"@type":"EntryPoint","urlTemplate":"https:\/\/denlillegarnfabrikken.no\/?s={search_term_string}"},"query-input":"required name=search_term_string"}],"inLanguage":"nb-NO"},{"@type":"Organization","@id":"https:\/\/denlillegarnfabrikken.no\/#organization","name":"Den lille garnfabrikken","url":"https:\/\/denlillegarnfabrikken.no\/","logo":{"@type":"ImageObject","inLanguage":"nb-NO","@id":"https:\/\/denlillegarnfabrikken.no\/#\/schema\/logo\/image\/","url":"https:\/\/denlillegarnfabrikken.no\/wp-content\/uploads\/2023\/10\/cropped-logotest.jpg","contentUrl":"https:\/\/denlillegarnfabrikken.no\/wp-content\/uploads\/2023\/10\/cropped-logotest.jpg","width":500,"height":500,"caption":"Den lille garnfabrikken"},"image":{"@id":"https:\/\/denlillegarnfabrikken.no\/#\/schema\/logo\/image\/"}}]}},"_links":{"self":[{"href":"https:\/\/denlillegarnfabrikken.no\/index.php?rest_route=\/wp\/v2\/product\/51","targetHints":{"allow":["GET"]}}],"collection":[{"href":"https:\/\/denlillegarnfabrikken.no\/index.php?rest_route=\/wp\/v2\/product"}],"about":[{"href":"https:\/\/denlillegarnfabrikken.no\/index.php?rest_route=\/wp\/v2\/types\/product"}],"replies":[{"embeddable":true,"href":"https:\/\/denlillegarnfabrikken.no\/index.php?rest_route=%2Fwp%2Fv2%2Fcomments&post=51"}],"wp:featuredmedia":[{"embeddable":true,"href":"https:\/\/denlillegarnfabrikken.no\/index.php?rest_route=\/wp\/v2\/media\/52"}],"wp:attachment":[{"href":"https:\/\/denlillegarnfabrikken.no\/index.php?rest_route=%2Fwp%2Fv2%2Fmedia&parent=51"}],"wp:term":[{"taxonomy":"product_cat","embeddable":true,"href":"https:\/\/denlillegarnfabrikken.no\/index.php?rest_route=%2Fwp%2Fv2%2Fproduct_cat&post=51"},{"taxonomy":"product_tag","embeddable":true,"href":"https:\/\/denlillegarnfabrikken.no\/index.php?rest_route=%2Fwp%2Fv2%2Fproduct_tag&post=51"}],"curies":[{"name":"wp","href":"https:\/\/api.w.org\/{rel}","templated":true}]}}