{"id":62,"date":"2023-11-24T13:15:47","date_gmt":"2023-11-24T13:15:47","guid":{"rendered":"https:\/\/denlillegarnfabrikken.no\/?post_type=product&#038;p=62"},"modified":"2023-11-24T13:15:47","modified_gmt":"2023-11-24T13:15:47","slug":"torquay-strukturgenser-dlg-23-003","status":"publish","type":"product","link":"https:\/\/denlillegarnfabrikken.no\/?product=torquay-strukturgenser-dlg-23-003","title":{"rendered":"Torquay strukturgenser DLG 23-003"},"content":{"rendered":"<p><strong>TORQUAY STRIKKEGENSER MED HULLM\u00d8NSTER<\/strong><br \/>\n\u2013 strikkes nedenfra og opp med rundfelling<\/p>\n<p><strong>St\u00f8rrelser:<\/strong>\u00a02XS (XS) S (M) L (XL) 2XL (3XL)<br \/>\n<strong>Overvidde:<\/strong>\u00a076 (87) 98 (109) 120 (131) 142 (152) cm<br \/>\n<strong>Hel lengde:\u00a0<\/strong>Ca. 61 (61)) 61 (61) 64 (64) 64 (64) cm<br \/>\n<strong>Ermelengde:\u00a0<\/strong>48 (48) 48 (48) 50 (50) 50 (50) cm, eller \u00f8nsket lengde<br \/>\n<strong>Garn:\u00a0<\/strong>Sportsbomull fra Den Lille Garnfabrikken (100 % bomull, 50 g\/100 m): Lys sj\u00f8gr\u00f8nn 5332 &#8211; 11 (11) 12 (13) 14 (15) 16 (17) n\u00f8ster<br \/>\n<strong>Pinner:\u00a0<\/strong>Rundp (80 og 40 cm) nr. 3 \u00bd og 4 og str\u00f8mpep nr. 3 \u00bd<br \/>\n<strong>Strikkefasthet:<\/strong>\u00a022 m glattstr p\u00e5 p nr. 4 = 10 cm<\/p>\n","protected":false},"excerpt":{"rendered":"<p>TORQUAY STRIKKEGENSER MED HULLM\u00d8NSTER \u2013 strikkes nedenfra og opp med rundfelling St\u00f8rrelser:\u00a02XS (XS) S (M) L (XL) 2XL (3XL) Overvidde:\u00a076 (87) 98 (109) 120 (131) 142 (152) cm Hel lengde:\u00a0Ca. [&hellip;]<\/p>\n","protected":false},"featured_media":63,"comment_status":"open","ping_status":"closed","template":"","meta":[],"product_cat":[17],"product_tag":[38,39],"class_list":{"0":"post-62","1":"product","2":"type-product","3":"status-publish","4":"has-post-thumbnail","6":"product_cat-gensere","7":"product_tag-strukturgenser","8":"product_tag-torquay","10":"first","11":"instock","12":"shipping-taxable","13":"product-type-external"},"yoast_head":"<!-- This site is optimized with the Yoast SEO plugin v21.3 - https:\/\/yoast.com\/wordpress\/plugins\/seo\/ -->\n<title>Torquay strukturgenser DLG 23-003 - Den lille garnfabrikken<\/title>\n<meta name=\"robots\" content=\"index, follow, max-snippet:-1, max-image-preview:large, max-video-preview:-1\" \/>\n<link rel=\"canonical\" href=\"http:\/\/denlillegarnfabrikken.no\/?product=torquay-strukturgenser-dlg-23-003\" \/>\n<meta property=\"og:locale\" content=\"nb_NO\" \/>\n<meta property=\"og:type\" content=\"article\" \/>\n<meta property=\"og:title\" content=\"Torquay strukturgenser DLG 23-003 - Den lille garnfabrikken\" \/>\n<meta property=\"og:description\" content=\"TORQUAY STRIKKEGENSER MED HULLM\u00d8NSTER \u2013 strikkes nedenfra og opp med rundfelling St\u00f8rrelser:\u00a02XS (XS) S (M) L (XL) 2XL (3XL) Overvidde:\u00a076 (87) 98 (109) 120 (131) 142 (152) cm Hel lengde:\u00a0Ca. [&hellip;]\" \/>\n<meta property=\"og:url\" content=\"http:\/\/denlillegarnfabrikken.no\/?product=torquay-strukturgenser-dlg-23-003\" \/>\n<meta property=\"og:site_name\" content=\"Den lille garnfabrikken\" \/>\n<meta property=\"og:image\" content=\"http:\/\/denlillegarnfabrikken.no\/wp-content\/uploads\/2023\/11\/DLG-23-003-Torquay-strukturgenser-103.jpg\" \/>\n\t<meta property=\"og:image:width\" content=\"1000\" \/>\n\t<meta property=\"og:image:height\" content=\"1000\" \/>\n\t<meta property=\"og:image:type\" content=\"image\/jpeg\" \/>\n<meta name=\"twitter:card\" content=\"summary_large_image\" \/>\n<meta name=\"twitter:label1\" content=\"Ansl. lesetid\" \/>\n\t<meta name=\"twitter:data1\" content=\"1 minutt\" \/>\n<script type=\"application\/ld+json\" class=\"yoast-schema-graph\">{\"@context\":\"https:\/\/schema.org\",\"@graph\":[{\"@type\":\"WebPage\",\"@id\":\"http:\/\/denlillegarnfabrikken.no\/?product=torquay-strukturgenser-dlg-23-003\",\"url\":\"http:\/\/denlillegarnfabrikken.no\/?product=torquay-strukturgenser-dlg-23-003\",\"name\":\"Torquay strukturgenser DLG 23-003 - Den lille garnfabrikken\",\"isPartOf\":{\"@id\":\"https:\/\/denlillegarnfabrikken.no\/#website\"},\"datePublished\":\"2023-11-24T13:15:47+00:00\",\"dateModified\":\"2023-11-24T13:15:47+00:00\",\"breadcrumb\":{\"@id\":\"http:\/\/denlillegarnfabrikken.no\/?product=torquay-strukturgenser-dlg-23-003#breadcrumb\"},\"inLanguage\":\"nb-NO\",\"potentialAction\":[{\"@type\":\"ReadAction\",\"target\":[\"http:\/\/denlillegarnfabrikken.no\/?product=torquay-strukturgenser-dlg-23-003\"]}]},{\"@type\":\"BreadcrumbList\",\"@id\":\"http:\/\/denlillegarnfabrikken.no\/?product=torquay-strukturgenser-dlg-23-003#breadcrumb\",\"itemListElement\":[{\"@type\":\"ListItem\",\"position\":1,\"name\":\"Home\",\"item\":\"https:\/\/denlillegarnfabrikken.no\/\"},{\"@type\":\"ListItem\",\"position\":2,\"name\":\"Butikk\",\"item\":\"https:\/\/denlillegarnfabrikken.no\/?page_id=7\"},{\"@type\":\"ListItem\",\"position\":3,\"name\":\"Torquay strukturgenser DLG 23-003\"}]},{\"@type\":\"WebSite\",\"@id\":\"https:\/\/denlillegarnfabrikken.no\/#website\",\"url\":\"https:\/\/denlillegarnfabrikken.no\/\",\"name\":\"Den lille garnfabrikken\",\"description\":\"\",\"publisher\":{\"@id\":\"https:\/\/denlillegarnfabrikken.no\/#organization\"},\"potentialAction\":[{\"@type\":\"SearchAction\",\"target\":{\"@type\":\"EntryPoint\",\"urlTemplate\":\"https:\/\/denlillegarnfabrikken.no\/?s={search_term_string}\"},\"query-input\":\"required name=search_term_string\"}],\"inLanguage\":\"nb-NO\"},{\"@type\":\"Organization\",\"@id\":\"https:\/\/denlillegarnfabrikken.no\/#organization\",\"name\":\"Den lille garnfabrikken\",\"url\":\"https:\/\/denlillegarnfabrikken.no\/\",\"logo\":{\"@type\":\"ImageObject\",\"inLanguage\":\"nb-NO\",\"@id\":\"https:\/\/denlillegarnfabrikken.no\/#\/schema\/logo\/image\/\",\"url\":\"https:\/\/denlillegarnfabrikken.no\/wp-content\/uploads\/2023\/10\/cropped-logotest.jpg\",\"contentUrl\":\"https:\/\/denlillegarnfabrikken.no\/wp-content\/uploads\/2023\/10\/cropped-logotest.jpg\",\"width\":500,\"height\":500,\"caption\":\"Den lille garnfabrikken\"},\"image\":{\"@id\":\"https:\/\/denlillegarnfabrikken.no\/#\/schema\/logo\/image\/\"}}]}<\/script>\n<!-- \/ Yoast SEO plugin. -->","yoast_head_json":{"title":"Torquay strukturgenser DLG 23-003 - Den lille garnfabrikken","robots":{"index":"index","follow":"follow","max-snippet":"max-snippet:-1","max-image-preview":"max-image-preview:large","max-video-preview":"max-video-preview:-1"},"canonical":"http:\/\/denlillegarnfabrikken.no\/?product=torquay-strukturgenser-dlg-23-003","og_locale":"nb_NO","og_type":"article","og_title":"Torquay strukturgenser DLG 23-003 - Den lille garnfabrikken","og_description":"TORQUAY STRIKKEGENSER MED HULLM\u00d8NSTER \u2013 strikkes nedenfra og opp med rundfelling St\u00f8rrelser:\u00a02XS (XS) S (M) L (XL) 2XL (3XL) Overvidde:\u00a076 (87) 98 (109) 120 (131) 142 (152) cm Hel lengde:\u00a0Ca. [&hellip;]","og_url":"http:\/\/denlillegarnfabrikken.no\/?product=torquay-strukturgenser-dlg-23-003","og_site_name":"Den lille garnfabrikken","og_image":[{"width":1000,"height":1000,"url":"http:\/\/denlillegarnfabrikken.no\/wp-content\/uploads\/2023\/11\/DLG-23-003-Torquay-strukturgenser-103.jpg","type":"image\/jpeg"}],"twitter_card":"summary_large_image","twitter_misc":{"Ansl. lesetid":"1 minutt"},"schema":{"@context":"https:\/\/schema.org","@graph":[{"@type":"WebPage","@id":"http:\/\/denlillegarnfabrikken.no\/?product=torquay-strukturgenser-dlg-23-003","url":"http:\/\/denlillegarnfabrikken.no\/?product=torquay-strukturgenser-dlg-23-003","name":"Torquay strukturgenser DLG 23-003 - Den lille garnfabrikken","isPartOf":{"@id":"https:\/\/denlillegarnfabrikken.no\/#website"},"datePublished":"2023-11-24T13:15:47+00:00","dateModified":"2023-11-24T13:15:47+00:00","breadcrumb":{"@id":"http:\/\/denlillegarnfabrikken.no\/?product=torquay-strukturgenser-dlg-23-003#breadcrumb"},"inLanguage":"nb-NO","potentialAction":[{"@type":"ReadAction","target":["http:\/\/denlillegarnfabrikken.no\/?product=torquay-strukturgenser-dlg-23-003"]}]},{"@type":"BreadcrumbList","@id":"http:\/\/denlillegarnfabrikken.no\/?product=torquay-strukturgenser-dlg-23-003#breadcrumb","itemListElement":[{"@type":"ListItem","position":1,"name":"Home","item":"https:\/\/denlillegarnfabrikken.no\/"},{"@type":"ListItem","position":2,"name":"Butikk","item":"https:\/\/denlillegarnfabrikken.no\/?page_id=7"},{"@type":"ListItem","position":3,"name":"Torquay strukturgenser DLG 23-003"}]},{"@type":"WebSite","@id":"https:\/\/denlillegarnfabrikken.no\/#website","url":"https:\/\/denlillegarnfabrikken.no\/","name":"Den lille garnfabrikken","description":"","publisher":{"@id":"https:\/\/denlillegarnfabrikken.no\/#organization"},"potentialAction":[{"@type":"SearchAction","target":{"@type":"EntryPoint","urlTemplate":"https:\/\/denlillegarnfabrikken.no\/?s={search_term_string}"},"query-input":"required name=search_term_string"}],"inLanguage":"nb-NO"},{"@type":"Organization","@id":"https:\/\/denlillegarnfabrikken.no\/#organization","name":"Den lille garnfabrikken","url":"https:\/\/denlillegarnfabrikken.no\/","logo":{"@type":"ImageObject","inLanguage":"nb-NO","@id":"https:\/\/denlillegarnfabrikken.no\/#\/schema\/logo\/image\/","url":"https:\/\/denlillegarnfabrikken.no\/wp-content\/uploads\/2023\/10\/cropped-logotest.jpg","contentUrl":"https:\/\/denlillegarnfabrikken.no\/wp-content\/uploads\/2023\/10\/cropped-logotest.jpg","width":500,"height":500,"caption":"Den lille garnfabrikken"},"image":{"@id":"https:\/\/denlillegarnfabrikken.no\/#\/schema\/logo\/image\/"}}]}},"_links":{"self":[{"href":"https:\/\/denlillegarnfabrikken.no\/index.php?rest_route=\/wp\/v2\/product\/62","targetHints":{"allow":["GET"]}}],"collection":[{"href":"https:\/\/denlillegarnfabrikken.no\/index.php?rest_route=\/wp\/v2\/product"}],"about":[{"href":"https:\/\/denlillegarnfabrikken.no\/index.php?rest_route=\/wp\/v2\/types\/product"}],"replies":[{"embeddable":true,"href":"https:\/\/denlillegarnfabrikken.no\/index.php?rest_route=%2Fwp%2Fv2%2Fcomments&post=62"}],"wp:featuredmedia":[{"embeddable":true,"href":"https:\/\/denlillegarnfabrikken.no\/index.php?rest_route=\/wp\/v2\/media\/63"}],"wp:attachment":[{"href":"https:\/\/denlillegarnfabrikken.no\/index.php?rest_route=%2Fwp%2Fv2%2Fmedia&parent=62"}],"wp:term":[{"taxonomy":"product_cat","embeddable":true,"href":"https:\/\/denlillegarnfabrikken.no\/index.php?rest_route=%2Fwp%2Fv2%2Fproduct_cat&post=62"},{"taxonomy":"product_tag","embeddable":true,"href":"https:\/\/denlillegarnfabrikken.no\/index.php?rest_route=%2Fwp%2Fv2%2Fproduct_tag&post=62"}],"curies":[{"name":"wp","href":"https:\/\/api.w.org\/{rel}","templated":true}]}}