{"id":74,"date":"2023-11-24T13:34:37","date_gmt":"2023-11-24T13:34:37","guid":{"rendered":"https:\/\/denlillegarnfabrikken.no\/?post_type=product&#038;p=74"},"modified":"2023-11-24T13:34:37","modified_gmt":"2023-11-24T13:34:37","slug":"nordic-patterns-sweater-dlg-23-009","status":"publish","type":"product","link":"https:\/\/denlillegarnfabrikken.no\/?product=nordic-patterns-sweater-dlg-23-009","title":{"rendered":"Nordic patterns sweater DLG 23-009"},"content":{"rendered":"","protected":false},"excerpt":{"rendered":"<p><strong>St\u00f8rrelser<\/strong><br \/>\n2XS (XS) S (M) L (XL) 2XL (3XL)<\/p>\n<p><strong>Plaggets m\u00e5l<\/strong><br \/>\nOvervidde: 82 (90) 98 (106) 123 (131) 139 (147) cm.<br \/>\nHel lengde: Ca. 61 (61)) 61 (61) 64 (64) 64 (64) cm.<br \/>\nErmelengde: 45 (45) 45 (45) 48 (48) 48 (48) cm.<\/p>\n<p><strong>Strikkefasthet<\/strong><br \/>\n22 m glattstrikk p\u00e5 pinne nr. 4 = 10 cm.<\/p>\n<p>Anbefalte pinner<br \/>\nRundpinne 80 cm nr. 3 \u00bd og 4.<br \/>\nRundpinne 40 cm nr. 3 \u00bd og 4.<br \/>\nStr\u00f8mpepinner nr. 3 \u00bd.<\/p>\n<p><strong>Garn<\/strong><br \/>\nSportsull fra Den Lille Garnfabrikken 100 % ren ny superwashull 50 g = 100 m.<\/p>\n<p><strong>Garnmengde<\/strong><br \/>\nBunnfarge: Naturhvit nr. 3402<br \/>\n5 (6) 6 (7) 7 (8) 8 (9) n\u00f8ster.<br \/>\nM\u00f8nsterfarge: M\u00f8rk demin nr. 3440<br \/>\n3 (4) 4 (4) 5 (5) 5 (5) 5 n\u00f8ster.<\/p>\n","protected":false},"featured_media":75,"comment_status":"open","ping_status":"closed","template":"","meta":[],"product_cat":[17],"product_tag":[42],"class_list":{"0":"post-74","1":"product","2":"type-product","3":"status-publish","4":"has-post-thumbnail","6":"product_cat-gensere","7":"product_tag-nordic-patterns","9":"first","10":"instock","11":"shipping-taxable","12":"product-type-external"},"yoast_head":"<!-- This site is optimized with the Yoast SEO plugin v21.3 - https:\/\/yoast.com\/wordpress\/plugins\/seo\/ -->\n<title>Nordic patterns sweater DLG 23-009 - Den lille garnfabrikken<\/title>\n<meta name=\"robots\" content=\"index, follow, max-snippet:-1, max-image-preview:large, max-video-preview:-1\" \/>\n<link rel=\"canonical\" href=\"https:\/\/denlillegarnfabrikken.no\/?product=nordic-patterns-sweater-dlg-23-009\" \/>\n<meta property=\"og:locale\" content=\"nb_NO\" \/>\n<meta property=\"og:type\" content=\"article\" \/>\n<meta property=\"og:title\" content=\"Nordic patterns sweater DLG 23-009 - Den lille garnfabrikken\" \/>\n<meta property=\"og:description\" content=\"St\u00f8rrelser 2XS (XS) S (M) L (XL) 2XL (3XL)  Plaggets m\u00e5l Overvidde: 82 (90) 98 (106) 123 (131) 139 (147) cm. Hel lengde: Ca. 61 (61)) 61 (61) 64 (64) 64 (64) cm. Ermelengde: 45 (45) 45 (45) 48 (48) 48 (48) cm.  Strikkefasthet 22 m glattstrikk p\u00e5 pinne nr. 4 = 10 cm.  Anbefalte pinner Rundpinne 80 cm nr. 3 \u00bd og 4. Rundpinne 40 cm nr. 3 \u00bd og 4. Str\u00f8mpepinner nr. 3 \u00bd.  Garn Sportsull fra Den Lille Garnfabrikken 100 % ren ny superwashull 50 g = 100 m.  Garnmengde Bunnfarge: Naturhvit nr. 3402 5 (6) 6 (7) 7 (8) 8 (9) n\u00f8ster. M\u00f8nsterfarge: M\u00f8rk demin nr. 3440 3 (4) 4 (4) 5 (5) 5 (5) 5 n\u00f8ster.\" \/>\n<meta property=\"og:url\" content=\"https:\/\/denlillegarnfabrikken.no\/?product=nordic-patterns-sweater-dlg-23-009\" \/>\n<meta property=\"og:site_name\" content=\"Den lille garnfabrikken\" \/>\n<meta property=\"og:image\" content=\"https:\/\/denlillegarnfabrikken.no\/wp-content\/uploads\/2023\/11\/DLG-23-009-Nordic-patterns-sweater-103.jpg\" \/>\n\t<meta property=\"og:image:width\" content=\"1000\" \/>\n\t<meta property=\"og:image:height\" content=\"1000\" \/>\n\t<meta property=\"og:image:type\" content=\"image\/jpeg\" \/>\n<meta name=\"twitter:card\" content=\"summary_large_image\" \/>\n<script type=\"application\/ld+json\" class=\"yoast-schema-graph\">{\"@context\":\"https:\/\/schema.org\",\"@graph\":[{\"@type\":\"WebPage\",\"@id\":\"https:\/\/denlillegarnfabrikken.no\/?product=nordic-patterns-sweater-dlg-23-009\",\"url\":\"https:\/\/denlillegarnfabrikken.no\/?product=nordic-patterns-sweater-dlg-23-009\",\"name\":\"Nordic patterns sweater DLG 23-009 - Den lille garnfabrikken\",\"isPartOf\":{\"@id\":\"https:\/\/denlillegarnfabrikken.no\/#website\"},\"datePublished\":\"2023-11-24T13:34:37+00:00\",\"dateModified\":\"2023-11-24T13:34:37+00:00\",\"breadcrumb\":{\"@id\":\"https:\/\/denlillegarnfabrikken.no\/?product=nordic-patterns-sweater-dlg-23-009#breadcrumb\"},\"inLanguage\":\"nb-NO\",\"potentialAction\":[{\"@type\":\"ReadAction\",\"target\":[\"https:\/\/denlillegarnfabrikken.no\/?product=nordic-patterns-sweater-dlg-23-009\"]}]},{\"@type\":\"BreadcrumbList\",\"@id\":\"https:\/\/denlillegarnfabrikken.no\/?product=nordic-patterns-sweater-dlg-23-009#breadcrumb\",\"itemListElement\":[{\"@type\":\"ListItem\",\"position\":1,\"name\":\"Home\",\"item\":\"https:\/\/denlillegarnfabrikken.no\/\"},{\"@type\":\"ListItem\",\"position\":2,\"name\":\"Butikk\",\"item\":\"https:\/\/denlillegarnfabrikken.no\/?page_id=7\"},{\"@type\":\"ListItem\",\"position\":3,\"name\":\"Nordic patterns sweater DLG 23-009\"}]},{\"@type\":\"WebSite\",\"@id\":\"https:\/\/denlillegarnfabrikken.no\/#website\",\"url\":\"https:\/\/denlillegarnfabrikken.no\/\",\"name\":\"Den lille garnfabrikken\",\"description\":\"\",\"publisher\":{\"@id\":\"https:\/\/denlillegarnfabrikken.no\/#organization\"},\"potentialAction\":[{\"@type\":\"SearchAction\",\"target\":{\"@type\":\"EntryPoint\",\"urlTemplate\":\"https:\/\/denlillegarnfabrikken.no\/?s={search_term_string}\"},\"query-input\":\"required name=search_term_string\"}],\"inLanguage\":\"nb-NO\"},{\"@type\":\"Organization\",\"@id\":\"https:\/\/denlillegarnfabrikken.no\/#organization\",\"name\":\"Den lille garnfabrikken\",\"url\":\"https:\/\/denlillegarnfabrikken.no\/\",\"logo\":{\"@type\":\"ImageObject\",\"inLanguage\":\"nb-NO\",\"@id\":\"https:\/\/denlillegarnfabrikken.no\/#\/schema\/logo\/image\/\",\"url\":\"https:\/\/denlillegarnfabrikken.no\/wp-content\/uploads\/2023\/10\/cropped-logotest.jpg\",\"contentUrl\":\"https:\/\/denlillegarnfabrikken.no\/wp-content\/uploads\/2023\/10\/cropped-logotest.jpg\",\"width\":500,\"height\":500,\"caption\":\"Den lille garnfabrikken\"},\"image\":{\"@id\":\"https:\/\/denlillegarnfabrikken.no\/#\/schema\/logo\/image\/\"}}]}<\/script>\n<!-- \/ Yoast SEO plugin. -->","yoast_head_json":{"title":"Nordic patterns sweater DLG 23-009 - Den lille garnfabrikken","robots":{"index":"index","follow":"follow","max-snippet":"max-snippet:-1","max-image-preview":"max-image-preview:large","max-video-preview":"max-video-preview:-1"},"canonical":"https:\/\/denlillegarnfabrikken.no\/?product=nordic-patterns-sweater-dlg-23-009","og_locale":"nb_NO","og_type":"article","og_title":"Nordic patterns sweater DLG 23-009 - Den lille garnfabrikken","og_description":"St\u00f8rrelser 2XS (XS) S (M) L (XL) 2XL (3XL)  Plaggets m\u00e5l Overvidde: 82 (90) 98 (106) 123 (131) 139 (147) cm. Hel lengde: Ca. 61 (61)) 61 (61) 64 (64) 64 (64) cm. Ermelengde: 45 (45) 45 (45) 48 (48) 48 (48) cm.  Strikkefasthet 22 m glattstrikk p\u00e5 pinne nr. 4 = 10 cm.  Anbefalte pinner Rundpinne 80 cm nr. 3 \u00bd og 4. Rundpinne 40 cm nr. 3 \u00bd og 4. Str\u00f8mpepinner nr. 3 \u00bd.  Garn Sportsull fra Den Lille Garnfabrikken 100 % ren ny superwashull 50 g = 100 m.  Garnmengde Bunnfarge: Naturhvit nr. 3402 5 (6) 6 (7) 7 (8) 8 (9) n\u00f8ster. M\u00f8nsterfarge: M\u00f8rk demin nr. 3440 3 (4) 4 (4) 5 (5) 5 (5) 5 n\u00f8ster.","og_url":"https:\/\/denlillegarnfabrikken.no\/?product=nordic-patterns-sweater-dlg-23-009","og_site_name":"Den lille garnfabrikken","og_image":[{"width":1000,"height":1000,"url":"https:\/\/denlillegarnfabrikken.no\/wp-content\/uploads\/2023\/11\/DLG-23-009-Nordic-patterns-sweater-103.jpg","type":"image\/jpeg"}],"twitter_card":"summary_large_image","schema":{"@context":"https:\/\/schema.org","@graph":[{"@type":"WebPage","@id":"https:\/\/denlillegarnfabrikken.no\/?product=nordic-patterns-sweater-dlg-23-009","url":"https:\/\/denlillegarnfabrikken.no\/?product=nordic-patterns-sweater-dlg-23-009","name":"Nordic patterns sweater DLG 23-009 - Den lille garnfabrikken","isPartOf":{"@id":"https:\/\/denlillegarnfabrikken.no\/#website"},"datePublished":"2023-11-24T13:34:37+00:00","dateModified":"2023-11-24T13:34:37+00:00","breadcrumb":{"@id":"https:\/\/denlillegarnfabrikken.no\/?product=nordic-patterns-sweater-dlg-23-009#breadcrumb"},"inLanguage":"nb-NO","potentialAction":[{"@type":"ReadAction","target":["https:\/\/denlillegarnfabrikken.no\/?product=nordic-patterns-sweater-dlg-23-009"]}]},{"@type":"BreadcrumbList","@id":"https:\/\/denlillegarnfabrikken.no\/?product=nordic-patterns-sweater-dlg-23-009#breadcrumb","itemListElement":[{"@type":"ListItem","position":1,"name":"Home","item":"https:\/\/denlillegarnfabrikken.no\/"},{"@type":"ListItem","position":2,"name":"Butikk","item":"https:\/\/denlillegarnfabrikken.no\/?page_id=7"},{"@type":"ListItem","position":3,"name":"Nordic patterns sweater DLG 23-009"}]},{"@type":"WebSite","@id":"https:\/\/denlillegarnfabrikken.no\/#website","url":"https:\/\/denlillegarnfabrikken.no\/","name":"Den lille garnfabrikken","description":"","publisher":{"@id":"https:\/\/denlillegarnfabrikken.no\/#organization"},"potentialAction":[{"@type":"SearchAction","target":{"@type":"EntryPoint","urlTemplate":"https:\/\/denlillegarnfabrikken.no\/?s={search_term_string}"},"query-input":"required name=search_term_string"}],"inLanguage":"nb-NO"},{"@type":"Organization","@id":"https:\/\/denlillegarnfabrikken.no\/#organization","name":"Den lille garnfabrikken","url":"https:\/\/denlillegarnfabrikken.no\/","logo":{"@type":"ImageObject","inLanguage":"nb-NO","@id":"https:\/\/denlillegarnfabrikken.no\/#\/schema\/logo\/image\/","url":"https:\/\/denlillegarnfabrikken.no\/wp-content\/uploads\/2023\/10\/cropped-logotest.jpg","contentUrl":"https:\/\/denlillegarnfabrikken.no\/wp-content\/uploads\/2023\/10\/cropped-logotest.jpg","width":500,"height":500,"caption":"Den lille garnfabrikken"},"image":{"@id":"https:\/\/denlillegarnfabrikken.no\/#\/schema\/logo\/image\/"}}]}},"_links":{"self":[{"href":"https:\/\/denlillegarnfabrikken.no\/index.php?rest_route=\/wp\/v2\/product\/74","targetHints":{"allow":["GET"]}}],"collection":[{"href":"https:\/\/denlillegarnfabrikken.no\/index.php?rest_route=\/wp\/v2\/product"}],"about":[{"href":"https:\/\/denlillegarnfabrikken.no\/index.php?rest_route=\/wp\/v2\/types\/product"}],"replies":[{"embeddable":true,"href":"https:\/\/denlillegarnfabrikken.no\/index.php?rest_route=%2Fwp%2Fv2%2Fcomments&post=74"}],"wp:featuredmedia":[{"embeddable":true,"href":"https:\/\/denlillegarnfabrikken.no\/index.php?rest_route=\/wp\/v2\/media\/75"}],"wp:attachment":[{"href":"https:\/\/denlillegarnfabrikken.no\/index.php?rest_route=%2Fwp%2Fv2%2Fmedia&parent=74"}],"wp:term":[{"taxonomy":"product_cat","embeddable":true,"href":"https:\/\/denlillegarnfabrikken.no\/index.php?rest_route=%2Fwp%2Fv2%2Fproduct_cat&post=74"},{"taxonomy":"product_tag","embeddable":true,"href":"https:\/\/denlillegarnfabrikken.no\/index.php?rest_route=%2Fwp%2Fv2%2Fproduct_tag&post=74"}],"curies":[{"name":"wp","href":"https:\/\/api.w.org\/{rel}","templated":true}]}}