{"id":82,"date":"2023-11-24T14:28:45","date_gmt":"2023-11-24T14:28:45","guid":{"rendered":"https:\/\/denlillegarnfabrikken.no\/?post_type=product&#038;p=82"},"modified":"2023-11-24T14:28:46","modified_gmt":"2023-11-24T14:28:46","slug":"batkosgenseren-dlg-23-013","status":"publish","type":"product","link":"https:\/\/denlillegarnfabrikken.no\/?product=batkosgenseren-dlg-23-013","title":{"rendered":"B\u00e5tkosgenseren DLG 23-013"},"content":{"rendered":"<p>\u00abB\u00e5tkos\u00bb genser, strikkes nedenfra og opp med rundfelling<\/p>\n<p><strong>St\u00f8rrelser<\/strong><br \/>\nXXS (XS) S (M) L (XL) 2XL (3XL)<\/p>\n<p><strong>Plaggets m\u00e5l<\/strong><br \/>\nOvervidde: 80 (91) 95 (105) 114 (123) 131 (135) cm.<br \/>\nHel lengde: Ca. 56 (58) 61 (62) 64 (66) 68 (70) cm.<br \/>\nErmelengde: 45 (46) 47 (48) 49 (49) 50 (50) cm, eller \u00f8nsket lengde.<\/p>\n<p><strong>Strikkefasthet<\/strong><br \/>\n22 m glattstrikk p\u00e5 pinne nr. 4 = 10 cm.<\/p>\n<p><strong>Anbefalte pinner<\/strong><br \/>\nRundpinne 80 cm nr. 3 \u00bd og 4.<br \/>\nRundpinne 40 cm nr. 3 \u00bd og 4.<br \/>\nStr\u00f8mpepinner nr. 3 \u00bd.<\/p>\n<p><strong>Garn<\/strong><br \/>\nAlpaca Storm fra Viking Garn,<br \/>\n40 % superfine alpakka, 40 % fin merinoull, 20 % nylon. 50 g = 133 m.<\/p>\n<p><strong>Garnmengde<\/strong><br \/>\nBunnfarge: M\u00f8rk bl\u00e5 nr. 525: 8 (8) 9 (9) 10 (11) 11 (12) n\u00f8ster.<br \/>\nFg 1: Hvit nr. 500: 1 (1) 2 (2) 2 (2) 2 (3) 3 n\u00f8ster.<br \/>\nFg 2: Lys bl\u00e5 nr. 520: 1 n\u00f8ste i alle str.<\/p>\n","protected":false},"excerpt":{"rendered":"<p><a href=\"https:\/\/www.strikkia.no\/strikkeoppskrifter-med-garn\/gensere\/b\/batkos.html\">B\u00e5tkosgenseren<\/a>\u00a0&#8211; genseren for alle som liker \u00e5 kose seg i b\u00e5ten!!<\/p>\n<p>Genseren strikkes nedenfra og opp, med rundfelling. Garnet vi bruker i denne strikkepakken er Alpaca Storm fra Viking Garn. Dette garnet er en blanding av 40% Superfine Alpakka, 40% fin Merino ull, 20% Nylon, og genseren din vil bli ekstra myk og lett med dette garnet.<\/p>\n","protected":false},"featured_media":83,"comment_status":"open","ping_status":"closed","template":"","meta":[],"product_cat":[17],"product_tag":[47],"class_list":{"0":"post-82","1":"product","2":"type-product","3":"status-publish","4":"has-post-thumbnail","6":"product_cat-gensere","7":"product_tag-batkos","9":"first","10":"instock","11":"shipping-taxable","12":"product-type-external"},"yoast_head":"<!-- This site is optimized with the Yoast SEO plugin v21.3 - https:\/\/yoast.com\/wordpress\/plugins\/seo\/ -->\n<title>B\u00e5tkosgenseren DLG 23-013 - Den lille garnfabrikken<\/title>\n<meta name=\"robots\" content=\"index, follow, max-snippet:-1, max-image-preview:large, max-video-preview:-1\" \/>\n<link rel=\"canonical\" href=\"https:\/\/denlillegarnfabrikken.no\/?product=batkosgenseren-dlg-23-013\" \/>\n<meta property=\"og:locale\" content=\"nb_NO\" \/>\n<meta property=\"og:type\" content=\"article\" \/>\n<meta property=\"og:title\" content=\"B\u00e5tkosgenseren DLG 23-013 - Den lille garnfabrikken\" \/>\n<meta property=\"og:description\" content=\"B\u00e5tkosgenseren\u00a0- genseren for alle som liker \u00e5 kose seg i b\u00e5ten!!  Genseren strikkes nedenfra og opp, med rundfelling. Garnet vi bruker i denne strikkepakken er Alpaca Storm fra Viking Garn. Dette garnet er en blanding av 40% Superfine Alpakka, 40% fin Merino ull, 20% Nylon, og genseren din vil bli ekstra myk og lett med dette garnet.\" \/>\n<meta property=\"og:url\" content=\"https:\/\/denlillegarnfabrikken.no\/?product=batkosgenseren-dlg-23-013\" \/>\n<meta property=\"og:site_name\" content=\"Den lille garnfabrikken\" \/>\n<meta property=\"article:modified_time\" content=\"2023-11-24T14:28:46+00:00\" \/>\n<meta property=\"og:image\" content=\"https:\/\/denlillegarnfabrikken.no\/wp-content\/uploads\/2023\/11\/DLG-23-013-Baatkosgenseren-103.jpg\" \/>\n\t<meta property=\"og:image:width\" content=\"1000\" \/>\n\t<meta property=\"og:image:height\" content=\"1000\" \/>\n\t<meta property=\"og:image:type\" content=\"image\/jpeg\" \/>\n<meta name=\"twitter:card\" content=\"summary_large_image\" \/>\n<meta name=\"twitter:label1\" content=\"Ansl. lesetid\" \/>\n\t<meta name=\"twitter:data1\" content=\"1 minutt\" \/>\n<script type=\"application\/ld+json\" class=\"yoast-schema-graph\">{\"@context\":\"https:\/\/schema.org\",\"@graph\":[{\"@type\":\"WebPage\",\"@id\":\"https:\/\/denlillegarnfabrikken.no\/?product=batkosgenseren-dlg-23-013\",\"url\":\"https:\/\/denlillegarnfabrikken.no\/?product=batkosgenseren-dlg-23-013\",\"name\":\"B\u00e5tkosgenseren DLG 23-013 - Den lille garnfabrikken\",\"isPartOf\":{\"@id\":\"https:\/\/denlillegarnfabrikken.no\/#website\"},\"datePublished\":\"2023-11-24T14:28:45+00:00\",\"dateModified\":\"2023-11-24T14:28:46+00:00\",\"breadcrumb\":{\"@id\":\"https:\/\/denlillegarnfabrikken.no\/?product=batkosgenseren-dlg-23-013#breadcrumb\"},\"inLanguage\":\"nb-NO\",\"potentialAction\":[{\"@type\":\"ReadAction\",\"target\":[\"https:\/\/denlillegarnfabrikken.no\/?product=batkosgenseren-dlg-23-013\"]}]},{\"@type\":\"BreadcrumbList\",\"@id\":\"https:\/\/denlillegarnfabrikken.no\/?product=batkosgenseren-dlg-23-013#breadcrumb\",\"itemListElement\":[{\"@type\":\"ListItem\",\"position\":1,\"name\":\"Home\",\"item\":\"https:\/\/denlillegarnfabrikken.no\/\"},{\"@type\":\"ListItem\",\"position\":2,\"name\":\"Butikk\",\"item\":\"https:\/\/denlillegarnfabrikken.no\/?page_id=7\"},{\"@type\":\"ListItem\",\"position\":3,\"name\":\"B\u00e5tkosgenseren DLG 23-013\"}]},{\"@type\":\"WebSite\",\"@id\":\"https:\/\/denlillegarnfabrikken.no\/#website\",\"url\":\"https:\/\/denlillegarnfabrikken.no\/\",\"name\":\"Den lille garnfabrikken\",\"description\":\"\",\"publisher\":{\"@id\":\"https:\/\/denlillegarnfabrikken.no\/#organization\"},\"potentialAction\":[{\"@type\":\"SearchAction\",\"target\":{\"@type\":\"EntryPoint\",\"urlTemplate\":\"https:\/\/denlillegarnfabrikken.no\/?s={search_term_string}\"},\"query-input\":\"required name=search_term_string\"}],\"inLanguage\":\"nb-NO\"},{\"@type\":\"Organization\",\"@id\":\"https:\/\/denlillegarnfabrikken.no\/#organization\",\"name\":\"Den lille garnfabrikken\",\"url\":\"https:\/\/denlillegarnfabrikken.no\/\",\"logo\":{\"@type\":\"ImageObject\",\"inLanguage\":\"nb-NO\",\"@id\":\"https:\/\/denlillegarnfabrikken.no\/#\/schema\/logo\/image\/\",\"url\":\"https:\/\/denlillegarnfabrikken.no\/wp-content\/uploads\/2023\/10\/cropped-logotest.jpg\",\"contentUrl\":\"https:\/\/denlillegarnfabrikken.no\/wp-content\/uploads\/2023\/10\/cropped-logotest.jpg\",\"width\":500,\"height\":500,\"caption\":\"Den lille garnfabrikken\"},\"image\":{\"@id\":\"https:\/\/denlillegarnfabrikken.no\/#\/schema\/logo\/image\/\"}}]}<\/script>\n<!-- \/ Yoast SEO plugin. -->","yoast_head_json":{"title":"B\u00e5tkosgenseren DLG 23-013 - Den lille garnfabrikken","robots":{"index":"index","follow":"follow","max-snippet":"max-snippet:-1","max-image-preview":"max-image-preview:large","max-video-preview":"max-video-preview:-1"},"canonical":"https:\/\/denlillegarnfabrikken.no\/?product=batkosgenseren-dlg-23-013","og_locale":"nb_NO","og_type":"article","og_title":"B\u00e5tkosgenseren DLG 23-013 - Den lille garnfabrikken","og_description":"B\u00e5tkosgenseren\u00a0- genseren for alle som liker \u00e5 kose seg i b\u00e5ten!!  Genseren strikkes nedenfra og opp, med rundfelling. Garnet vi bruker i denne strikkepakken er Alpaca Storm fra Viking Garn. Dette garnet er en blanding av 40% Superfine Alpakka, 40% fin Merino ull, 20% Nylon, og genseren din vil bli ekstra myk og lett med dette garnet.","og_url":"https:\/\/denlillegarnfabrikken.no\/?product=batkosgenseren-dlg-23-013","og_site_name":"Den lille garnfabrikken","article_modified_time":"2023-11-24T14:28:46+00:00","og_image":[{"width":1000,"height":1000,"url":"https:\/\/denlillegarnfabrikken.no\/wp-content\/uploads\/2023\/11\/DLG-23-013-Baatkosgenseren-103.jpg","type":"image\/jpeg"}],"twitter_card":"summary_large_image","twitter_misc":{"Ansl. lesetid":"1 minutt"},"schema":{"@context":"https:\/\/schema.org","@graph":[{"@type":"WebPage","@id":"https:\/\/denlillegarnfabrikken.no\/?product=batkosgenseren-dlg-23-013","url":"https:\/\/denlillegarnfabrikken.no\/?product=batkosgenseren-dlg-23-013","name":"B\u00e5tkosgenseren DLG 23-013 - Den lille garnfabrikken","isPartOf":{"@id":"https:\/\/denlillegarnfabrikken.no\/#website"},"datePublished":"2023-11-24T14:28:45+00:00","dateModified":"2023-11-24T14:28:46+00:00","breadcrumb":{"@id":"https:\/\/denlillegarnfabrikken.no\/?product=batkosgenseren-dlg-23-013#breadcrumb"},"inLanguage":"nb-NO","potentialAction":[{"@type":"ReadAction","target":["https:\/\/denlillegarnfabrikken.no\/?product=batkosgenseren-dlg-23-013"]}]},{"@type":"BreadcrumbList","@id":"https:\/\/denlillegarnfabrikken.no\/?product=batkosgenseren-dlg-23-013#breadcrumb","itemListElement":[{"@type":"ListItem","position":1,"name":"Home","item":"https:\/\/denlillegarnfabrikken.no\/"},{"@type":"ListItem","position":2,"name":"Butikk","item":"https:\/\/denlillegarnfabrikken.no\/?page_id=7"},{"@type":"ListItem","position":3,"name":"B\u00e5tkosgenseren DLG 23-013"}]},{"@type":"WebSite","@id":"https:\/\/denlillegarnfabrikken.no\/#website","url":"https:\/\/denlillegarnfabrikken.no\/","name":"Den lille garnfabrikken","description":"","publisher":{"@id":"https:\/\/denlillegarnfabrikken.no\/#organization"},"potentialAction":[{"@type":"SearchAction","target":{"@type":"EntryPoint","urlTemplate":"https:\/\/denlillegarnfabrikken.no\/?s={search_term_string}"},"query-input":"required name=search_term_string"}],"inLanguage":"nb-NO"},{"@type":"Organization","@id":"https:\/\/denlillegarnfabrikken.no\/#organization","name":"Den lille garnfabrikken","url":"https:\/\/denlillegarnfabrikken.no\/","logo":{"@type":"ImageObject","inLanguage":"nb-NO","@id":"https:\/\/denlillegarnfabrikken.no\/#\/schema\/logo\/image\/","url":"https:\/\/denlillegarnfabrikken.no\/wp-content\/uploads\/2023\/10\/cropped-logotest.jpg","contentUrl":"https:\/\/denlillegarnfabrikken.no\/wp-content\/uploads\/2023\/10\/cropped-logotest.jpg","width":500,"height":500,"caption":"Den lille garnfabrikken"},"image":{"@id":"https:\/\/denlillegarnfabrikken.no\/#\/schema\/logo\/image\/"}}]}},"_links":{"self":[{"href":"https:\/\/denlillegarnfabrikken.no\/index.php?rest_route=\/wp\/v2\/product\/82","targetHints":{"allow":["GET"]}}],"collection":[{"href":"https:\/\/denlillegarnfabrikken.no\/index.php?rest_route=\/wp\/v2\/product"}],"about":[{"href":"https:\/\/denlillegarnfabrikken.no\/index.php?rest_route=\/wp\/v2\/types\/product"}],"replies":[{"embeddable":true,"href":"https:\/\/denlillegarnfabrikken.no\/index.php?rest_route=%2Fwp%2Fv2%2Fcomments&post=82"}],"wp:featuredmedia":[{"embeddable":true,"href":"https:\/\/denlillegarnfabrikken.no\/index.php?rest_route=\/wp\/v2\/media\/83"}],"wp:attachment":[{"href":"https:\/\/denlillegarnfabrikken.no\/index.php?rest_route=%2Fwp%2Fv2%2Fmedia&parent=82"}],"wp:term":[{"taxonomy":"product_cat","embeddable":true,"href":"https:\/\/denlillegarnfabrikken.no\/index.php?rest_route=%2Fwp%2Fv2%2Fproduct_cat&post=82"},{"taxonomy":"product_tag","embeddable":true,"href":"https:\/\/denlillegarnfabrikken.no\/index.php?rest_route=%2Fwp%2Fv2%2Fproduct_tag&post=82"}],"curies":[{"name":"wp","href":"https:\/\/api.w.org\/{rel}","templated":true}]}}